{"id":480963,"date":"2025-05-31T22:54:01","date_gmt":"2025-05-31T20:54:01","guid":{"rendered":"https:\/\/lucacastelli.com\/prodotto\/stihl-service-kit-31\/"},"modified":"2025-08-06T16:36:42","modified_gmt":"2025-08-06T14:36:42","slug":"stihl-service-kit-31","status":"publish","type":"product","link":"https:\/\/lucacastelli.com\/de\/produkt\/stihl-service-kit-31\/","title":{"rendered":"STIHL Service-Kit 31"},"content":{"rendered":"<p>Mit den Wartungs-Kits f\u00fcr STIHL Benzin-Heckenscheren k\u00f6nnen Sie einfache Wartungsarbeiten selbst durchf\u00fchren. Jedes Kit enth\u00e4lt eine Z\u00fcndkerze, einen Kraftstofffilter und ein Luftfiltervlies. Mit einer regelm\u00e4\u00dfigen und vorausschauenden Standardwartung sch\u00fctzen Sie nicht nur die Komponenten und Ger\u00e4teteile vor Verschmutzung oder Besch\u00e4digung, sondern erh\u00f6hen gleichzeitig die Lebensdauer Ihrer Heckenschere. Au\u00dfer dem Kombi-Schl\u00fcssel, den Sie bereits mit Ihrer STIHL Heckenschere erhalten haben, ben\u00f6tigen Sie kein weiteres Werkzeug zur Wartung.   <\/p>\n<p>Geeignet f\u00fcr HT 133, BT 131, FR 131, FS 131, FS 311, KM 131 und f\u00fcr FS 131, FS 311, FR 131, HT 133, KM 131, BT 131<\/p>\n","protected":false},"excerpt":{"rendered":"<p>Service-Kit 31<\/p>\n","protected":false},"featured_media":423447,"template":"","meta":{"_seopress_robots_primary_cat":"none","_seopress_titles_title":"","_seopress_titles_desc":"","_seopress_robots_index":""},"product_brand":[3554],"product_cat":[169,1455],"product_tag":[3266],"class_list":{"0":"post-480963","1":"product","2":"type-product","3":"status-publish","4":"has-post-thumbnail","6":"product_brand-stihl-de","7":"product_cat-maschinen","8":"product_cat-zubehor-und-verbrauchsmaterial-de","9":"product_tag-import-stihl-de","10":"sws-gruppo-macchinari-de","11":"sws-conto-ricavi-merci-rivendita-macchinari-de","12":"sws-gruppo-iva-iva81-de","14":"first","15":"onbackorder","16":"purchasable","17":"product-type-simple"},"_links":{"self":[{"href":"https:\/\/lucacastelli.com\/de\/wp-json\/wp\/v2\/product\/480963","targetHints":{"allow":["GET"]}}],"collection":[{"href":"https:\/\/lucacastelli.com\/de\/wp-json\/wp\/v2\/product"}],"about":[{"href":"https:\/\/lucacastelli.com\/de\/wp-json\/wp\/v2\/types\/product"}],"wp:featuredmedia":[{"embeddable":true,"href":"https:\/\/lucacastelli.com\/de\/wp-json\/wp\/v2\/media\/423447"}],"wp:attachment":[{"href":"https:\/\/lucacastelli.com\/de\/wp-json\/wp\/v2\/media?parent=480963"}],"wp:term":[{"taxonomy":"product_brand","embeddable":true,"href":"https:\/\/lucacastelli.com\/de\/wp-json\/wp\/v2\/product_brand?post=480963"},{"taxonomy":"product_cat","embeddable":true,"href":"https:\/\/lucacastelli.com\/de\/wp-json\/wp\/v2\/product_cat?post=480963"},{"taxonomy":"product_tag","embeddable":true,"href":"https:\/\/lucacastelli.com\/de\/wp-json\/wp\/v2\/product_tag?post=480963"}],"curies":[{"name":"wp","href":"https:\/\/api.w.org\/{rel}","templated":true}]}}