{"id":480958,"date":"2025-05-31T22:54:16","date_gmt":"2025-05-31T20:54:16","guid":{"rendered":"https:\/\/lucacastelli.com\/prodotto\/stihl-service-kit-25\/"},"modified":"2025-05-31T22:54:16","modified_gmt":"2025-05-31T20:54:16","slug":"stihl-service-kit-25","status":"publish","type":"product","link":"https:\/\/lucacastelli.com\/de\/produkt\/stihl-service-kit-25\/","title":{"rendered":"STIHL Service-Kit 25"},"content":{"rendered":"<p>Mit STIHL Mixture Tool Service Sets k\u00f6nnen Sie eine einfache Wartung selbst durchf\u00fchren. Das Kit enth\u00e4lt eine Z\u00fcndkerze, einen Kraftstofffilter und einen Luftfilter aus Papier oder Vlies.  Neben dem Schutz der Ger\u00e4tekomponenten vor Verunreinigungen und Besch\u00e4digungen verl\u00e4ngert die proaktive und regelm\u00e4\u00dfige Standardwartung die Lebensdauer der motorisierten Ger\u00e4te im Laufe der Zeit. Abgesehen von dem Ring-Maulschl\u00fcssel, der bereits im Lieferumfang der STIHL Freischneider enthalten ist, werden f\u00fcr die Wartung keine weiteren Werkzeuge ben\u00f6tigt.<br \/>\n886661595471 <\/p>\n","protected":false},"excerpt":{"rendered":"<p>Service-Kit 25<\/p>\n","protected":false},"featured_media":423474,"template":"","meta":{"_seopress_robots_primary_cat":"","_seopress_titles_title":"","_seopress_titles_desc":"","_seopress_robots_index":""},"product_brand":[3554],"product_cat":[169,1455],"product_tag":[3266],"class_list":{"0":"post-480958","1":"product","2":"type-product","3":"status-publish","4":"has-post-thumbnail","6":"product_brand-stihl-de","7":"product_cat-maschinen","8":"product_cat-zubehor-und-verbrauchsmaterial-de","9":"product_tag-import-stihl-de","10":"sws-gruppo-macchinari-fr","11":"sws-conto-ricavi-merci-rivendita-macchinari-fr","12":"sws-gruppo-iva-iva81-fr","14":"first","15":"onbackorder","16":"purchasable","17":"product-type-simple"},"_links":{"self":[{"href":"https:\/\/lucacastelli.com\/de\/wp-json\/wp\/v2\/product\/480958","targetHints":{"allow":["GET"]}}],"collection":[{"href":"https:\/\/lucacastelli.com\/de\/wp-json\/wp\/v2\/product"}],"about":[{"href":"https:\/\/lucacastelli.com\/de\/wp-json\/wp\/v2\/types\/product"}],"wp:featuredmedia":[{"embeddable":true,"href":"https:\/\/lucacastelli.com\/de\/wp-json\/wp\/v2\/media\/423474"}],"wp:attachment":[{"href":"https:\/\/lucacastelli.com\/de\/wp-json\/wp\/v2\/media?parent=480958"}],"wp:term":[{"taxonomy":"product_brand","embeddable":true,"href":"https:\/\/lucacastelli.com\/de\/wp-json\/wp\/v2\/product_brand?post=480958"},{"taxonomy":"product_cat","embeddable":true,"href":"https:\/\/lucacastelli.com\/de\/wp-json\/wp\/v2\/product_cat?post=480958"},{"taxonomy":"product_tag","embeddable":true,"href":"https:\/\/lucacastelli.com\/de\/wp-json\/wp\/v2\/product_tag?post=480958"}],"curies":[{"name":"wp","href":"https:\/\/api.w.org\/{rel}","templated":true}]}}