{"id":480957,"date":"2025-05-31T22:53:53","date_gmt":"2025-05-31T20:53:53","guid":{"rendered":"https:\/\/lucacastelli.com\/prodotto\/stihl-service-kit-30\/"},"modified":"2025-08-06T16:36:34","modified_gmt":"2025-08-06T14:36:34","slug":"stihl-service-kit-30","status":"publish","type":"product","link":"https:\/\/lucacastelli.com\/de\/produkt\/stihl-service-kit-30\/","title":{"rendered":"STIHL Service-Kit 30"},"content":{"rendered":"<p>Mit Wartungs-Sets f\u00fcr STIHL Benzin-Freischneider k\u00f6nnen Sie einfache Wartungsarbeiten selbst durchf\u00fchren. Jedes Kit enth\u00e4lt eine Z\u00fcndkerze, einen Kraftstofffilter und einen Vlies- oder Papierluftfilter. Mit einer vorausschauenden und regelm\u00e4\u00dfigen Standardwartung sch\u00fctzen Sie nicht nur Komponenten und Ger\u00e4teteile vor Verschmutzung oder Besch\u00e4digung, sondern erh\u00f6hen gleichzeitig die Lebensdauer Ihres Freischneiders.  <\/p>\n<p>Verwendbar f\u00fcr HT 103, FS 89, FS 91, FS 111, KM 111 und f\u00fcr FS 89, FS 91, FS 111, HT 103, KM 91, KM 111<\/p>\n","protected":false},"excerpt":{"rendered":"<p>Service-Kit 30<\/p>\n","protected":false},"featured_media":423434,"template":"","meta":{"_seopress_robots_primary_cat":"none","_seopress_titles_title":"","_seopress_titles_desc":"","_seopress_robots_index":""},"product_brand":[3554],"product_cat":[169,1455],"product_tag":[3266],"class_list":{"0":"post-480957","1":"product","2":"type-product","3":"status-publish","4":"has-post-thumbnail","6":"product_brand-stihl-de","7":"product_cat-maschinen","8":"product_cat-zubehor-und-verbrauchsmaterial-de","9":"product_tag-import-stihl-de","10":"sws-gruppo-macchinari-de","11":"sws-conto-ricavi-merci-rivendita-macchinari-de","12":"sws-gruppo-iva-iva81-de","14":"first","15":"onbackorder","16":"purchasable","17":"product-type-simple"},"_links":{"self":[{"href":"https:\/\/lucacastelli.com\/de\/wp-json\/wp\/v2\/product\/480957","targetHints":{"allow":["GET"]}}],"collection":[{"href":"https:\/\/lucacastelli.com\/de\/wp-json\/wp\/v2\/product"}],"about":[{"href":"https:\/\/lucacastelli.com\/de\/wp-json\/wp\/v2\/types\/product"}],"wp:featuredmedia":[{"embeddable":true,"href":"https:\/\/lucacastelli.com\/de\/wp-json\/wp\/v2\/media\/423434"}],"wp:attachment":[{"href":"https:\/\/lucacastelli.com\/de\/wp-json\/wp\/v2\/media?parent=480957"}],"wp:term":[{"taxonomy":"product_brand","embeddable":true,"href":"https:\/\/lucacastelli.com\/de\/wp-json\/wp\/v2\/product_brand?post=480957"},{"taxonomy":"product_cat","embeddable":true,"href":"https:\/\/lucacastelli.com\/de\/wp-json\/wp\/v2\/product_cat?post=480957"},{"taxonomy":"product_tag","embeddable":true,"href":"https:\/\/lucacastelli.com\/de\/wp-json\/wp\/v2\/product_tag?post=480957"}],"curies":[{"name":"wp","href":"https:\/\/api.w.org\/{rel}","templated":true}]}}