{"id":480954,"date":"2025-05-31T22:53:02","date_gmt":"2025-05-31T20:53:02","guid":{"rendered":"https:\/\/lucacastelli.com\/prodotto\/stihl-service-kit-19\/"},"modified":"2025-07-05T09:51:50","modified_gmt":"2025-07-05T07:51:50","slug":"stihl-service-kit-19","status":"publish","type":"product","link":"https:\/\/lucacastelli.com\/de\/produkt\/stihl-service-kit-19\/","title":{"rendered":"STIHL Service Kit 19"},"content":{"rendered":"<p>Mit den STIHL Mixture Kettens\u00e4gen-Service-Kits k\u00f6nnen Sie eine einfache Wartung selbst durchf\u00fchren. Jedes Kit enth\u00e4lt eine Z\u00fcndkerze, einen Kraftstofffilter und einen Luftfilter aus Vliesstoff oder HD2. Neben dem Schutz der Maschinenkomponenten vor Verunreinigungen und Besch\u00e4digungen verl\u00e4ngert die proaktive und regelm\u00e4\u00dfige Standardwartung die Lebensdauer der Kettens\u00e4ge im Laufe der Zeit. Abgesehen vom Ringschl\u00fcssel, der bereits im Lieferumfang der STIHL Kettens\u00e4ge enthalten ist, werden f\u00fcr die Wartung keine weiteren Werkzeuge ben\u00f6tigt.<br \/>\n886661534838   <\/p>\n","protected":false},"excerpt":{"rendered":"<p>Service-Kit 19<\/p>\n","protected":false},"featured_media":423389,"template":"","meta":{"_seopress_robots_primary_cat":"","_seopress_titles_title":"","_seopress_titles_desc":"","_seopress_robots_index":""},"product_brand":[3366],"product_cat":[29,515],"product_tag":[3265],"class_list":{"0":"post-480954","1":"product","2":"type-product","3":"status-publish","4":"has-post-thumbnail","6":"product_brand-stihl","7":"product_cat-macchinari","8":"product_cat-accessori-e-materiale-di-consumo-altri-dispositivi","9":"product_tag-import-stihl","10":"sws-gruppo-macchinari-de","11":"sws-conto-ricavi-merci-rivendita-macchinari-de","12":"sws-gruppo-iva-iva81-de","14":"first","15":"onbackorder","16":"purchasable","17":"product-type-simple"},"_links":{"self":[{"href":"https:\/\/lucacastelli.com\/de\/wp-json\/wp\/v2\/product\/480954","targetHints":{"allow":["GET"]}}],"collection":[{"href":"https:\/\/lucacastelli.com\/de\/wp-json\/wp\/v2\/product"}],"about":[{"href":"https:\/\/lucacastelli.com\/de\/wp-json\/wp\/v2\/types\/product"}],"wp:featuredmedia":[{"embeddable":true,"href":"https:\/\/lucacastelli.com\/de\/wp-json\/wp\/v2\/media\/423389"}],"wp:attachment":[{"href":"https:\/\/lucacastelli.com\/de\/wp-json\/wp\/v2\/media?parent=480954"}],"wp:term":[{"taxonomy":"product_brand","embeddable":true,"href":"https:\/\/lucacastelli.com\/de\/wp-json\/wp\/v2\/product_brand?post=480954"},{"taxonomy":"product_cat","embeddable":true,"href":"https:\/\/lucacastelli.com\/de\/wp-json\/wp\/v2\/product_cat?post=480954"},{"taxonomy":"product_tag","embeddable":true,"href":"https:\/\/lucacastelli.com\/de\/wp-json\/wp\/v2\/product_tag?post=480954"}],"curies":[{"name":"wp","href":"https:\/\/api.w.org\/{rel}","templated":true}]}}