{"id":480951,"date":"2025-05-31T22:53:39","date_gmt":"2025-05-31T20:53:39","guid":{"rendered":"https:\/\/lucacastelli.com\/prodotto\/stihl-service-kit-26\/"},"modified":"2025-08-06T16:13:51","modified_gmt":"2025-08-06T14:13:51","slug":"stihl-service-kit-26","status":"publish","type":"product","link":"https:\/\/lucacastelli.com\/de\/produkt\/stihl-service-kit-26\/","title":{"rendered":"STIHL Service-Kit 26"},"content":{"rendered":"<p>Mit Wartungs-Sets f\u00fcr STIHL Benzin-Freischneider k\u00f6nnen Sie einfache Wartungsarbeiten selbst durchf\u00fchren. Jedes Kit enth\u00e4lt eine Z\u00fcndkerze, einen Kraftstofffilter und einen Vlies- oder Papierluftfilter. Mit einer vorausschauenden und regelm\u00e4\u00dfigen Standardwartung sch\u00fctzen Sie nicht nur Komponenten und Ger\u00e4teteile vor Verschmutzung oder Besch\u00e4digung, sondern erh\u00f6hen gleichzeitig die Lebensdauer Ihres Freischneiders.  <\/p>\n<p>Verwendung f\u00fcr FS 40, FS 50, FS 56, FS 70, KM 56<\/p>\n","protected":false},"excerpt":{"rendered":"<p>Service-Kit 26<\/p>\n","protected":false},"featured_media":423416,"template":"","meta":{"_seopress_robots_primary_cat":"none","_seopress_titles_title":"","_seopress_titles_desc":"","_seopress_robots_index":""},"product_brand":[3554],"product_cat":[169,1454,1455],"product_tag":[3266],"class_list":{"0":"post-480951","1":"product","2":"type-product","3":"status-publish","4":"has-post-thumbnail","6":"product_brand-stihl-de","7":"product_cat-maschinen","8":"product_cat-andere-gerate","9":"product_cat-zubehor-und-verbrauchsmaterial-de","10":"product_tag-import-stihl-de","11":"sws-gruppo-macchinari-de","12":"sws-conto-ricavi-merci-rivendita-macchinari-de","13":"sws-gruppo-iva-iva81-de","15":"first","16":"onbackorder","17":"purchasable","18":"product-type-simple"},"_links":{"self":[{"href":"https:\/\/lucacastelli.com\/de\/wp-json\/wp\/v2\/product\/480951","targetHints":{"allow":["GET"]}}],"collection":[{"href":"https:\/\/lucacastelli.com\/de\/wp-json\/wp\/v2\/product"}],"about":[{"href":"https:\/\/lucacastelli.com\/de\/wp-json\/wp\/v2\/types\/product"}],"wp:featuredmedia":[{"embeddable":true,"href":"https:\/\/lucacastelli.com\/de\/wp-json\/wp\/v2\/media\/423416"}],"wp:attachment":[{"href":"https:\/\/lucacastelli.com\/de\/wp-json\/wp\/v2\/media?parent=480951"}],"wp:term":[{"taxonomy":"product_brand","embeddable":true,"href":"https:\/\/lucacastelli.com\/de\/wp-json\/wp\/v2\/product_brand?post=480951"},{"taxonomy":"product_cat","embeddable":true,"href":"https:\/\/lucacastelli.com\/de\/wp-json\/wp\/v2\/product_cat?post=480951"},{"taxonomy":"product_tag","embeddable":true,"href":"https:\/\/lucacastelli.com\/de\/wp-json\/wp\/v2\/product_tag?post=480951"}],"curies":[{"name":"wp","href":"https:\/\/api.w.org\/{rel}","templated":true}]}}