{"id":480933,"date":"2025-05-31T22:52:19","date_gmt":"2025-05-31T20:52:19","guid":{"rendered":"https:\/\/lucacastelli.com\/prodotto\/stihl-service-kit-16\/"},"modified":"2025-08-06T16:13:21","modified_gmt":"2025-08-06T14:13:21","slug":"stihl-service-kit-16","status":"publish","type":"product","link":"https:\/\/lucacastelli.com\/de\/produkt\/stihl-service-kit-16\/","title":{"rendered":"STIHL Service-Kit 16"},"content":{"rendered":"<p>Mit den STIHL Benzin-Kettens\u00e4gen-Wartungspaketen k\u00f6nnen Sie einfache Wartungsarbeiten selbst durchf\u00fchren. Jedes Set enth\u00e4lt eine Z\u00fcndkerze, einen Kraftstofffilter und einen Vlies- oder HD2-Luftfilter. Mit einer vorausschauenden Standardwartung<br \/>\nund regelm\u00e4\u00dfiger Wartung sch\u00fctzen Sie nicht nur Bauteile und Werkzeugteile vor Verschmutzung oder Besch\u00e4digung, sondern erh\u00f6hen gleichzeitig die Lebensdauer Ihrer Kettens\u00e4ge. Au\u00dfer dem Kombi-Schl\u00fcssel, den Sie bereits mit Ihrer Kettens\u00e4ge<br \/>\nSTIHL erhalten haben, ben\u00f6tigen Sie kein weiteres Werkzeug f\u00fcr die Wartung.   <\/p>\n<p>Verwendbar f\u00fcr MS 661<\/p>\n","protected":false},"excerpt":{"rendered":"<p>Service-Kit 16<\/p>\n","protected":false},"featured_media":423298,"template":"","meta":{"_seopress_robots_primary_cat":"none","_seopress_titles_title":"","_seopress_titles_desc":"","_seopress_robots_index":""},"product_brand":[3366],"product_cat":[29,515],"product_tag":[3265],"class_list":{"0":"post-480933","1":"product","2":"type-product","3":"status-publish","4":"has-post-thumbnail","6":"product_brand-stihl","7":"product_cat-macchinari","8":"product_cat-accessori-e-materiale-di-consumo-altri-dispositivi","9":"product_tag-import-stihl","10":"sws-gruppo-macchinari-de","11":"sws-conto-ricavi-merci-rivendita-macchinari-de","12":"sws-gruppo-iva-iva81-de","14":"first","15":"onbackorder","16":"purchasable","17":"product-type-simple"},"_links":{"self":[{"href":"https:\/\/lucacastelli.com\/de\/wp-json\/wp\/v2\/product\/480933","targetHints":{"allow":["GET"]}}],"collection":[{"href":"https:\/\/lucacastelli.com\/de\/wp-json\/wp\/v2\/product"}],"about":[{"href":"https:\/\/lucacastelli.com\/de\/wp-json\/wp\/v2\/types\/product"}],"wp:featuredmedia":[{"embeddable":true,"href":"https:\/\/lucacastelli.com\/de\/wp-json\/wp\/v2\/media\/423298"}],"wp:attachment":[{"href":"https:\/\/lucacastelli.com\/de\/wp-json\/wp\/v2\/media?parent=480933"}],"wp:term":[{"taxonomy":"product_brand","embeddable":true,"href":"https:\/\/lucacastelli.com\/de\/wp-json\/wp\/v2\/product_brand?post=480933"},{"taxonomy":"product_cat","embeddable":true,"href":"https:\/\/lucacastelli.com\/de\/wp-json\/wp\/v2\/product_cat?post=480933"},{"taxonomy":"product_tag","embeddable":true,"href":"https:\/\/lucacastelli.com\/de\/wp-json\/wp\/v2\/product_tag?post=480933"}],"curies":[{"name":"wp","href":"https:\/\/api.w.org\/{rel}","templated":true}]}}