{"id":480914,"date":"2025-05-31T22:51:41","date_gmt":"2025-05-31T20:51:41","guid":{"rendered":"https:\/\/lucacastelli.com\/prodotto\/stihl-service-kit-3\/"},"modified":"2025-07-05T09:49:52","modified_gmt":"2025-07-05T07:49:52","slug":"stihl-service-kit-3","status":"publish","type":"product","link":"https:\/\/lucacastelli.com\/de\/produkt\/stihl-service-kit-3\/","title":{"rendered":"STIHL Service Kit 3"},"content":{"rendered":"<p>Dank des Service Kits k\u00f6nnen Sie die Wartung Ihrer Kettens\u00e4ge selbstst\u00e4ndig durchf\u00fchren. Inhalt: HD2 Luftfilter, Saugstuhl, NGK BPMR7A<br \/>\nZ\u00fcndkerze 886661604883 <\/p>\n","protected":false},"excerpt":{"rendered":"<p>Service-Kit 3<\/p>\n","protected":false},"featured_media":423233,"template":"","meta":{"_seopress_robots_primary_cat":"","_seopress_titles_title":"","_seopress_titles_desc":"","_seopress_robots_index":""},"product_brand":[3554],"product_cat":[169,1455],"product_tag":[3266],"class_list":{"0":"post-480914","1":"product","2":"type-product","3":"status-publish","4":"has-post-thumbnail","6":"product_brand-stihl-de","7":"product_cat-maschinen","8":"product_cat-zubehor-und-verbrauchsmaterial-de","9":"product_tag-import-stihl-de","10":"sws-gruppo-macchinari-de","11":"sws-conto-ricavi-merci-rivendita-macchinari-de","12":"sws-gruppo-iva-iva81-de","14":"first","15":"onbackorder","16":"purchasable","17":"product-type-simple"},"_links":{"self":[{"href":"https:\/\/lucacastelli.com\/de\/wp-json\/wp\/v2\/product\/480914","targetHints":{"allow":["GET"]}}],"collection":[{"href":"https:\/\/lucacastelli.com\/de\/wp-json\/wp\/v2\/product"}],"about":[{"href":"https:\/\/lucacastelli.com\/de\/wp-json\/wp\/v2\/types\/product"}],"wp:featuredmedia":[{"embeddable":true,"href":"https:\/\/lucacastelli.com\/de\/wp-json\/wp\/v2\/media\/423233"}],"wp:attachment":[{"href":"https:\/\/lucacastelli.com\/de\/wp-json\/wp\/v2\/media?parent=480914"}],"wp:term":[{"taxonomy":"product_brand","embeddable":true,"href":"https:\/\/lucacastelli.com\/de\/wp-json\/wp\/v2\/product_brand?post=480914"},{"taxonomy":"product_cat","embeddable":true,"href":"https:\/\/lucacastelli.com\/de\/wp-json\/wp\/v2\/product_cat?post=480914"},{"taxonomy":"product_tag","embeddable":true,"href":"https:\/\/lucacastelli.com\/de\/wp-json\/wp\/v2\/product_tag?post=480914"}],"curies":[{"name":"wp","href":"https:\/\/api.w.org\/{rel}","templated":true}]}}