{"id":480744,"date":"2025-05-31T22:23:38","date_gmt":"2025-05-31T20:23:38","guid":{"rendered":"https:\/\/lucacastelli.com\/prodotto\/stihl-mh-585\/"},"modified":"2025-05-31T22:23:38","modified_gmt":"2025-05-31T20:23:38","slug":"stihl-mh-585","status":"publish","type":"product","link":"https:\/\/lucacastelli.com\/de\/produkt\/stihl-mh-585\/","title":{"rendered":"STIHL MH 585"},"content":{"rendered":"<p>Leistungsstarke Gartenhacke f\u00fcr vielf\u00e4ltige Eins\u00e4tze auf Blumenbeeten und Feldern. Hoher Steuerungskomfort f\u00fcr das Hacken mit geringem Kraftaufwand. Minimale Vibrationen dank des integrierten Anti-Vibrations-Systems.<br \/>\n886661755875  <\/p>\n<p>Hubraum 149<br \/>\nMotortyp Motortyp<\/p>\n<p>CO2 CO2<br \/>\nGewicht 44.0<br \/>\nTreibstoffkapazit\u00e4t 1.4<\/p>\n","protected":false},"excerpt":{"rendered":"<p>MH 585<\/p>\n","protected":false},"featured_media":421977,"template":"","meta":{"_seopress_robots_primary_cat":"","_seopress_titles_title":"","_seopress_titles_desc":"","_seopress_robots_index":""},"product_brand":[3366],"product_cat":[29,514,521],"product_tag":[3265],"class_list":{"0":"post-480744","1":"product","2":"type-product","3":"status-publish","4":"has-post-thumbnail","6":"product_brand-stihl","7":"product_cat-macchinari","8":"product_cat-altri-dispositivi","9":"product_cat-motozappe","10":"product_tag-import-stihl","11":"sws-gruppo-macchinari-de","12":"sws-conto-ricavi-merci-rivendita-macchinari-de","13":"sws-gruppo-iva-iva81-de","15":"first","16":"onbackorder","17":"purchasable","18":"product-type-simple"},"_links":{"self":[{"href":"https:\/\/lucacastelli.com\/de\/wp-json\/wp\/v2\/product\/480744","targetHints":{"allow":["GET"]}}],"collection":[{"href":"https:\/\/lucacastelli.com\/de\/wp-json\/wp\/v2\/product"}],"about":[{"href":"https:\/\/lucacastelli.com\/de\/wp-json\/wp\/v2\/types\/product"}],"wp:featuredmedia":[{"embeddable":true,"href":"https:\/\/lucacastelli.com\/de\/wp-json\/wp\/v2\/media\/421977"}],"wp:attachment":[{"href":"https:\/\/lucacastelli.com\/de\/wp-json\/wp\/v2\/media?parent=480744"}],"wp:term":[{"taxonomy":"product_brand","embeddable":true,"href":"https:\/\/lucacastelli.com\/de\/wp-json\/wp\/v2\/product_brand?post=480744"},{"taxonomy":"product_cat","embeddable":true,"href":"https:\/\/lucacastelli.com\/de\/wp-json\/wp\/v2\/product_cat?post=480744"},{"taxonomy":"product_tag","embeddable":true,"href":"https:\/\/lucacastelli.com\/de\/wp-json\/wp\/v2\/product_tag?post=480744"}],"curies":[{"name":"wp","href":"https:\/\/api.w.org\/{rel}","templated":true}]}}