{"id":480742,"date":"2025-05-31T22:23:25","date_gmt":"2025-05-31T20:23:25","guid":{"rendered":"https:\/\/lucacastelli.com\/prodotto\/stihl-rt-6112-zl\/"},"modified":"2026-04-13T16:25:25","modified_gmt":"2026-04-13T14:25:25","slug":"stihl-rt-6112-zl","status":"publish","type":"product","link":"https:\/\/lucacastelli.com\/de\/produkt\/stihl-rt-6112-zl\/","title":{"rendered":"STIHL Rasenm\u00e4her RT 6112 ZL"},"content":{"rendered":"<p>Der leistungsst\u00e4rkste Rasenm\u00e4her mit besonders hohem Bedien- und Fahrkomfort. F\u00fcr die Pflege besonders gro\u00dfer Rasenfl\u00e4chen bis zu 8.000 m\u00b2. Mit STIHL-spezifischem 1-Pedal-Fahrantrieb und 350-Liter-Grasfangkorb.<br \/>\n886661590407  <\/p>\n<p>Hubraum 635<br \/>\nCO2 CO2<\/p>\n<p>Motortyp Motortyp<br \/>\nSchnittbreite 110<br \/>\nSchnitth\u00f6he 30 &#8211; 110<\/p>\n","protected":false},"excerpt":{"rendered":"<p>RT 6112 ZL<\/p>\n","protected":false},"featured_media":436215,"template":"","meta":{"_seopress_robots_primary_cat":"none","_seopress_titles_title":"","_seopress_titles_desc":"","_seopress_robots_index":""},"product_brand":[3554],"product_cat":[169,1694],"product_tag":[3266],"class_list":{"0":"post-480742","1":"product","2":"type-product","3":"status-publish","4":"has-post-thumbnail","6":"product_brand-stihl-de","7":"product_cat-maschinen","8":"product_cat-rasentraktoren","9":"product_tag-import-stihl-de","10":"sws-gruppo-macchinari-de","11":"sws-conto-ricavi-merci-rivendita-macchinari-de","12":"sws-gruppo-iva-iva81-de","14":"first","15":"onbackorder","16":"purchasable","17":"product-type-simple"},"_links":{"self":[{"href":"https:\/\/lucacastelli.com\/de\/wp-json\/wp\/v2\/product\/480742","targetHints":{"allow":["GET"]}}],"collection":[{"href":"https:\/\/lucacastelli.com\/de\/wp-json\/wp\/v2\/product"}],"about":[{"href":"https:\/\/lucacastelli.com\/de\/wp-json\/wp\/v2\/types\/product"}],"wp:featuredmedia":[{"embeddable":true,"href":"https:\/\/lucacastelli.com\/de\/wp-json\/wp\/v2\/media\/436215"}],"wp:attachment":[{"href":"https:\/\/lucacastelli.com\/de\/wp-json\/wp\/v2\/media?parent=480742"}],"wp:term":[{"taxonomy":"product_brand","embeddable":true,"href":"https:\/\/lucacastelli.com\/de\/wp-json\/wp\/v2\/product_brand?post=480742"},{"taxonomy":"product_cat","embeddable":true,"href":"https:\/\/lucacastelli.com\/de\/wp-json\/wp\/v2\/product_cat?post=480742"},{"taxonomy":"product_tag","embeddable":true,"href":"https:\/\/lucacastelli.com\/de\/wp-json\/wp\/v2\/product_tag?post=480742"}],"curies":[{"name":"wp","href":"https:\/\/api.w.org\/{rel}","templated":true}]}}