{"id":480740,"date":"2025-05-31T22:23:18","date_gmt":"2025-05-31T20:23:18","guid":{"rendered":"https:\/\/lucacastelli.com\/prodotto\/stihl-rt-5112-z\/"},"modified":"2026-04-13T16:25:05","modified_gmt":"2026-04-13T14:25:05","slug":"stihl-rt-5112-z","status":"publish","type":"product","link":"https:\/\/lucacastelli.com\/de\/produkt\/stihl-rt-5112-z\/","title":{"rendered":"Rasenm\u00e4her STIHL RT 5112 Z"},"content":{"rendered":"<p>Leistungsstarker Rasenm\u00e4her mit hohem Bedien- und Fahrkomfort. F\u00fcr die Pflege sehr gro\u00dfer Rasenfl\u00e4chen. Mit STIHL-spezifischem 1-Pedal-Fahrantrieb und 350-Liter-Grasfangkorb.<br \/>\n886661590360  <\/p>\n<p>Hubraum 635<br \/>\nCO2 CO2<\/p>\n<p>Motortyp Motortyp<br \/>\nGewicht 258,0<br \/>\nSchnittbreite 110<\/p>\n","protected":false},"excerpt":{"rendered":"<p>RT 5112 Z<\/p>\n","protected":false},"featured_media":436206,"template":"","meta":{"_seopress_robots_primary_cat":"none","_seopress_titles_title":"","_seopress_titles_desc":"","_seopress_robots_index":""},"product_brand":[3366],"product_cat":[29,487],"product_tag":[3265],"class_list":{"0":"post-480740","1":"product","2":"type-product","3":"status-publish","4":"has-post-thumbnail","6":"product_brand-stihl","7":"product_cat-macchinari","8":"product_cat-trattorini-tosaerba","9":"product_tag-import-stihl","10":"sws-gruppo-macchinari-de","11":"sws-conto-ricavi-merci-rivendita-macchinari-de","12":"sws-gruppo-iva-iva81-de","14":"first","15":"onbackorder","16":"purchasable","17":"product-type-simple"},"_links":{"self":[{"href":"https:\/\/lucacastelli.com\/de\/wp-json\/wp\/v2\/product\/480740","targetHints":{"allow":["GET"]}}],"collection":[{"href":"https:\/\/lucacastelli.com\/de\/wp-json\/wp\/v2\/product"}],"about":[{"href":"https:\/\/lucacastelli.com\/de\/wp-json\/wp\/v2\/types\/product"}],"wp:featuredmedia":[{"embeddable":true,"href":"https:\/\/lucacastelli.com\/de\/wp-json\/wp\/v2\/media\/436206"}],"wp:attachment":[{"href":"https:\/\/lucacastelli.com\/de\/wp-json\/wp\/v2\/media?parent=480740"}],"wp:term":[{"taxonomy":"product_brand","embeddable":true,"href":"https:\/\/lucacastelli.com\/de\/wp-json\/wp\/v2\/product_brand?post=480740"},{"taxonomy":"product_cat","embeddable":true,"href":"https:\/\/lucacastelli.com\/de\/wp-json\/wp\/v2\/product_cat?post=480740"},{"taxonomy":"product_tag","embeddable":true,"href":"https:\/\/lucacastelli.com\/de\/wp-json\/wp\/v2\/product_tag?post=480740"}],"curies":[{"name":"wp","href":"https:\/\/api.w.org\/{rel}","templated":true}]}}