{"id":480735,"date":"2025-05-31T22:23:15","date_gmt":"2025-05-31T20:23:15","guid":{"rendered":"https:\/\/lucacastelli.com\/prodotto\/stihl-rt-5097-z\/"},"modified":"2026-04-13T16:26:19","modified_gmt":"2026-04-13T14:26:19","slug":"stihl-rt-5097-z","status":"publish","type":"product","link":"https:\/\/lucacastelli.com\/de\/produkt\/stihl-rt-5097-z\/","title":{"rendered":"STIHL Rasenm\u00e4her RT 5097 Z"},"content":{"rendered":"<p>Leistungsstarker Rasenm\u00e4her mit hohem Bedien- und Fahrkomfort. F\u00fcr die Pflege gro\u00dfer Rasenfl\u00e4chen. Mit STIHL-spezifischem 1-Pedal-Fahrantrieb und 250-Liter-Grasfangkorb.<br \/>\n886661590353  <\/p>\n<p>Hubraum 635<br \/>\nCO2 CO2<\/p>\n<p>Motortyp Motortyp<br \/>\nGewicht 237,0<br \/>\nSchnittbreite 95<\/p>\n","protected":false},"excerpt":{"rendered":"<p>RT 5097 Z<\/p>\n","protected":false},"featured_media":436193,"template":"","meta":{"_seopress_robots_primary_cat":"none","_seopress_titles_title":"","_seopress_titles_desc":"","_seopress_robots_index":""},"product_brand":[3366],"product_cat":[29,487],"product_tag":[3265],"class_list":{"0":"post-480735","1":"product","2":"type-product","3":"status-publish","4":"has-post-thumbnail","6":"product_brand-stihl","7":"product_cat-macchinari","8":"product_cat-trattorini-tosaerba","9":"product_tag-import-stihl","10":"sws-gruppo-macchinari-de","11":"sws-conto-ricavi-merci-rivendita-macchinari-de","12":"sws-gruppo-iva-iva81-de","14":"first","15":"onbackorder","16":"purchasable","17":"product-type-simple"},"_links":{"self":[{"href":"https:\/\/lucacastelli.com\/de\/wp-json\/wp\/v2\/product\/480735","targetHints":{"allow":["GET"]}}],"collection":[{"href":"https:\/\/lucacastelli.com\/de\/wp-json\/wp\/v2\/product"}],"about":[{"href":"https:\/\/lucacastelli.com\/de\/wp-json\/wp\/v2\/types\/product"}],"wp:featuredmedia":[{"embeddable":true,"href":"https:\/\/lucacastelli.com\/de\/wp-json\/wp\/v2\/media\/436193"}],"wp:attachment":[{"href":"https:\/\/lucacastelli.com\/de\/wp-json\/wp\/v2\/media?parent=480735"}],"wp:term":[{"taxonomy":"product_brand","embeddable":true,"href":"https:\/\/lucacastelli.com\/de\/wp-json\/wp\/v2\/product_brand?post=480735"},{"taxonomy":"product_cat","embeddable":true,"href":"https:\/\/lucacastelli.com\/de\/wp-json\/wp\/v2\/product_cat?post=480735"},{"taxonomy":"product_tag","embeddable":true,"href":"https:\/\/lucacastelli.com\/de\/wp-json\/wp\/v2\/product_tag?post=480735"}],"curies":[{"name":"wp","href":"https:\/\/api.w.org\/{rel}","templated":true}]}}