{"id":480730,"date":"2025-05-31T22:23:09","date_gmt":"2025-05-31T20:23:09","guid":{"rendered":"https:\/\/lucacastelli.com\/prodotto\/stihl-rt-5097\/"},"modified":"2026-04-13T16:25:41","modified_gmt":"2026-04-13T14:25:41","slug":"stihl-rt-5097","status":"publish","type":"product","link":"https:\/\/lucacastelli.com\/de\/produkt\/stihl-rt-5097\/","title":{"rendered":"Rasenm\u00e4her STIHL RT 5097"},"content":{"rendered":"<p>Leistungsstarker Rasenm\u00e4her mit hohem Bedien- und Fahrkomfort. F\u00fcr die Pflege gro\u00dfer Rasenfl\u00e4chen. Mit STIHL-spezifischem 1-Pedal-Antrieb und 250-Liter-Grasfangkorb.<br \/>\n886661590346  <\/p>\n<p>Hubraum 452<br \/>\nCO2 CO2<\/p>\n<p>Motortyp Motortyp<br \/>\nGewicht 228,0<br \/>\nMax. Rasenfl\u00e4che 6000 <\/p>\n","protected":false},"excerpt":{"rendered":"<p>RT 5097<\/p>\n","protected":false},"featured_media":436180,"template":"","meta":{"_seopress_robots_primary_cat":"none","_seopress_titles_title":"","_seopress_titles_desc":"","_seopress_robots_index":""},"product_brand":[3554],"product_cat":[169,1694],"product_tag":[3266],"class_list":{"0":"post-480730","1":"product","2":"type-product","3":"status-publish","4":"has-post-thumbnail","6":"product_brand-stihl-de","7":"product_cat-maschinen","8":"product_cat-rasentraktoren","9":"product_tag-import-stihl-de","10":"sws-gruppo-macchinari-de","11":"sws-conto-ricavi-merci-rivendita-macchinari-de","12":"sws-gruppo-iva-iva81-de","14":"first","15":"onbackorder","16":"purchasable","17":"product-type-simple"},"_links":{"self":[{"href":"https:\/\/lucacastelli.com\/de\/wp-json\/wp\/v2\/product\/480730","targetHints":{"allow":["GET"]}}],"collection":[{"href":"https:\/\/lucacastelli.com\/de\/wp-json\/wp\/v2\/product"}],"about":[{"href":"https:\/\/lucacastelli.com\/de\/wp-json\/wp\/v2\/types\/product"}],"wp:featuredmedia":[{"embeddable":true,"href":"https:\/\/lucacastelli.com\/de\/wp-json\/wp\/v2\/media\/436180"}],"wp:attachment":[{"href":"https:\/\/lucacastelli.com\/de\/wp-json\/wp\/v2\/media?parent=480730"}],"wp:term":[{"taxonomy":"product_brand","embeddable":true,"href":"https:\/\/lucacastelli.com\/de\/wp-json\/wp\/v2\/product_brand?post=480730"},{"taxonomy":"product_cat","embeddable":true,"href":"https:\/\/lucacastelli.com\/de\/wp-json\/wp\/v2\/product_cat?post=480730"},{"taxonomy":"product_tag","embeddable":true,"href":"https:\/\/lucacastelli.com\/de\/wp-json\/wp\/v2\/product_tag?post=480730"}],"curies":[{"name":"wp","href":"https:\/\/api.w.org\/{rel}","templated":true}]}}