{"id":480727,"date":"2025-05-31T22:23:01","date_gmt":"2025-05-31T20:23:01","guid":{"rendered":"https:\/\/lucacastelli.com\/prodotto\/stihl-gh-460-c\/"},"modified":"2026-03-02T14:33:54","modified_gmt":"2026-03-02T13:33:54","slug":"stihl-gh-460-c","status":"publish","type":"product","link":"https:\/\/lucacastelli.com\/de\/produkt\/stihl-gh-460-c\/","title":{"rendered":"STIHL GH 460 C Benzin-H\u00e4cksler"},"content":{"rendered":"<p>Leistungsstarker Benzin-H\u00e4cksler f\u00fcr hohe Arbeitsvolumen mit starken \u00c4sten und weichem Material. Arbeitet unabh\u00e4ngig vom Stromanschluss. Besonders ideal f\u00fcr gro\u00dfe Mengen an H\u00e4ckselgut. Mit Zwei-Kammer-System, Sandwich-Messerwerk und \u201eOne Click\/One Turn\u201c-Sicherheitsschalter.<br \/>\n886661685608   <\/p>\n<p>Hubraum 352<br \/>\nCO2 CO2<\/p>\n<p>Motortyp Motortyp<br \/>\nGewicht 75,0<br \/>\nMax. Ast-Durchmesser 75<\/p>\n<table class=\"technical_data\">\n<thead>\n<tr>\n<th class=\"col1\">Technische Daten<\/th>\n<th class=\"col2\">Wert<\/th>\n<\/tr>\n<\/thead>\n<tbody>\n<tr class=\"\">\n<td class=\"col1\">Gewicht kg<\/td>\n<td class=\"col2\">75<\/td>\n<\/tr>\n<tr class=\"odd\">\n<td class=\"col1\">Arbeitsdrehzahl U\/min<\/td>\n<td class=\"col2\">2.560<\/td>\n<\/tr>\n<tr class=\"\">\n<td class=\"col1\">Garantierter Schallleistungspegel LWA dB(A)<\/td>\n<td class=\"col2\">108<\/td>\n<\/tr>\n<tr class=\"odd\">\n<td class=\"col1\">Nennleistung<\/td>\n<td class=\"col2\">5,8 kW \/ 7,9 PS<\/td>\n<\/tr>\n<tr class=\"\">\n<td class=\"col1\">Hubraum cm\u00b3<\/td>\n<td class=\"col2\">344<\/td>\n<\/tr>\n<tr class=\"odd\">\n<td class=\"col1\">Max. Astst\u00e4rke mm<\/td>\n<td class=\"col2\">bis 75<\/td>\n<\/tr>\n<tr class=\"\">\n<td class=\"col1\">Motortyp<\/td>\n<td class=\"col2\">Serie 3.115 PowerBuilt OHV<\/td>\n<\/tr>\n<tr class=\"odd\">\n<td class=\"col1\">Unsicherheitsfaktor KpA dB(A)<\/td>\n<td class=\"col2\">3<\/td>\n<\/tr>\n<tr class=\"\">\n<td class=\"col1\">Schneidwerkzeug<\/td>\n<td class=\"col2\">Multi-Cut 450<\/td>\n<\/tr>\n<tr class=\"odd\">\n<td class=\"col1\">Gemessener Schalldruckpegel LpA dB(A)<\/td>\n<td class=\"col2\">97<\/td>\n<\/tr>\n<\/tbody>\n<\/table>\n","protected":false},"excerpt":{"rendered":"<p>GH 460 C<\/p>\n","protected":false},"featured_media":436175,"template":"","meta":{"_seopress_robots_primary_cat":"none","_seopress_titles_title":"","_seopress_titles_desc":"","_seopress_robots_index":""},"product_brand":[3554],"product_cat":[1578,169,1579],"product_tag":[3266],"class_list":{"0":"post-480727","1":"product","2":"type-product","3":"status-publish","4":"has-post-thumbnail","6":"product_brand-stihl-de","7":"product_cat-bio-zerkleinerer","8":"product_cat-maschinen","9":"product_cat-motorbetriebene-zerkleinerer","10":"product_tag-import-stihl-de","11":"sws-gruppo-macchinari-de","12":"sws-conto-ricavi-merci-rivendita-macchinari-de","13":"sws-gruppo-iva-iva81-de","15":"first","16":"onbackorder","17":"purchasable","18":"product-type-simple"},"_links":{"self":[{"href":"https:\/\/lucacastelli.com\/de\/wp-json\/wp\/v2\/product\/480727","targetHints":{"allow":["GET"]}}],"collection":[{"href":"https:\/\/lucacastelli.com\/de\/wp-json\/wp\/v2\/product"}],"about":[{"href":"https:\/\/lucacastelli.com\/de\/wp-json\/wp\/v2\/types\/product"}],"wp:featuredmedia":[{"embeddable":true,"href":"https:\/\/lucacastelli.com\/de\/wp-json\/wp\/v2\/media\/436175"}],"wp:attachment":[{"href":"https:\/\/lucacastelli.com\/de\/wp-json\/wp\/v2\/media?parent=480727"}],"wp:term":[{"taxonomy":"product_brand","embeddable":true,"href":"https:\/\/lucacastelli.com\/de\/wp-json\/wp\/v2\/product_brand?post=480727"},{"taxonomy":"product_cat","embeddable":true,"href":"https:\/\/lucacastelli.com\/de\/wp-json\/wp\/v2\/product_cat?post=480727"},{"taxonomy":"product_tag","embeddable":true,"href":"https:\/\/lucacastelli.com\/de\/wp-json\/wp\/v2\/product_tag?post=480727"}],"curies":[{"name":"wp","href":"https:\/\/api.w.org\/{rel}","templated":true}]}}