{"id":480725,"date":"2025-05-31T22:12:37","date_gmt":"2025-05-31T20:12:37","guid":{"rendered":"https:\/\/lucacastelli.com\/prodotto\/stihl-koa-20-set-mit-as-2-und-al-1\/"},"modified":"2026-01-20T06:39:49","modified_gmt":"2026-01-20T05:39:49","slug":"stihl-koa-20-set-mit-as-2-und-al-1","status":"publish","type":"product","link":"https:\/\/lucacastelli.com\/de\/produkt\/stihl-koa-20-set-mit-as-2-und-al-1\/","title":{"rendered":"STIHL KOA 20 Set, mit AS 2 und AL 1"},"content":{"rendered":"<p>Mit fortschrittlichen Funktionen und einem auf Benutzerkomfort ausgerichteten Design etabliert er sich als unverzichtbares Werkzeug f\u00fcr das schnelle und einfache Aufblasen und Entleeren verschiedener Ger\u00e4te. Der batteriebetriebene Kompressor KOA 20 ist ein vielseitiges Ger\u00e4t, das das Aufpumpen und Entleeren von Reifen, Freizeit- und Sportger\u00e4ten erleichtert. Dank seines ergonomischen Designs und mehrerer Funktionen sorgt es f\u00fcr eine einfache, schnelle und komfortable Bedienung 886661333714.<\/p>\n<p>Nennspannung 11<br \/>\nBatteriesystem Batteriesystem<\/p>\n<p>Empfohlene Batterie Empfohlene<br \/>\nBatterie Ger\u00e4tegewicht 1,5<br \/>\nMax. Druck (Hochdruckpumpe) 10,3 <\/p>\n<p>&nbsp;<\/p>\n<p>&nbsp;<\/p>\n<table data-test-id=\"pdp-spec-tech-table\">\n<tbody>\n<tr>\n<td>Nennspannung<\/td>\n<td>10,8 V<\/td>\n<\/tr>\n<tr>\n<td>Max. Druck (Hochdruckpumpe) <\/td>\n<td>10,3 bar<\/td>\n<\/tr>\n<tr>\n<td>Max. Druck (Hochdruckpumpe) <\/td>\n<td>150 lbf\/Zoll<\/td>\n<\/tr>\n<tr>\n<td>Max. Volumestrom (Pumpenvolumen) <\/td>\n<td>360 l\/min<\/td>\n<\/tr>\n<tr>\n<td>Gewicht<\/td>\n<p> des Ger\u00e4ts<\/p>\n<td>1,5 kg<\/td>\n<\/tr>\n<tr>\n<td>Instrument 1 Schallmessung<\/td>\n<td>HOCHDRUCK-MODUS<\/td>\n<\/tr>\n<tr>\n<td>Instrument 2 Schallmessung<\/td>\n<td>MODUS MIT HOHER LAUTST\u00c4RKE<\/td>\n<\/tr>\n<tr>\n<td>Schalldruckpegel<\/td>\n<td>77 dB(A)<\/td>\n<\/tr>\n<tr>\n<td>Schallleistungspegel<\/td>\n<td>85 dB(A)<\/td>\n<\/tr>\n<tr>\n<td>Schalldruckpegel<\/td>\n<td>82 dB(A)<\/td>\n<\/tr>\n<tr>\n<td>Schallleistungspegel<\/td>\n<td>90 dB(A)<\/td>\n<\/tr>\n<tr>\n<td>Empfohlene<\/td>\n<p> Batterie<\/p>\n<td>ALS 2<\/td>\n<\/tr>\n<tr>\n<td>L\u00e4nge<\/td>\n<td>ca. 282 mm<\/td>\n<\/tr>\n<tr>\n<td>Breite<\/td>\n<td>ca. 105 mm<\/td>\n<\/tr>\n<tr>\n<td>H\u00f6he<\/td>\n<td>ca. 223 mm<\/td>\n<\/tr>\n<\/tbody>\n<\/table>\n","protected":false},"excerpt":{"rendered":"<p>Mit fortschrittlichen Funktionen und einem auf Benutzerkomfort ausgerichteten Design etabliert er sich als unverzichtbares Werkzeug f\u00fcr das schnelle und einfache<\/p>\n","protected":false},"featured_media":436912,"template":"","meta":{"_seopress_robots_primary_cat":"none","_seopress_titles_title":"","_seopress_titles_desc":"","_seopress_robots_index":""},"product_brand":[3554],"product_cat":[1454,1469,169],"product_tag":[3266],"class_list":{"0":"post-480725","1":"product","2":"type-product","3":"status-publish","4":"has-post-thumbnail","6":"product_brand-stihl-de","7":"product_cat-andere-gerate","8":"product_cat-kompressoren","9":"product_cat-maschinen","10":"product_tag-import-stihl-de","11":"sws-gruppo-macchinari-de","12":"sws-conto-ricavi-merci-rivendita-macchinari-de","13":"sws-gruppo-iva-iva81-de","15":"first","16":"onbackorder","17":"purchasable","18":"product-type-simple"},"_links":{"self":[{"href":"https:\/\/lucacastelli.com\/de\/wp-json\/wp\/v2\/product\/480725","targetHints":{"allow":["GET"]}}],"collection":[{"href":"https:\/\/lucacastelli.com\/de\/wp-json\/wp\/v2\/product"}],"about":[{"href":"https:\/\/lucacastelli.com\/de\/wp-json\/wp\/v2\/types\/product"}],"wp:featuredmedia":[{"embeddable":true,"href":"https:\/\/lucacastelli.com\/de\/wp-json\/wp\/v2\/media\/436912"}],"wp:attachment":[{"href":"https:\/\/lucacastelli.com\/de\/wp-json\/wp\/v2\/media?parent=480725"}],"wp:term":[{"taxonomy":"product_brand","embeddable":true,"href":"https:\/\/lucacastelli.com\/de\/wp-json\/wp\/v2\/product_brand?post=480725"},{"taxonomy":"product_cat","embeddable":true,"href":"https:\/\/lucacastelli.com\/de\/wp-json\/wp\/v2\/product_cat?post=480725"},{"taxonomy":"product_tag","embeddable":true,"href":"https:\/\/lucacastelli.com\/de\/wp-json\/wp\/v2\/product_tag?post=480725"}],"curies":[{"name":"wp","href":"https:\/\/api.w.org\/{rel}","templated":true}]}}