{"id":480723,"date":"2025-05-31T21:54:06","date_gmt":"2025-05-31T19:54:06","guid":{"rendered":"https:\/\/lucacastelli.com\/prodotto\/stihl-msa-200-c-b-30cm-ohne-akku-und-ladegeraet\/"},"modified":"2025-12-01T23:34:10","modified_gmt":"2025-12-01T22:34:10","slug":"stihl-msa-200-c-b-30cm-ohne-akku-und-ladegeraet","status":"publish","type":"product","link":"https:\/\/lucacastelli.com\/de\/produkt\/stihl-msa-200-c-b-30cm-ohne-akku-und-ladegeraet\/","title":{"rendered":"STIHL MSA 200 C-B, 30cm, ohne Akku und Ladeger\u00e4t"},"content":{"rendered":"<p>Akku-Kettens\u00e4ge mit hoher Schnittleistung f\u00fcr den Einsatz<br \/>\nin l\u00e4rmsensiblen Bereichen 44 % h\u00f6here<br \/>\nSchnittleistung als die MSA 160 C-BQ. STIHL Kettenschnellspanner<br \/>\n, Kettenbremse QuickStop Super, werkzeugloser<br \/>\nTankdeckel, mit 1\/4&#8243; PM3 Kette f\u00fcr Feinschnitt und<br \/>\nhohe Schnittleistung, Metallkrallen, Gewicht 3,3 kg. Achtung: der Preis versteht sich ohne Akku oder Ladeger\u00e4t<br \/>\n886661874910  <\/p>\n<p>Nennspannung 36<br \/>\nLeistungsaufnahme Leistungsaufnahme<\/p>\n<p>Power Power<br \/>\nBattery System AP<br \/>\nEmpfohlene Batterie AP 300 S<\/p>\n<table data-test-id=\"pdp-spec-tech-table\">\n<tbody>\n<tr>\n<td>Gewicht<\/td>\n<td>5,3 kg <sup>1<!-- -->)<\/sup><\/td>\n<\/tr>\n<tr>\n<td>Nennspannung<\/td>\n<td>36 V<\/td>\n<\/tr>\n<tr>\n<td>L\u00e4nge<\/td>\n<p> der Stange<\/p>\n<td>30-35 cm<\/td>\n<\/tr>\n<tr>\n<td>Schalldruckpegel<\/td>\n<td>85 dB(A) <sup>2<!-- -->)<\/sup><\/td>\n<\/tr>\n<tr>\n<td>Schallleistungspegel<\/td>\n<td>93 dB(A) <sup>2<!-- -->)<\/sup><\/td>\n<\/tr>\n<tr>\n<td>Vibrationswert links\/rechts<\/td>\n<td>4,6\/3,9 m\/s\u00b2 <sup>3)<\/sup><\/td>\n<\/tr>\n<tr>\n<td>Gewicht der Gruppe<\/td>\n<td>3,5 kg<\/td>\n<\/tr>\n<tr>\n<td>Eingabe<\/td>\n<td>1800 W<\/td>\n<\/tr>\n<tr>\n<td>Nennspannung<\/td>\n<td>36 V<\/td>\n<\/tr>\n<tr>\n<td>Eingabe<\/td>\n<td>1800 W<\/td>\n<\/tr>\n<tr>\n<td>Macht<\/td>\n<td>1,5 kW <sup>4)<\/sup><\/td>\n<\/tr>\n<tr>\n<td>Batteriesystem<\/td>\n<td>AP<\/td>\n<\/tr>\n<tr>\n<td>Empfohlene<\/td>\n<p> Batterie<\/p>\n<td>AP 300 S<\/td>\n<\/tr>\n<tr>\n<td>Gewicht des Ger\u00e4tes ohne Akku<\/td>\n<td>3,1 kg <sup>5)<\/sup><\/td>\n<\/tr>\n<tr>\n<td>Gewicht des Ger\u00e4tes ohne Akku<\/td>\n<td>3.47 \/ 3.53 kg <sup>6)<\/sup><\/td>\n<\/tr>\n<tr>\n<td>Teilung der Kette<\/td>\n<td>1\/4&#8243; P<\/td>\n<\/tr>\n<tr>\n<td>IP-Schutzart<\/td>\n<td>IPX4<\/td>\n<\/tr>\n<tr>\n<td>Akkulaufzeit mit AP 100<\/td>\n<td>bis zu 18 min<\/td>\n<\/tr>\n<tr>\n<td>Akkulaufzeit mit AP 200<\/td>\n<td>bis zu 42 min<\/td>\n<\/tr>\n<tr>\n<td>Akkulaufzeit mit AP 300<\/td>\n<td>bis zu 40 min<\/td>\n<\/tr>\n<tr>\n<td>Akkulaufzeit mit AP 300 S<\/td>\n<td>bis zu 50 min<\/td>\n<\/tr>\n<tr>\n<td>Akkulaufzeit mit AP 500 S<\/td>\n<td>bis zu 60 min<\/td>\n<\/tr>\n<tr>\n<td>Akkulaufzeit mit AR 1000<\/td>\n<td>bis zu 110 min<\/td>\n<\/tr>\n<tr>\n<td>Akkulaufzeit mit AR 2000<\/td>\n<td>bis zu 160 min<\/td>\n<\/tr>\n<tr>\n<td>Akkulaufzeit mit AR 2000 L<\/td>\n<td>bis zu 175 min<\/td>\n<\/tr>\n<tr>\n<td>Akkulaufzeit mit AR 3000<\/td>\n<td>bis zu 200 min<\/td>\n<\/tr>\n<tr>\n<td>Akkulaufzeit mit AR 3000 L<\/td>\n<td>bis zu 260 min<\/td>\n<\/tr>\n<tr>\n<td>Maximale Betriebsdauer der Batterie AP 200<\/td>\n<td>42 Minuten <sup>7)<\/sup><\/td>\n<\/tr>\n<tr>\n<td>Maximale Betriebsdauer des Akkus AP 200 S<\/td>\n<td>42 Minuten <sup>7)<\/sup><\/td>\n<\/tr>\n<tr>\n<td>Maximale Betriebsdauer der Batterie AP 300<\/td>\n<td>40 Minuten <sup>7)<\/sup><\/td>\n<\/tr>\n<tr>\n<td>Maximale Betriebsdauer des Akkus AP 300 S<\/td>\n<td>50 Minuten <sup>7)<\/sup><\/td>\n<\/tr>\n<tr>\n<td>Maximale Betriebsdauer des Akkus AP 500 S<\/td>\n<td>60 Minuten <sup>7)<\/sup><\/td>\n<\/tr>\n<tr>\n<td>L\u00e4nge des Ger\u00e4tes mit Krallenanschlag<\/td>\n<td>437 mm <sup>5)<\/sup><\/td>\n<\/tr>\n<tr>\n<td>Schalldruckpegel<\/td>\n<td>85 dB(A) <sup>8)<\/sup><\/td>\n<\/tr>\n<tr>\n<td>Schutzart EN 60 529<\/td>\n<td>IPX4<\/td>\n<\/tr>\n<\/tbody>\n<\/table>\n","protected":false},"excerpt":{"rendered":"<p>Akku-Kettens\u00e4ge mit hoher Schnittleistung f\u00fcr den Einsatz in l\u00e4rmsensiblen Bereichen 44 % h\u00f6here Schnittleistung als die MSA 160 C-BQ. STIHL<\/p>\n","protected":false},"featured_media":424366,"template":"","meta":{"_seopress_robots_primary_cat":"none","_seopress_titles_title":"","_seopress_titles_desc":"","_seopress_robots_index":""},"product_brand":[3366],"product_cat":[29,268,528],"product_tag":[3265],"class_list":{"0":"post-480723","1":"product","2":"type-product","3":"status-publish","4":"has-post-thumbnail","6":"product_brand-stihl","7":"product_cat-macchinari","8":"product_cat-motoseghe","9":"product_cat-motoseghe-a-batteria","10":"product_tag-import-stihl","11":"sws-gruppo-macchinari","12":"sws-conto-ricavi-merci-rivendita-macchinari","13":"sws-gruppo-iva-iva81","15":"first","16":"onbackorder","17":"purchasable","18":"product-type-simple"},"_links":{"self":[{"href":"https:\/\/lucacastelli.com\/de\/wp-json\/wp\/v2\/product\/480723","targetHints":{"allow":["GET"]}}],"collection":[{"href":"https:\/\/lucacastelli.com\/de\/wp-json\/wp\/v2\/product"}],"about":[{"href":"https:\/\/lucacastelli.com\/de\/wp-json\/wp\/v2\/types\/product"}],"wp:featuredmedia":[{"embeddable":true,"href":"https:\/\/lucacastelli.com\/de\/wp-json\/wp\/v2\/media\/424366"}],"wp:attachment":[{"href":"https:\/\/lucacastelli.com\/de\/wp-json\/wp\/v2\/media?parent=480723"}],"wp:term":[{"taxonomy":"product_brand","embeddable":true,"href":"https:\/\/lucacastelli.com\/de\/wp-json\/wp\/v2\/product_brand?post=480723"},{"taxonomy":"product_cat","embeddable":true,"href":"https:\/\/lucacastelli.com\/de\/wp-json\/wp\/v2\/product_cat?post=480723"},{"taxonomy":"product_tag","embeddable":true,"href":"https:\/\/lucacastelli.com\/de\/wp-json\/wp\/v2\/product_tag?post=480723"}],"curies":[{"name":"wp","href":"https:\/\/api.w.org\/{rel}","templated":true}]}}