{"id":480718,"date":"2025-05-31T21:54:00","date_gmt":"2025-05-31T19:54:00","guid":{"rendered":"https:\/\/lucacastelli.com\/prodotto\/stihl-msa-160-c-b-30cm-ohne-akku-und-ladegeraet\/"},"modified":"2025-05-31T21:54:00","modified_gmt":"2025-05-31T19:54:00","slug":"stihl-msa-160-c-b-30cm-ohne-akku-und-ladegeraet","status":"publish","type":"product","link":"https:\/\/lucacastelli.com\/de\/produkt\/stihl-msa-160-c-b-30cm-ohne-akku-und-ladegeraet\/","title":{"rendered":"STIHL MSA 160 C-B, 30cm, ohne Akku und Ladeger\u00e4t"},"content":{"rendered":"<h2 class=\"product-details__title\">Innovative Akku-Kettens\u00e4ge<\/h2>\n<div class=\"product-details__description richtexteditor\">Akku-Kettens\u00e4ge f\u00fcr den Einsatz in l\u00e4rmsensiblen Bereichen. STIHL Kettenschnellspanner, Kettenbremse QuickStop Super, werkzeugloser Tankdeckel, mit 1\/4&#8243; PM3 Kette f\u00fcr Feinschnitt und hohe Schnittleistung. <\/div>\n<p>Nennspannung 36<br \/>\nLeistungsaufnahme Leistungsaufnahme<\/p>\n<p>Power Power<br \/>\nBattery System AP<br \/>\nEmpfohlene Batterie AP 200<\/p>\n<table data-test-id=\"pdp-spec-tech-table\">\n<tbody>\n<tr>\n<td>Nennspannung<\/td>\n<td>36 V<\/td>\n<\/tr>\n<tr>\n<td>Eingabe<\/td>\n<td>1,5 kW<\/td>\n<\/tr>\n<tr>\n<td>Macht<\/td>\n<td>1,2 kW <sup>1<!-- -->)<\/sup><\/td>\n<\/tr>\n<tr>\n<td>Batteriesystem<\/td>\n<td>AP<\/td>\n<\/tr>\n<tr>\n<td>Empfohlene<\/td>\n<p> Batterie<\/p>\n<td>AP 200<\/td>\n<\/tr>\n<tr>\n<td>Gewicht des Ger\u00e4tes ohne Akku<\/td>\n<td>3,1 kg <sup>2)<\/sup><\/td>\n<\/tr>\n<tr>\n<td>Gewicht des Ger\u00e4tes ohne Akku<\/td>\n<td>3,47 kg <sup>3)<\/sup><\/td>\n<\/tr>\n<tr>\n<td>L\u00e4nge<\/td>\n<p> der Stange<\/p>\n<td>30 cm <sup>4)<\/sup><\/td>\n<\/tr>\n<tr>\n<td>Teilung der Kette<\/td>\n<td>1\/4&#8243; P<\/td>\n<\/tr>\n<tr>\n<td>IP-Schutzart<\/td>\n<td>IPX4<\/td>\n<\/tr>\n<tr>\n<td>Maximale Betriebsdauer der Batterie AP 200<\/td>\n<td>42 Minuten <sup>5)<\/sup><\/td>\n<\/tr>\n<tr>\n<td>Maximale Betriebsdauer des Akkus AP 200 S<\/td>\n<td>42 Minuten <sup>5)<\/sup><\/td>\n<\/tr>\n<tr>\n<td>Maximale Betriebsdauer der Batterie AP 300<\/td>\n<td>50 Minuten <sup>5)<\/sup><\/td>\n<\/tr>\n<tr>\n<td>Maximale Betriebsdauer des Akkus AP 300 S<\/td>\n<td>62 Minuten <sup>5)<\/sup><\/td>\n<\/tr>\n<tr>\n<td>Maximale Betriebsdauer des Akkus AP 500 S<\/td>\n<td>74 Minuten <sup>5)<\/sup><\/td>\n<\/tr>\n<tr>\n<td>L\u00e4nge des Ger\u00e4tes mit Krallenanschlag<\/td>\n<td>435 mm <sup>2)<\/sup><\/td>\n<\/tr>\n<tr>\n<td>Schalldruckpegel<\/td>\n<td>85 dB(A) <sup>6)<\/sup><\/td>\n<\/tr>\n<tr>\n<td>Schallleistungspegel<\/td>\n<td>93 dB(A) <sup>6)<\/sup><\/td>\n<\/tr>\n<tr>\n<td>Vibrationswert links\/rechts<\/td>\n<td>4,6\/3,9 m\/s\u00b2 <sup>7)<\/sup><\/td>\n<\/tr>\n<\/tbody>\n<\/table>\n","protected":false},"excerpt":{"rendered":"<p>Innovative Akku-Kettens\u00e4ge Akku-Kettens\u00e4ge f\u00fcr den Einsatz in l\u00e4rmsensiblen Bereichen. STIHL Kettenschnellspanner, Kettenbremse QuickStop Super, werkzeugloser Tankdeckel, mit 1\/4&#8243; PM3 Kette<\/p>\n","protected":false},"featured_media":424354,"template":"","meta":{"_seopress_robots_primary_cat":"none","_seopress_titles_title":"","_seopress_titles_desc":"","_seopress_robots_index":""},"product_brand":[3554],"product_cat":[1615,1612,169],"product_tag":[3266],"class_list":{"0":"post-480718","1":"product","2":"type-product","3":"status-publish","4":"has-post-thumbnail","6":"product_brand-stihl-de","7":"product_cat-akku-kettensagen","8":"product_cat-kettensagen","9":"product_cat-maschinen","10":"product_tag-import-stihl-de","11":"sws-gruppo-macchinari","12":"sws-conto-ricavi-merci-rivendita-macchinari","13":"sws-gruppo-iva-iva81","15":"first","16":"onbackorder","17":"purchasable","18":"product-type-simple"},"_links":{"self":[{"href":"https:\/\/lucacastelli.com\/de\/wp-json\/wp\/v2\/product\/480718","targetHints":{"allow":["GET"]}}],"collection":[{"href":"https:\/\/lucacastelli.com\/de\/wp-json\/wp\/v2\/product"}],"about":[{"href":"https:\/\/lucacastelli.com\/de\/wp-json\/wp\/v2\/types\/product"}],"wp:featuredmedia":[{"embeddable":true,"href":"https:\/\/lucacastelli.com\/de\/wp-json\/wp\/v2\/media\/424354"}],"wp:attachment":[{"href":"https:\/\/lucacastelli.com\/de\/wp-json\/wp\/v2\/media?parent=480718"}],"wp:term":[{"taxonomy":"product_brand","embeddable":true,"href":"https:\/\/lucacastelli.com\/de\/wp-json\/wp\/v2\/product_brand?post=480718"},{"taxonomy":"product_cat","embeddable":true,"href":"https:\/\/lucacastelli.com\/de\/wp-json\/wp\/v2\/product_cat?post=480718"},{"taxonomy":"product_tag","embeddable":true,"href":"https:\/\/lucacastelli.com\/de\/wp-json\/wp\/v2\/product_tag?post=480718"}],"curies":[{"name":"wp","href":"https:\/\/api.w.org\/{rel}","templated":true}]}}