{"id":480701,"date":"2025-05-31T21:54:55","date_gmt":"2025-05-31T19:54:55","guid":{"rendered":"https:\/\/lucacastelli.com\/prodotto\/stihl-msa-220-c-b-35cm-ohne-akku-und-ladegeraet\/"},"modified":"2026-01-27T08:50:30","modified_gmt":"2026-01-27T07:50:30","slug":"stihl-msa-220-c-b-35cm-ohne-akku-und-ladegeraet","status":"publish","type":"product","link":"https:\/\/lucacastelli.com\/de\/produkt\/stihl-msa-220-c-b-35cm-ohne-akku-und-ladegeraet\/","title":{"rendered":"STIHL MSA 220 C-B, 35cm, ohne Akku und Ladeger\u00e4t"},"content":{"rendered":"<p>Leistungsstarke Akku-Kettens\u00e4ge. Ausgestattet mit einem Kettenschnellspanner (B), einer geformten F\u00e4llstange und einer 3\/8&#8243; STIHL Picco Super Hohlzahnkette \u00fcberzeugt die Kettens\u00e4ge mit Schnittleistung und Langlebigkeit.<br \/>\n886661875054 <\/p>\n<p>Nennspannung 36<br \/>\nLeistungsaufnahme Leistungsaufnahme<\/p>\n<p>Power Power<br \/>\nBattery System AP<br \/>\nEmpfohlene Batterie AP 300 S<\/p>\n","protected":false},"excerpt":{"rendered":"<p>Leistungsstarke Akku-Kettens\u00e4ge. Ausgestattet mit einem Kettenschnellspanner (B), einer geformten F\u00e4llstange und einer 3\/8&#8243; STIHL Picco Super Hohlzahnkette \u00fcberzeugt die Kettens\u00e4ge<\/p>\n","protected":false},"featured_media":424466,"template":"","meta":{"_seopress_robots_primary_cat":"none","_seopress_titles_title":"","_seopress_titles_desc":"","_seopress_robots_index":""},"product_brand":[3366],"product_cat":[29],"product_tag":[3265],"class_list":{"0":"post-480701","1":"product","2":"type-product","3":"status-publish","4":"has-post-thumbnail","6":"product_brand-stihl","7":"product_cat-macchinari","8":"product_tag-import-stihl","9":"sws-gruppo-macchinari","10":"sws-conto-ricavi-merci-rivendita-macchinari","11":"sws-gruppo-iva-iva81","13":"first","14":"onbackorder","15":"purchasable","16":"product-type-simple"},"_links":{"self":[{"href":"https:\/\/lucacastelli.com\/de\/wp-json\/wp\/v2\/product\/480701","targetHints":{"allow":["GET"]}}],"collection":[{"href":"https:\/\/lucacastelli.com\/de\/wp-json\/wp\/v2\/product"}],"about":[{"href":"https:\/\/lucacastelli.com\/de\/wp-json\/wp\/v2\/types\/product"}],"wp:featuredmedia":[{"embeddable":true,"href":"https:\/\/lucacastelli.com\/de\/wp-json\/wp\/v2\/media\/424466"}],"wp:attachment":[{"href":"https:\/\/lucacastelli.com\/de\/wp-json\/wp\/v2\/media?parent=480701"}],"wp:term":[{"taxonomy":"product_brand","embeddable":true,"href":"https:\/\/lucacastelli.com\/de\/wp-json\/wp\/v2\/product_brand?post=480701"},{"taxonomy":"product_cat","embeddable":true,"href":"https:\/\/lucacastelli.com\/de\/wp-json\/wp\/v2\/product_cat?post=480701"},{"taxonomy":"product_tag","embeddable":true,"href":"https:\/\/lucacastelli.com\/de\/wp-json\/wp\/v2\/product_tag?post=480701"}],"curies":[{"name":"wp","href":"https:\/\/api.w.org\/{rel}","templated":true}]}}