{"id":480691,"date":"2025-05-31T21:55:21","date_gmt":"2025-05-31T19:55:21","guid":{"rendered":"https:\/\/lucacastelli.com\/prodotto\/stihl-ak-20\/"},"modified":"2026-01-05T11:49:35","modified_gmt":"2026-01-05T10:49:35","slug":"stihl-ak-20","status":"publish","type":"product","link":"https:\/\/lucacastelli.com\/de\/produkt\/stihl-ak-20\/","title":{"rendered":"STIHL AK 20"},"content":{"rendered":"<p>Kompatibel mit STIHL Leichte Lithium-Ionen-Akkus mit Ladezustandsanzeige (vier LEDs). Erh\u00e4ltlich mit unterschiedlichen Energieinhalten.<br \/>\n886661575565  <\/p>\n<p>Nennspannung 36.0<br \/>\nBatteriezellen-Technologie Batteriezellen-Technologie<\/p>\n<p>Batteriegewicht Batteriegewicht Energiegehalt<br \/>\n144,00<br \/>\nNennkapazit\u00e4t nach IEC 61960 4,00<\/p>\n<table data-test-id=\"pdp-spec-tech-table\">\n<tbody>\n<tr>\n<td>Nennspannung<\/td>\n<td>36 V<\/td>\n<\/tr>\n<tr>\n<td>Batteriezellen-Technologie<\/td>\n<td>LITHIUM-IONEN<\/td>\n<\/tr>\n<tr>\nGewicht <\/p>\n<td>der Batterie<\/td>\n<td>ca. 1,2 kg<\/td>\n<\/tr>\n<tr>\n<td>Energiegehalt<\/td>\n<td>144 Wh<\/td>\n<\/tr>\n<tr>\n<td>Nennkapazit\u00e4t nach IEC 61960<\/td>\n<td>4 Ah<\/td>\n<\/tr>\n<tr>\n<td>Nennkapazit\u00e4t der Zellen (gem\u00e4\u00df Herstellerangaben)<\/td>\n<td>2 Ah<\/td>\n<\/tr>\n<tr>\n<td>Anzahl der LEDs<\/td>\n<td>4 Stk.<\/td>\n<\/tr>\n<\/tbody>\n<\/table>\n","protected":false},"excerpt":{"rendered":"<p>Kompatibel mit STIHL Leichte Lithium-Ionen-Akkus mit Ladezustandsanzeige (vier LEDs). Erh\u00e4ltlich mit unterschiedlichen Energieinhalten. 886661575565 Nennspannung 36.0 Batteriezellen-Technologie Batteriezellen-Technologie Batteriegewicht Batteriegewicht<\/p>\n","protected":false},"featured_media":424500,"template":"","meta":{"_seopress_robots_primary_cat":"none","_seopress_titles_title":"","_seopress_titles_desc":"","_seopress_robots_index":""},"product_brand":[3554],"product_cat":[1449,169],"product_tag":[3266],"class_list":{"0":"post-480691","1":"product","2":"type-product","3":"status-publish","4":"has-post-thumbnail","6":"product_brand-stihl-de","7":"product_cat-batteriesysteme-zubehor","8":"product_cat-maschinen","9":"product_tag-import-stihl-de","10":"sws-gruppo-macchinari-de","11":"sws-conto-ricavi-merci-rivendita-macchinari-de","12":"sws-gruppo-iva-iva81-de","14":"first","15":"onbackorder","16":"purchasable","17":"product-type-simple"},"_links":{"self":[{"href":"https:\/\/lucacastelli.com\/de\/wp-json\/wp\/v2\/product\/480691","targetHints":{"allow":["GET"]}}],"collection":[{"href":"https:\/\/lucacastelli.com\/de\/wp-json\/wp\/v2\/product"}],"about":[{"href":"https:\/\/lucacastelli.com\/de\/wp-json\/wp\/v2\/types\/product"}],"wp:featuredmedia":[{"embeddable":true,"href":"https:\/\/lucacastelli.com\/de\/wp-json\/wp\/v2\/media\/424500"}],"wp:attachment":[{"href":"https:\/\/lucacastelli.com\/de\/wp-json\/wp\/v2\/media?parent=480691"}],"wp:term":[{"taxonomy":"product_brand","embeddable":true,"href":"https:\/\/lucacastelli.com\/de\/wp-json\/wp\/v2\/product_brand?post=480691"},{"taxonomy":"product_cat","embeddable":true,"href":"https:\/\/lucacastelli.com\/de\/wp-json\/wp\/v2\/product_cat?post=480691"},{"taxonomy":"product_tag","embeddable":true,"href":"https:\/\/lucacastelli.com\/de\/wp-json\/wp\/v2\/product_tag?post=480691"}],"curies":[{"name":"wp","href":"https:\/\/api.w.org\/{rel}","templated":true}]}}