{"id":480682,"date":"2025-05-31T22:03:00","date_gmt":"2025-05-31T20:03:00","guid":{"rendered":"https:\/\/lucacastelli.com\/prodotto\/stihl-bga-160-ohne-akku-und-ladegeraet\/"},"modified":"2026-03-16T13:10:28","modified_gmt":"2026-03-16T12:10:28","slug":"stihl-bga-160-ohne-akku-und-ladegeraet","status":"publish","type":"product","link":"https:\/\/lucacastelli.com\/de\/produkt\/stihl-bga-160-ohne-akku-und-ladegeraet\/","title":{"rendered":"STIHL BGA 160, ohne Akku und Ladeger\u00e4t"},"content":{"rendered":"<p>pLeistungsstarkes Akku-Gebl\u00e4se f\u00fcr anspruchsvolle Anwendungen im privaten Bereich und f\u00fcr professionelle Reinigungsarbeiten, z.B. im Geb\u00e4udemanagement. Gleichbleibend hohe Leistung \u00fcber die gesamte Akkulaufzeit. Kurzes, kompaktes Ger\u00e4t mit abgewinkeltem Schaufelrohr f\u00fcr au\u00dfergew\u00f6hnliches Handling und sforzo.br-freies Arbeiten.STIHL Vernetzungsf\u00e4hig \u00fcber STIHL Anbindung dank Smart Connector.\/p<br \/>\n886661255146<\/p>\n<p>Nennspannung 36<br \/>\nBatteriesystem Batteriesystem<\/p>\n<p>Empfohlene Batterie Empfohlene<br \/>\nBatterie Ger\u00e4tegewicht 2,6<br \/>\nIP-Schutzart IPX4<\/p>\n","protected":false},"excerpt":{"rendered":"<p>pLeistungsstarkes Akku-Gebl\u00e4se f\u00fcr anspruchsvolle Anwendungen im privaten Bereich und f\u00fcr professionelle Reinigungsarbeiten, z.B. im Geb\u00e4udemanagement. Gleichbleibend hohe Leistung \u00fcber die<\/p>\n","protected":false},"featured_media":436628,"template":"","meta":{"_seopress_robots_primary_cat":"","_seopress_titles_title":"","_seopress_titles_desc":"","_seopress_robots_index":""},"product_brand":[3366],"product_cat":[29,485,489],"product_tag":[3265],"class_list":{"0":"post-480682","1":"product","2":"type-product","3":"status-publish","4":"has-post-thumbnail","6":"product_brand-stihl","7":"product_cat-macchinari","8":"product_cat-soffiatori-e-aspiratori","9":"product_cat-soffiatori-a-batteria","10":"product_tag-import-stihl","11":"sws-gruppo-macchinari-de","12":"sws-conto-ricavi-merci-rivendita-macchinari-de","13":"sws-gruppo-iva-iva81-de","15":"first","16":"onbackorder","17":"purchasable","18":"product-type-simple"},"_links":{"self":[{"href":"https:\/\/lucacastelli.com\/de\/wp-json\/wp\/v2\/product\/480682","targetHints":{"allow":["GET"]}}],"collection":[{"href":"https:\/\/lucacastelli.com\/de\/wp-json\/wp\/v2\/product"}],"about":[{"href":"https:\/\/lucacastelli.com\/de\/wp-json\/wp\/v2\/types\/product"}],"wp:featuredmedia":[{"embeddable":true,"href":"https:\/\/lucacastelli.com\/de\/wp-json\/wp\/v2\/media\/436628"}],"wp:attachment":[{"href":"https:\/\/lucacastelli.com\/de\/wp-json\/wp\/v2\/media?parent=480682"}],"wp:term":[{"taxonomy":"product_brand","embeddable":true,"href":"https:\/\/lucacastelli.com\/de\/wp-json\/wp\/v2\/product_brand?post=480682"},{"taxonomy":"product_cat","embeddable":true,"href":"https:\/\/lucacastelli.com\/de\/wp-json\/wp\/v2\/product_cat?post=480682"},{"taxonomy":"product_tag","embeddable":true,"href":"https:\/\/lucacastelli.com\/de\/wp-json\/wp\/v2\/product_tag?post=480682"}],"curies":[{"name":"wp","href":"https:\/\/api.w.org\/{rel}","templated":true}]}}