{"id":480680,"date":"2025-05-31T22:02:55","date_gmt":"2025-05-31T20:02:55","guid":{"rendered":"https:\/\/lucacastelli.com\/prodotto\/stihl-kma-135-r-ohne-akku-und-ladegeraet\/"},"modified":"2026-01-17T16:26:59","modified_gmt":"2026-01-17T15:26:59","slug":"stihl-kma-135-r-ohne-akku-und-ladegeraet","status":"publish","type":"product","link":"https:\/\/lucacastelli.com\/de\/produkt\/stihl-kma-135-r-ohne-akku-und-ladegeraet\/","title":{"rendered":"STIHL KMA 135 R, ohne Akku und Ladeger\u00e4t"},"content":{"rendered":"<p>Wenn Sie als Profi im Landschaftsbau oder als Kommune mehrere Aufgaben zu erledigen haben und maximal flexibel arbeiten m\u00f6chten, ist der STIHL Akku-Kombimotor KMA 135 R die ideale Wahl. Dieser Akku-Kombimotor ist mit allen STIHL Kombiwerkzeugen kompatibel, so dass Sie nur noch das richtige Ger\u00e4t an die Kupplung anschlie\u00dfen m\u00fcssen.\/ppDie Drehzahl des leistungsstarken EC-Motors l\u00e4sst sich am Griff stufenlos einstellen. Sie k\u00f6nnen eine von drei Standardgeschwindigkeitsstufen einstellen, die Sie als Energiesparmodus verwenden k\u00f6nnen. Da der Motor des STIHL KMA 135 R zudem sehr leise ist, k\u00f6nnen Sie in l\u00e4rmsensiblen Bereichen arbeiten, ohne einen Geh\u00f6rschutz tragen zu m\u00fcssen. Um die Lebensdauer des Motors zu verl\u00e4ngern, ist er mit einem Luftfilter mit Metallgitter ausgestattet. Das sorgt f\u00fcr eine optimale K\u00fchlung und ist zudem leicht zu reinigen. F\u00fcr hohe Bewegungsfreiheit auch bei beengten Platzverh\u00e4ltnissen ist der STIHL Kombimotor KMA 135 R mit einem Rundgriff mit Schrittbegrenzung ausgestattet. Der Schrittbegrenzer sorgt daf\u00fcr, dass Ihre F\u00fc\u00dfe und Beine nicht zu nahe an das Ger\u00e4t kommen.\/ppAlle Akku-Ger\u00e4te delnbsp; strongsystem STIHL AP\/strongnbsp; Sie sind f\u00fcr professionelle Anwender und f\u00fcr den t\u00e4glichen Gebrauch auch bei widrigen Wetterbedingungen, wie z.B. bei Regen, konzipiert.<br \/>\n886661297610<\/p>\n<p>Nennspannung 36<br \/>\nBatteriesystem Batteriesystem<\/p>\n<p>Gewicht des Ger\u00e4tes Gewicht des Ger\u00e4tes<br \/>\nL\u00e4nge bis zur Kupplungsh\u00fclse 96<\/p>\n","protected":false},"excerpt":{"rendered":"<p>Wenn Sie als Profi im Landschaftsbau oder als Kommune mehrere Aufgaben zu erledigen haben und maximal flexibel arbeiten m\u00f6chten, ist<\/p>\n","protected":false},"featured_media":436589,"template":"","meta":{"_seopress_robots_primary_cat":"","_seopress_titles_title":"","_seopress_titles_desc":"","_seopress_robots_index":""},"product_brand":[3554],"product_cat":[169,1639],"product_tag":[3266],"class_list":{"0":"post-480680","1":"product","2":"type-product","3":"status-publish","4":"has-post-thumbnail","6":"product_brand-stihl-de","7":"product_cat-maschinen","8":"product_cat-kombi-und-multi-systeme","9":"product_tag-import-stihl-de","10":"sws-gruppo-macchinari","11":"sws-conto-ricavi-merci-rivendita-macchinari","12":"sws-gruppo-iva-iva81-de","14":"first","15":"onbackorder","16":"purchasable","17":"product-type-simple"},"_links":{"self":[{"href":"https:\/\/lucacastelli.com\/de\/wp-json\/wp\/v2\/product\/480680","targetHints":{"allow":["GET"]}}],"collection":[{"href":"https:\/\/lucacastelli.com\/de\/wp-json\/wp\/v2\/product"}],"about":[{"href":"https:\/\/lucacastelli.com\/de\/wp-json\/wp\/v2\/types\/product"}],"wp:featuredmedia":[{"embeddable":true,"href":"https:\/\/lucacastelli.com\/de\/wp-json\/wp\/v2\/media\/436589"}],"wp:attachment":[{"href":"https:\/\/lucacastelli.com\/de\/wp-json\/wp\/v2\/media?parent=480680"}],"wp:term":[{"taxonomy":"product_brand","embeddable":true,"href":"https:\/\/lucacastelli.com\/de\/wp-json\/wp\/v2\/product_brand?post=480680"},{"taxonomy":"product_cat","embeddable":true,"href":"https:\/\/lucacastelli.com\/de\/wp-json\/wp\/v2\/product_cat?post=480680"},{"taxonomy":"product_tag","embeddable":true,"href":"https:\/\/lucacastelli.com\/de\/wp-json\/wp\/v2\/product_tag?post=480680"}],"curies":[{"name":"wp","href":"https:\/\/api.w.org\/{rel}","templated":true}]}}