{"id":480676,"date":"2025-05-31T22:02:52","date_gmt":"2025-05-31T20:02:52","guid":{"rendered":"https:\/\/lucacastelli.com\/prodotto\/stihl-bga-30-set-mit-2-x-as-2-und-al-1\/"},"modified":"2026-04-03T16:55:35","modified_gmt":"2026-04-03T14:55:35","slug":"stihl-bga-30-set-mit-2-x-as-2-und-al-1","status":"publish","type":"product","link":"https:\/\/lucacastelli.com\/de\/produkt\/stihl-bga-30-set-mit-2-x-as-2-und-al-1\/","title":{"rendered":"STIHL BGA 30 Set, mit 2 x AS 2 und AL 1"},"content":{"rendered":"<p>Wer rund ums Haus schnell reinigen m\u00f6chte, ist im neuen STIHL Gebl\u00e4se BGA 30nbsp f\u00fcndig geworden; Der perfekte Helfer. Er verf\u00fcgt \u00fcber eine Blaskraft von bis zu 5 Newton, die sich dank Drehzahlverstellung je nach Bedarf stufenlos einstellen l\u00e4sst. So lassen sich kleinere Fl\u00e4chen und Wege dank batteria.br-Technologie im Handumdrehen und leise von Laub und anderem Schmutz befreien \/br \/ Gleichzeitig liegt das kompakte Ger\u00e4t bequem in der Hand und l\u00e4sst sich dank seines geringen Gewichts und der perfekten Balance mit wenig Kraftaufwand einsetzen. F\u00fcr maximale Flexibilit\u00e4t l\u00e4sst sich das Blasrohr mit Flachd\u00fcse einfach und ohne Werkzeug entfernen: So lassen sich erhabene Fl\u00e4chen wie Gartenm\u00f6bel oder schmale Fl\u00e4chen, zum Beispiel hinter spazzatura.br \/br \/, problemlos blasen. Der BGA 30 bezieht Energie aus dem AS 2 Akku des STIHL AS Systems. Der Akku kann schnell ausgetauscht werden, so dass Sie ohne gr\u00f6\u00dfere Unterbrechungen weiterarbeiten k\u00f6nnen; Eine integrierte Ladezustandsanzeige gibt Auskunft \u00fcber die verbleibende Energie.\/p<br \/>\n886661879588<\/p>\n<p>Nennspannung 11<br \/>\nBatteriesystem Batteriesystem<\/p>\n<p>Ger\u00e4tegewicht Ger\u00e4tegewicht<br \/>\nIP-Schutzart N\/A<br \/>\nMax. Luftgeschwindigkeit mit Rundd\u00fcse 43,0<\/p>\n<table data-test-id=\"pdp-spec-tech-table\">\n<tbody>\n<tr>\n<td>Nennspannung<\/td>\n<td>10,8 V<\/td>\n<\/tr>\n<tr>\n<td>Gewicht<\/td>\n<td>1,5 kg<\/td>\n<\/tr>\n<tr>\n<td>Batteriesystem<\/td>\n<td>WIE<\/td>\n<\/tr>\n<tr>\n<td>Max. Luftgeschwindigkeit mit runder<\/td>\n<p> D\u00fcse<\/p>\n<td>43 m\/s<\/td>\n<\/tr>\n<tr>\n<td>Max. Luftgeschwindigkeit mit runder<\/td>\n<p> D\u00fcse<\/p>\n<td>96 Meilen pro Stunde<\/td>\n<\/tr>\n<tr>\n<td>Luftstrom mit runder<\/td>\n<p> D\u00fcse<\/p>\n<td>430 m\u00b3\/h <sup>1)<\/sup><\/td>\n<\/tr>\n<tr>\n<td>Schalldruckpegel<\/td>\n<td>73 dB(A) <sup>2)<\/sup><\/td>\n<\/tr>\n<tr>\nRechter <\/p>\n<td>Schwingungswert<\/td>\n<td>0,5 m\/s\u00b2 <sup>3)<\/sup><\/td>\n<\/tr>\n<tr>\n<td>Schalldruckpegel in 15 m Entfernung<\/td>\n<td>50 dB(A) <sup>4)<\/sup><\/td>\n<\/tr>\n<tr>\n<td>Schallleistungspegel<\/td>\n<td>84 dB(A) <sup>2)<\/sup><\/td>\n<\/tr>\n<tr>\n<td>AS2<\/td>\n<p> Batterielebensdauer<\/p>\n<td>0-25 Minuten<\/td>\n<\/tr>\n<tr>\n<td>IP-Schutzart<\/td>\n<td>N\/A<\/td>\n<\/tr>\n<\/tbody>\n<\/table>\n","protected":false},"excerpt":{"rendered":"<p>Wer rund ums Haus schnell reinigen m\u00f6chte, ist im neuen STIHL Gebl\u00e4se BGA 30nbsp f\u00fcndig geworden; Der perfekte Helfer. Er<\/p>\n","protected":false},"featured_media":436587,"template":"","meta":{"_seopress_robots_primary_cat":"none","_seopress_titles_title":"","_seopress_titles_desc":"","_seopress_robots_index":""},"product_brand":[3366],"product_cat":[29,485,489],"product_tag":[3265],"class_list":{"0":"post-480676","1":"product","2":"type-product","3":"status-publish","4":"has-post-thumbnail","6":"product_brand-stihl","7":"product_cat-macchinari","8":"product_cat-soffiatori-e-aspiratori","9":"product_cat-soffiatori-a-batteria","10":"product_tag-import-stihl","11":"sws-gruppo-macchinari","12":"sws-conto-ricavi-merci-rivendita-macchinari","13":"sws-gruppo-iva-iva81","15":"first","16":"onbackorder","17":"purchasable","18":"product-type-simple"},"_links":{"self":[{"href":"https:\/\/lucacastelli.com\/de\/wp-json\/wp\/v2\/product\/480676","targetHints":{"allow":["GET"]}}],"collection":[{"href":"https:\/\/lucacastelli.com\/de\/wp-json\/wp\/v2\/product"}],"about":[{"href":"https:\/\/lucacastelli.com\/de\/wp-json\/wp\/v2\/types\/product"}],"wp:featuredmedia":[{"embeddable":true,"href":"https:\/\/lucacastelli.com\/de\/wp-json\/wp\/v2\/media\/436587"}],"wp:attachment":[{"href":"https:\/\/lucacastelli.com\/de\/wp-json\/wp\/v2\/media?parent=480676"}],"wp:term":[{"taxonomy":"product_brand","embeddable":true,"href":"https:\/\/lucacastelli.com\/de\/wp-json\/wp\/v2\/product_brand?post=480676"},{"taxonomy":"product_cat","embeddable":true,"href":"https:\/\/lucacastelli.com\/de\/wp-json\/wp\/v2\/product_cat?post=480676"},{"taxonomy":"product_tag","embeddable":true,"href":"https:\/\/lucacastelli.com\/de\/wp-json\/wp\/v2\/product_tag?post=480676"}],"curies":[{"name":"wp","href":"https:\/\/api.w.org\/{rel}","templated":true}]}}