{"id":480674,"date":"2025-05-31T22:02:46","date_gmt":"2025-05-31T20:02:46","guid":{"rendered":"https:\/\/lucacastelli.com\/prodotto\/stihl-ada-1000\/"},"modified":"2026-03-02T14:42:58","modified_gmt":"2026-03-02T13:42:58","slug":"stihl-ada-1000","status":"publish","type":"product","link":"https:\/\/lucacastelli.com\/de\/produkt\/stihl-ada-1000\/","title":{"rendered":"STIHL ADA 1000"},"content":{"rendered":"<p>DOPPEL-AKKUADAPTER STIHL ADA 1000: F\u00dcR DEN EINSATZ VON BIS ZU 2 AP-AKKUS BEIM PROFESSIONELLEN LAUBBLASEN ODER RASENM\u00c4HEN<br \/>\nMit dem Doppel-Akkuadapter STIHL ADA 1000 k\u00f6nnen Sie 2 Akkus des STIHL AP-Systems nacheinander nutzen, wenn Sie ein STIHL Akku-Blasger\u00e4t BGA 300 oder einen STIHL Akku-Rasenm\u00e4her RMA 765 V in der professionellen Garten- und Landschaftspflege einsetzen. Dank der automatischen Umschaltung auf den zweiten Akku, sobald der erste leer ist, k\u00f6nnen Sie auch bei l\u00e4ngeren Arbeiten effizient und ohne gro\u00dfe Unterbrechungen mit Ihren STIHL Ger\u00e4ten arbeiten.<br \/>\nIn Kombination mit dem STIHL Akku-R\u00fcckenblas\u00adger\u00e4t BGA 300 k\u00f6nnen Sie den 1,9 kg schweren Doppel-Akkuadapter mit nur einem Akku nutzen und sparen so je nach verwendetem Akku bis zu 2 kg Gewicht ein.<br \/>\nHinweis: Der Doppel-Akkuadapter ADA 1000 ist f\u00fcr die Schutzklasse IPX4 zertifiziert.<br \/>\nHinweis: Der STIHL ADA 1000 ersetzt den STIHL ADA 700 und ist kompatibel mit dem Akku-Blasger\u00e4t BGA 300 (ab Seriennummer 448076854) und dem Akku-Rasenm\u00e4her RMA 765 V.<br \/>\nHinweis: Die Verwendung des STIHL Doppel-Akkuadapters ADA 1000 ist nicht zul\u00e4ssig in Kombination mit Akku-Heckenscheren (HSA), Akku-Motors\u00e4gen (MSA), Akku-Trennschleifern (TSA) und dem STIHL Tragesystem AR L.<\/p>\n","protected":false},"excerpt":{"rendered":"<p>DOPPEL-AKKUADAPTER STIHL ADA 1000: F\u00dcR DEN EINSATZ VON BIS ZU 2 AP-AKKUS BEIM PROFESSIONELLEN LAUBBLASEN ODER RASENM\u00c4HEN Mit dem Doppel-Akkuadapter<\/p>\n","protected":false},"featured_media":436561,"template":"","meta":{"_seopress_robots_primary_cat":"none","_seopress_titles_title":"","_seopress_titles_desc":"","_seopress_robots_index":""},"product_brand":[3366],"product_cat":[29,491],"product_tag":[3265],"class_list":{"0":"post-480674","1":"product","2":"type-product","3":"status-publish","4":"has-post-thumbnail","6":"product_brand-stihl","7":"product_cat-macchinari","8":"product_cat-accessori-sistemi-a-batteria","9":"product_tag-import-stihl","10":"sws-gruppo-macchinari-de","11":"sws-conto-ricavi-merci-rivendita-macchinari-de","12":"sws-gruppo-iva-iva81-de","14":"first","15":"onbackorder","16":"sale","17":"purchasable","18":"product-type-simple"},"_links":{"self":[{"href":"https:\/\/lucacastelli.com\/de\/wp-json\/wp\/v2\/product\/480674","targetHints":{"allow":["GET"]}}],"collection":[{"href":"https:\/\/lucacastelli.com\/de\/wp-json\/wp\/v2\/product"}],"about":[{"href":"https:\/\/lucacastelli.com\/de\/wp-json\/wp\/v2\/types\/product"}],"wp:featuredmedia":[{"embeddable":true,"href":"https:\/\/lucacastelli.com\/de\/wp-json\/wp\/v2\/media\/436561"}],"wp:attachment":[{"href":"https:\/\/lucacastelli.com\/de\/wp-json\/wp\/v2\/media?parent=480674"}],"wp:term":[{"taxonomy":"product_brand","embeddable":true,"href":"https:\/\/lucacastelli.com\/de\/wp-json\/wp\/v2\/product_brand?post=480674"},{"taxonomy":"product_cat","embeddable":true,"href":"https:\/\/lucacastelli.com\/de\/wp-json\/wp\/v2\/product_cat?post=480674"},{"taxonomy":"product_tag","embeddable":true,"href":"https:\/\/lucacastelli.com\/de\/wp-json\/wp\/v2\/product_tag?post=480674"}],"curies":[{"name":"wp","href":"https:\/\/api.w.org\/{rel}","templated":true}]}}