{"id":480671,"date":"2025-05-31T22:02:51","date_gmt":"2025-05-31T20:02:51","guid":{"rendered":"https:\/\/lucacastelli.com\/prodotto\/stihl-bga-30-ohne-akku-und-ladegeraet\/"},"modified":"2026-02-13T14:45:22","modified_gmt":"2026-02-13T13:45:22","slug":"stihl-bga-30-ohne-akku-und-ladegeraet","status":"publish","type":"product","link":"https:\/\/lucacastelli.com\/de\/produkt\/stihl-bga-30-ohne-akku-und-ladegeraet\/","title":{"rendered":"STIHL BGA 30, ohne Akku und Ladeger\u00e4t"},"content":{"rendered":"<p>Wer rund ums Haus schnell reinigen m\u00f6chte, ist im neuen STIHL Gebl\u00e4se BGA 30nbsp f\u00fcndig geworden; Der perfekte Helfer. Er verf\u00fcgt \u00fcber eine Blaskraft von bis zu 5 Newton, die sich dank Drehzahlverstellung je nach Bedarf stufenlos einstellen l\u00e4sst. So lassen sich kleinere Fl\u00e4chen und Wege dank batteria.br-Technologie im Handumdrehen und leise von Laub und anderem Schmutz befreien \/br \/ Gleichzeitig liegt das kompakte Ger\u00e4t bequem in der Hand und l\u00e4sst sich dank seines geringen Gewichts und der perfekten Balance mit wenig Kraftaufwand einsetzen. F\u00fcr maximale Flexibilit\u00e4t l\u00e4sst sich das Blasrohr mit Flachd\u00fcse einfach und ohne Werkzeug entfernen: So lassen sich erhabene Fl\u00e4chen wie Gartenm\u00f6bel oder schmale Fl\u00e4chen, zum Beispiel hinter spazzatura.br \/br \/, problemlos blasen. Der BGA 30 bezieht Energie aus dem AS 2 Akku des STIHL AS Systems. Der Akku kann schnell ausgetauscht werden, so dass Sie ohne gr\u00f6\u00dfere Unterbrechungen weiterarbeiten k\u00f6nnen; Eine integrierte Ladezustandsanzeige gibt Auskunft \u00fcber die verbleibende Energie.\/p<br \/>\n886661879212<\/p>\n<p>Nennspannung 11<br \/>\nBatteriesystem Batteriesystem<\/p>\n<p>Ger\u00e4tegewicht Ger\u00e4tegewicht<br \/>\nIP-Schutzart N\/A<br \/>\nMax. Luftgeschwindigkeit mit Rundd\u00fcse 43,0<\/p>\n","protected":false},"excerpt":{"rendered":"<p>Wer rund ums Haus schnell reinigen m\u00f6chte, ist im neuen STIHL Gebl\u00e4se BGA 30nbsp f\u00fcndig geworden; Der perfekte Helfer. Er<\/p>\n","protected":false},"featured_media":436571,"template":"","meta":{"_seopress_robots_primary_cat":"","_seopress_titles_title":"","_seopress_titles_desc":"","_seopress_robots_index":""},"product_brand":[3366],"product_cat":[29,485,489],"product_tag":[3265],"class_list":{"0":"post-480671","1":"product","2":"type-product","3":"status-publish","4":"has-post-thumbnail","6":"product_brand-stihl","7":"product_cat-macchinari","8":"product_cat-soffiatori-e-aspiratori","9":"product_cat-soffiatori-a-batteria","10":"product_tag-import-stihl","11":"sws-gruppo-macchinari-de","12":"sws-conto-ricavi-merci-rivendita-macchinari-de","13":"sws-gruppo-iva-iva81-de","15":"first","16":"onbackorder","17":"purchasable","18":"product-type-simple"},"_links":{"self":[{"href":"https:\/\/lucacastelli.com\/de\/wp-json\/wp\/v2\/product\/480671","targetHints":{"allow":["GET"]}}],"collection":[{"href":"https:\/\/lucacastelli.com\/de\/wp-json\/wp\/v2\/product"}],"about":[{"href":"https:\/\/lucacastelli.com\/de\/wp-json\/wp\/v2\/types\/product"}],"wp:featuredmedia":[{"embeddable":true,"href":"https:\/\/lucacastelli.com\/de\/wp-json\/wp\/v2\/media\/436571"}],"wp:attachment":[{"href":"https:\/\/lucacastelli.com\/de\/wp-json\/wp\/v2\/media?parent=480671"}],"wp:term":[{"taxonomy":"product_brand","embeddable":true,"href":"https:\/\/lucacastelli.com\/de\/wp-json\/wp\/v2\/product_brand?post=480671"},{"taxonomy":"product_cat","embeddable":true,"href":"https:\/\/lucacastelli.com\/de\/wp-json\/wp\/v2\/product_cat?post=480671"},{"taxonomy":"product_tag","embeddable":true,"href":"https:\/\/lucacastelli.com\/de\/wp-json\/wp\/v2\/product_tag?post=480671"}],"curies":[{"name":"wp","href":"https:\/\/api.w.org\/{rel}","templated":true}]}}