{"id":480668,"date":"2026-02-07T22:02:22","date_gmt":"2026-02-07T21:02:22","guid":{"rendered":"https:\/\/lucacastelli.com\/prodotto\/stihl-asa-20-set-mit-as-2-und-al-1\/"},"modified":"2026-04-17T00:54:01","modified_gmt":"2026-04-16T22:54:01","slug":"stihl-asa-20-set-mit-as-2-und-al-1","status":"publish","type":"product","link":"https:\/\/lucacastelli.com\/de\/produkt\/stihl-asa-20-set-mit-as-2-und-al-1\/","title":{"rendered":"STIHL ASA 20, Set mit AS 2 und AL 1"},"content":{"rendered":"<p>pIm Vergleich zu herk\u00f6mmlichen Gartenscheren bietet die Akku-Astschere STIHL ASA 20 eine erhebliche Entlastung bei Schneidarbeiten wie der Pflege von B\u00e4umen, B\u00fcschen, Str\u00e4uchern, Zierpflanzen und Reben \u2013 im Haus und Garten sowie bei der Arbeit auf Streuobstwiesen oder im Weinberg. Betrieben durch einen Akku des STIHL AS-Systems, verf\u00fcgt sie \u00fcber langlebige, scharfe Klingen, ist wartungsarm und einfach zu bedienen. Zudem ist dank der Akku-Unterst\u00fctzung deutlich weniger Kraftaufwand bei der Arbeit erforderlich. Ein weiterer Vorteil sind die pr\u00e4zisen Schnittergebnisse. Optimale Ergonomie und Balance bei geringem Gewicht.\/p<br \/>\n886661309276<\/p>\n<p>Nennspannung 11<br \/>\nLeistungsaufnahme Leistungsaufnahme<\/p>\n<p>Akkusystem Akkusystem<br \/>\nGewicht des Ger\u00e4ts 0,8<br \/>\nMaximale \u00d6ffnungsweite der Klinge 25<\/p>\n","protected":false},"excerpt":{"rendered":"<p>pIm Vergleich zu herk\u00f6mmlichen Gartenscheren bietet die Akku-Astschere STIHL ASA 20 eine erhebliche Entlastung bei Schneidarbeiten wie der Pflege von<\/p>\n","protected":false},"featured_media":436160,"template":"","meta":{"_seopress_robots_primary_cat":"none","_seopress_titles_title":"","_seopress_titles_desc":"","_seopress_robots_index":""},"product_brand":[3554],"product_cat":[169],"product_tag":[3266],"class_list":{"0":"post-480668","1":"product","2":"type-product","3":"status-publish","4":"has-post-thumbnail","6":"product_brand-stihl-de","7":"product_cat-maschinen","8":"product_tag-import-stihl-de","9":"sws-gruppo-macchinari-de","10":"sws-conto-ricavi-merci-rivendita-macchinari-de","11":"sws-gruppo-iva-iva81-de","13":"first","14":"instock","15":"sale","16":"purchasable","17":"product-type-simple"},"_links":{"self":[{"href":"https:\/\/lucacastelli.com\/de\/wp-json\/wp\/v2\/product\/480668","targetHints":{"allow":["GET"]}}],"collection":[{"href":"https:\/\/lucacastelli.com\/de\/wp-json\/wp\/v2\/product"}],"about":[{"href":"https:\/\/lucacastelli.com\/de\/wp-json\/wp\/v2\/types\/product"}],"wp:featuredmedia":[{"embeddable":true,"href":"https:\/\/lucacastelli.com\/de\/wp-json\/wp\/v2\/media\/436160"}],"wp:attachment":[{"href":"https:\/\/lucacastelli.com\/de\/wp-json\/wp\/v2\/media?parent=480668"}],"wp:term":[{"taxonomy":"product_brand","embeddable":true,"href":"https:\/\/lucacastelli.com\/de\/wp-json\/wp\/v2\/product_brand?post=480668"},{"taxonomy":"product_cat","embeddable":true,"href":"https:\/\/lucacastelli.com\/de\/wp-json\/wp\/v2\/product_cat?post=480668"},{"taxonomy":"product_tag","embeddable":true,"href":"https:\/\/lucacastelli.com\/de\/wp-json\/wp\/v2\/product_tag?post=480668"}],"curies":[{"name":"wp","href":"https:\/\/api.w.org\/{rel}","templated":true}]}}