{"id":480662,"date":"2025-05-31T22:02:06","date_gmt":"2025-05-31T20:02:06","guid":{"rendered":"https:\/\/lucacastelli.com\/prodotto\/stihl-sea-60-l-ohne-akku-und-ladegeraet\/"},"modified":"2025-10-06T06:02:08","modified_gmt":"2025-10-06T04:02:08","slug":"stihl-sea-60-l-ohne-akku-und-ladegeraet","status":"publish","type":"product","link":"https:\/\/lucacastelli.com\/de\/produkt\/stihl-sea-60-l-ohne-akku-und-ladegeraet\/","title":{"rendered":"STIHL SEA 60 L, ohne Akku und Ladeger\u00e4t"},"content":{"rendered":"<p>Der Akku-Nass- und Feststoffsauger STIHL SEA 60 L kombiniert hohe Saugleistung mit flexibler Handhabung. Er eignet sich f\u00fcr die mobile Reinigung ohne Netzanschluss im Haushalt, f\u00fcr die Innenreinigung von Fahrzeugen und f\u00fcr den semiprofessionellen Einsatz, z.B. im Handwerk. Der STIHL SEA 60 L wird mit delnbsp Lithium-Ionen-Batterien betrieben; strongsystem STIHL AK\/strong.\/ppMit der Zertifizierung f\u00fcr die Staubklasse L ist der SEA 60 L ideal zum Entfernen von Materialien wie Putz oder Sand in Werkst\u00e4tten oder bei Renovierungsarbeiten. Das starke Filterelement aus PET\/strongnbsp; Er kann leicht gewaschen und nach mehrmaligem Gebrauch wiederverwendet werden.\/PP Der gro\u00dfe Ein-\/Ausschalter ist leicht zug\u00e4nglich und von verschiedenen Positionen aus zu bedienen. \u00dcber den Netzschalter k\u00f6nnen Sie zwischen 2 Leistungsstufen umschalten. F\u00fcr glatte B\u00f6den reicht in der Regel Stufe 1 aus, die eine fast doppelt so lange Akkulaufzeit bietet. F\u00fcr hartn\u00e4ckige Verschmutzungen eignet sich Stufe 2 mit hoher Saugleistung.\/ppDie Universald\u00fcse und die Fugend\u00fcsen sind an Ihrem STIHL SEA 60 L leicht zug\u00e4nglich, sodass Sie schnell und bequem zwischen verschiedenen Anwendungen wechseln k\u00f6nnen. Mit dem 2,2 m langen Saugschlauch und dem 2-teiligen Saugschlauch erreichen Sie auch die schwierigsten Ecken.<br \/>\n886661036462<\/p>\n<p>Nennspannung 36<br \/>\nLeistungsaufnahme Leistungsaufnahme<\/p>\n<p>Batteriesystem Batteriesystem<br \/>\nEmpfohlene Batterie AK 20<br \/>\nGer\u00e4tegewicht 7,5<\/p>\n<table data-test-id=\"pdp-spec-tech-table\">\n<tbody>\n<tr>\n<td>Nennspannung<\/td>\n<td>36 V<\/td>\n<\/tr>\n<tr>\n<td>Eingabe<\/td>\n<td>450 W<\/td>\n<\/tr>\n<tr>\n<td>Batteriesystem<\/td>\n<td>AK<\/td>\n<\/tr>\n<tr>\n<td>Empfohlene<\/td>\n<p> Batterie<\/p>\n<td>AK 20<\/td>\n<\/tr>\n<tr>\n<td>Gewicht<\/td>\n<td>7,5 kg<\/td>\n<\/tr>\n<tr>\n<td>Max. Vakuum am Ende des Rohres<\/td>\n<td>180 mbar<\/td>\n<\/tr>\n<tr>\n<td>Volumenstrom<\/td>\n<td>1800 l\/min<\/td>\n<\/tr>\n<tr>\n<td>Beh\u00e4ltervolumen<\/td>\n<td>12 l<\/td>\n<\/tr>\n<tr>\n<td>Innendurchmesser des Saugschlauchs<\/td>\n<td>32 mm<\/td>\n<\/tr>\n<tr>\n<td>IP-Schutzart<\/td>\n<td>IPX4<\/td>\n<\/tr>\n<tr>\n<td>Akkulaufzeit mit AK 20<\/td>\n<td>0-20 Minuten<\/td>\n<\/tr>\n<tr>\n<td>H\u00f6he<\/td>\n<p> des Ger\u00e4ts<\/p>\n<td>ca. 452 mm<\/td>\n<\/tr>\n<tr>\n<td>Breite<\/td>\n<p> des Ger\u00e4ts<\/p>\n<td>350 mm<\/td>\n<\/tr>\n<tr>\n<td>Tiefe<\/td>\n<td>441 mm<\/td>\n<\/tr>\n<tr>\nMaximale <\/p>\n<td>L\u00e4nge des Saugschlauchs<\/td>\n<td>ca. 2,2 m<\/td>\n<\/tr>\n<tr>\n<td>Schalldruckpegel<\/td>\n<td>68 dB(A)<\/td>\n<\/tr>\n<\/tbody>\n<\/table>\n","protected":false},"excerpt":{"rendered":"<p>Der Akku-Nass- und Feststoffsauger STIHL SEA 60 L kombiniert hohe Saugleistung mit flexibler Handhabung. Er eignet sich f\u00fcr die mobile<\/p>\n","protected":false},"featured_media":436530,"template":"","meta":{"_seopress_robots_primary_cat":"none","_seopress_titles_title":"","_seopress_titles_desc":"","_seopress_robots_index":""},"product_brand":[3554],"product_cat":[169,1454,1475],"product_tag":[3266],"class_list":{"0":"post-480662","1":"product","2":"type-product","3":"status-publish","4":"has-post-thumbnail","6":"product_brand-stihl-de","7":"product_cat-maschinen","8":"product_cat-andere-gerate","9":"product_cat-staubsauger","10":"product_tag-import-stihl-de","11":"sws-gruppo-macchinari","12":"sws-conto-ricavi-merci-rivendita-macchinari","13":"sws-gruppo-iva-iva81","15":"first","16":"onbackorder","17":"purchasable","18":"product-type-simple"},"_links":{"self":[{"href":"https:\/\/lucacastelli.com\/de\/wp-json\/wp\/v2\/product\/480662","targetHints":{"allow":["GET"]}}],"collection":[{"href":"https:\/\/lucacastelli.com\/de\/wp-json\/wp\/v2\/product"}],"about":[{"href":"https:\/\/lucacastelli.com\/de\/wp-json\/wp\/v2\/types\/product"}],"wp:featuredmedia":[{"embeddable":true,"href":"https:\/\/lucacastelli.com\/de\/wp-json\/wp\/v2\/media\/436530"}],"wp:attachment":[{"href":"https:\/\/lucacastelli.com\/de\/wp-json\/wp\/v2\/media?parent=480662"}],"wp:term":[{"taxonomy":"product_brand","embeddable":true,"href":"https:\/\/lucacastelli.com\/de\/wp-json\/wp\/v2\/product_brand?post=480662"},{"taxonomy":"product_cat","embeddable":true,"href":"https:\/\/lucacastelli.com\/de\/wp-json\/wp\/v2\/product_cat?post=480662"},{"taxonomy":"product_tag","embeddable":true,"href":"https:\/\/lucacastelli.com\/de\/wp-json\/wp\/v2\/product_tag?post=480662"}],"curies":[{"name":"wp","href":"https:\/\/api.w.org\/{rel}","templated":true}]}}