{"id":480659,"date":"2025-05-31T22:02:06","date_gmt":"2025-05-31T20:02:06","guid":{"rendered":"https:\/\/lucacastelli.com\/prodotto\/stihl-sea-100-l-ohne-akku-und-ladegeraet\/"},"modified":"2026-03-15T19:17:02","modified_gmt":"2026-03-15T18:17:02","slug":"stihl-sea-100-l-ohne-akku-und-ladegeraet","status":"publish","type":"product","link":"https:\/\/lucacastelli.com\/de\/produkt\/stihl-sea-100-l-ohne-akku-und-ladegeraet\/","title":{"rendered":"STIHL SEA 100 L, ohne Akku und Ladeger\u00e4t"},"content":{"rendered":"<p>Der STIHL SEA 100 L Akku-Staubsauger f\u00fcr Fl\u00fcssigkeiten und Feststoffe kombiniert hohe Saugleistung mit flexibler Handhabung. Er eignet sich sowohl f\u00fcr die mobile Reinigung ohne Netzanschluss im semiprofessionellen Bereich, z.B. im Handwerk, als auch f\u00fcr den Hausgebrauch und f\u00fcr die Fahrzeuginnenreinigung. Der STIHL SEA 100 L wird mit Lithium-Ionen-Akkus betrieben dela href=&#8221;https:\/\/www.stihl.it\/it\/tecnologia-stihl\/carica-batteria-stihl\/stihl-sistema-ap&#8221;strongnbsp;\/strong\/astrongsystem STIHL AP\/strong.\/ppMit der Zertifizierung f\u00fcr die Staubklasse L ist der SEA 100 L ideal zum Entfernen von Materialien wie Putz oder Sand in Werkst\u00e4tten oder bei Renovierungsarbeiten. Das starke Filterelement aus PET\/strongnbsp; Er kann gewaschen und wiederverwendet werden.\/ppDer gro\u00dfe Ein-\/Ausschalter ist leicht zug\u00e4nglich und wird von verschiedenen Positionen aus bedient. \u00dcber den Netzschalter k\u00f6nnen Sie zwischen 2 Leistungsstufen umschalten. F\u00fcr glatte B\u00f6den reicht in der Regel Stufe 1 aus, die eine fast doppelt so lange Akkulaufzeit bietet. F\u00fcr hartn\u00e4ckige Verschmutzungen eignet sich Stufe 2 mit hoher Saugleistung.\/ppDie Universald\u00fcse und die Fugend\u00fcsen sind an Ihrem STIHL SEA 100 L leicht zug\u00e4nglich, sodass Sie schnell und bequem zwischen verschiedenen Anwendungen wechseln k\u00f6nnen. Mit dem 2,6 m langen Saugschlauch und dem 2-teiligen Saugschlauch erreichen Sie auch die schwierigsten Ecken bequem.<br \/>\n886661036790<\/p>\n<p>Nennspannung 36<br \/>\nLeistungsaufnahme Leistungsaufnahme<\/p>\n<p>Batteriesystem Batteriesystem<br \/>\nEmpfohlene Batterie AP 200<br \/>\nGer\u00e4tegewicht 7,6<\/p>\n","protected":false},"excerpt":{"rendered":"<p>Der STIHL SEA 100 L Akku-Staubsauger f\u00fcr Fl\u00fcssigkeiten und Feststoffe kombiniert hohe Saugleistung mit flexibler Handhabung. Er eignet sich sowohl<\/p>\n","protected":false},"featured_media":436543,"template":"","meta":{"_seopress_robots_primary_cat":"","_seopress_titles_title":"","_seopress_titles_desc":"","_seopress_robots_index":""},"product_brand":[3554],"product_cat":[169,1454,1475],"product_tag":[3266],"class_list":{"0":"post-480659","1":"product","2":"type-product","3":"status-publish","4":"has-post-thumbnail","6":"product_brand-stihl-de","7":"product_cat-maschinen","8":"product_cat-andere-gerate","9":"product_cat-staubsauger","10":"product_tag-import-stihl-de","11":"sws-gruppo-macchinari","12":"sws-conto-ricavi-merci-rivendita-macchinari","13":"sws-gruppo-iva-iva81","15":"first","16":"onbackorder","17":"purchasable","18":"product-type-simple"},"_links":{"self":[{"href":"https:\/\/lucacastelli.com\/de\/wp-json\/wp\/v2\/product\/480659","targetHints":{"allow":["GET"]}}],"collection":[{"href":"https:\/\/lucacastelli.com\/de\/wp-json\/wp\/v2\/product"}],"about":[{"href":"https:\/\/lucacastelli.com\/de\/wp-json\/wp\/v2\/types\/product"}],"wp:featuredmedia":[{"embeddable":true,"href":"https:\/\/lucacastelli.com\/de\/wp-json\/wp\/v2\/media\/436543"}],"wp:attachment":[{"href":"https:\/\/lucacastelli.com\/de\/wp-json\/wp\/v2\/media?parent=480659"}],"wp:term":[{"taxonomy":"product_brand","embeddable":true,"href":"https:\/\/lucacastelli.com\/de\/wp-json\/wp\/v2\/product_brand?post=480659"},{"taxonomy":"product_cat","embeddable":true,"href":"https:\/\/lucacastelli.com\/de\/wp-json\/wp\/v2\/product_cat?post=480659"},{"taxonomy":"product_tag","embeddable":true,"href":"https:\/\/lucacastelli.com\/de\/wp-json\/wp\/v2\/product_tag?post=480659"}],"curies":[{"name":"wp","href":"https:\/\/api.w.org\/{rel}","templated":true}]}}