{"id":480655,"date":"2025-05-31T22:01:45","date_gmt":"2025-05-31T20:01:45","guid":{"rendered":"https:\/\/lucacastelli.com\/prodotto\/stihl-bga-300-ohne-akku-und-ladegeraet\/"},"modified":"2025-05-31T22:01:45","modified_gmt":"2025-05-31T20:01:45","slug":"stihl-bga-300-ohne-akku-und-ladegeraet","status":"publish","type":"product","link":"https:\/\/lucacastelli.com\/de\/produkt\/stihl-bga-300-ohne-akku-und-ladegeraet\/","title":{"rendered":"STIHL BGA 300, ohne Akku und Ladeger\u00e4t"},"content":{"rendered":"<p>pWenn Kommunen und Landschaftsg\u00e4rtner Reinigungsarbeiten in l\u00e4rmsensiblen Bereichen durchf\u00fchren, ist der Ger\u00e4uschpegel des eingesetzten Ger\u00e4tes ein wesentlicher Faktor f\u00fcr die Umgebung. Deshalb haben wir mit dem Akku-Rucksackgebl\u00e4se STIHL BGA 300 die L\u00e4rmemissionen f\u00fcr Anwohner und Passanten durch das neue STIHL L\u00e4rmreduzierungssystem deutlich reduziert. Dar\u00fcber hinaus entsteht durch das Reduzieren bestimmter Frequenzen ein angenehmerer Klang. Gleichzeitig ist die Reinigungsleistung dank der maximalen Luftgeschwindigkeit von 86 m\/s besonders hoch. So k\u00f6nnen Sie auch schweres und nasses Laub schnell wegblasen und so Parks, Rasenfl\u00e4chen, Wege und Stra\u00dfen effizient reinigen.\/ppF\u00fcr ein optimales Energiemanagement k\u00f6nnen Sie die Blasleistung \u00fcber den Bediengriff mit LED-Anzeige auf 4 vordefinierte Leistungsstufen (Stufe 1 &#8211; 3 und Dauerboost) nach Ihrem Reinigungsbedarf einstellen. Das schnell verstellbare Gebl\u00e4serohr des STIHL Akku-Gebl\u00e4ses BGA 300 l\u00e4sst sich in engen Bereichen im Handumdrehen k\u00fcrzen und dann ebenso schnell wieder verl\u00e4ngern. Die kompakte Bauweise des Akku-Gebl\u00e4ses STIHL BGA 300 unterst\u00fctzt das effektive Arbeiten zus\u00e4tzlich, da es beim Bewegen, zum Beispiel beim Reinigen zwischen parkenden Autos, m\u00f6glichst wenig Platz ben\u00f6tigt.\/ppDank des ergonomischen Tragesystems mit bequemen Schultergurten und Gurt sowie dem k\u00f6rpernahen Schwerpunkt des STIHL Rucksack-Akkus AR L wird das Gewicht optimal verteilt. F\u00fcr l\u00e4ngere Laufzeiten und maximale Blasleistung wird LANBSP empfohlen; starke Batterie in Zainonbsp; STIHL AR 3000 L\/stark. F\u00fcr ein geringeres Gewicht k\u00f6nnen Sie Ihr Gebl\u00e4se optional mit dem STIHL ADA 1000 Dual-Batteriefachadapter ausstatten und bis zu 2 Akkus aus dem STIHL AP System verwenden. Auf diese Weise k\u00f6nnen Sie bei langen Eins\u00e4tzen Gewicht sparen. Dar\u00fcber hinaus ist dieses Gebl\u00e4se \u00fcber STIHL connected dank alnbsp f\u00fcr das vernetzte Arbeiten vorbereitet; strongSmart Connector 2 A.\/strong\/ppAlle akkubetriebenen Ger\u00e4te delnbsp; strongsystem STIHL AP\/strongnbsp; Sie sind f\u00fcr professionelle Anwender und f\u00fcr den t\u00e4glichen Gebrauch auch bei widrigen Wetterbedingungen konzipiert. Daher verf\u00fcgen sie \u00fcber einen gepr\u00fcften Spritzwasserschutz. Die Wirksamkeit wird durch strenge interne Tests nachgewiesen. Die Spritzwasserschutzpr\u00fcfung orientiert sich unter anderem an der IPX4-Norm.\/p<br \/>\n886661113873<\/p>\n<p>Nennspannung 36<br \/>\nBatteriesystem Batteriesystem<\/p>\n<p>Ger\u00e4tegewicht Ger\u00e4tegewicht<br \/>\nIPX4-Einstufung<br \/>\nMax. Luftgeschwindigkeit mit Rundd\u00fcse 86,0<\/p>\n","protected":false},"excerpt":{"rendered":"<p>pWenn Kommunen und Landschaftsg\u00e4rtner Reinigungsarbeiten in l\u00e4rmsensiblen Bereichen durchf\u00fchren, ist der Ger\u00e4uschpegel des eingesetzten Ger\u00e4tes ein wesentlicher Faktor f\u00fcr die<\/p>\n","protected":false},"featured_media":436460,"template":"","meta":{"_seopress_robots_primary_cat":"","_seopress_titles_title":"","_seopress_titles_desc":"","_seopress_robots_index":""},"product_brand":[3554],"product_cat":[169,1641,1654],"product_tag":[3266],"class_list":{"0":"post-480655","1":"product","2":"type-product","3":"status-publish","4":"has-post-thumbnail","6":"product_brand-stihl-de","7":"product_cat-maschinen","8":"product_cat-geblase-und-staubsauger","9":"product_cat-akku-geblase","10":"product_tag-import-stihl-de","11":"sws-gruppo-macchinari-de","12":"sws-conto-ricavi-merci-rivendita-macchinari-de","13":"sws-gruppo-iva-iva81-de","15":"first","16":"onbackorder","17":"purchasable","18":"product-type-simple"},"_links":{"self":[{"href":"https:\/\/lucacastelli.com\/de\/wp-json\/wp\/v2\/product\/480655","targetHints":{"allow":["GET"]}}],"collection":[{"href":"https:\/\/lucacastelli.com\/de\/wp-json\/wp\/v2\/product"}],"about":[{"href":"https:\/\/lucacastelli.com\/de\/wp-json\/wp\/v2\/types\/product"}],"wp:featuredmedia":[{"embeddable":true,"href":"https:\/\/lucacastelli.com\/de\/wp-json\/wp\/v2\/media\/436460"}],"wp:attachment":[{"href":"https:\/\/lucacastelli.com\/de\/wp-json\/wp\/v2\/media?parent=480655"}],"wp:term":[{"taxonomy":"product_brand","embeddable":true,"href":"https:\/\/lucacastelli.com\/de\/wp-json\/wp\/v2\/product_brand?post=480655"},{"taxonomy":"product_cat","embeddable":true,"href":"https:\/\/lucacastelli.com\/de\/wp-json\/wp\/v2\/product_cat?post=480655"},{"taxonomy":"product_tag","embeddable":true,"href":"https:\/\/lucacastelli.com\/de\/wp-json\/wp\/v2\/product_tag?post=480655"}],"curies":[{"name":"wp","href":"https:\/\/api.w.org\/{rel}","templated":true}]}}