{"id":480652,"date":"2025-05-31T22:01:44","date_gmt":"2025-05-31T20:01:44","guid":{"rendered":"https:\/\/lucacastelli.com\/prodotto\/stihl-kma-200-r-ohne-akku-und-ladegeraet\/"},"modified":"2026-03-17T08:38:25","modified_gmt":"2026-03-17T07:38:25","slug":"stihl-kma-200-r-ohne-akku-und-ladegeraet","status":"publish","type":"product","link":"https:\/\/lucacastelli.com\/de\/produkt\/stihl-kma-200-r-ohne-akku-und-ladegeraet\/","title":{"rendered":"STIHL KMA 200 R, ohne Akku und Ladeger\u00e4t"},"content":{"rendered":"<p>pDer batteriebetriebene Kombi-Motor KMAnbsp; 200 nbsp; R morenbsp; STIHL ist der dinbsp Begleiter; perfekte Arbeit f\u00fcr giardinierinbsp; Landschaftsg\u00e4rtner, Hausmeister und Privatnutzer mit GrandinBSP G\u00e4rten; Dimensionen. Das neue Kombinbsp-Tool; FSS-KM mit M\u00e4hkopf und dinbsp-Radius; m\u00e4hennbsp; Ampliatonbsp; vertritt ilnbsp; perfekte Vervollst\u00e4ndigungnbsp; des derzeitigen NBSP; Sortiment an Kombi-Werkzeugen zum M\u00e4hen von Rasen, Kantenschneiden, Schneiden von Hecken oder Reinigen von Oberfl\u00e4chen; Ergonomischer Bedienhebel mit dreistufiger Geschwindigkeitswahl und LED-Anzeige, stufenlose Geschwindigkeitseinstellung, Rundgriff, Luftfilter f\u00fcr lange Lebensdauer. Aktiviert f\u00fcr STIHL Smart Connector 2 A im Geh\u00e4use 795711991722.<\/p>\n<p>Nennspannung 36<br \/>\nBatteriesystem Batteriesystem<\/p>\n<p>Gewicht des Ger\u00e4tes Gewicht des Ger\u00e4tes<br \/>\nL\u00e4nge bis zur Kupplungsh\u00fclse 94<\/p>\n","protected":false},"excerpt":{"rendered":"<p>pDer batteriebetriebene Kombi-Motor KMAnbsp; 200 nbsp; R morenbsp; STIHL ist der dinbsp Begleiter; perfekte Arbeit f\u00fcr giardinierinbsp; Landschaftsg\u00e4rtner, Hausmeister und<\/p>\n","protected":false},"featured_media":436447,"template":"","meta":{"_seopress_robots_primary_cat":"","_seopress_titles_title":"","_seopress_titles_desc":"","_seopress_robots_index":""},"product_brand":[3366],"product_cat":[29,296],"product_tag":[3265],"class_list":{"0":"post-480652","1":"product","2":"type-product","3":"status-publish","4":"has-post-thumbnail","6":"product_brand-stihl","7":"product_cat-macchinari","8":"product_cat-sistemi-kombi-e-multi","9":"product_tag-import-stihl","10":"sws-gruppo-macchinari-de","11":"sws-conto-ricavi-merci-rivendita-macchinari-de","12":"sws-gruppo-iva-iva81-de","14":"first","15":"onbackorder","16":"purchasable","17":"product-type-simple"},"_links":{"self":[{"href":"https:\/\/lucacastelli.com\/de\/wp-json\/wp\/v2\/product\/480652","targetHints":{"allow":["GET"]}}],"collection":[{"href":"https:\/\/lucacastelli.com\/de\/wp-json\/wp\/v2\/product"}],"about":[{"href":"https:\/\/lucacastelli.com\/de\/wp-json\/wp\/v2\/types\/product"}],"wp:featuredmedia":[{"embeddable":true,"href":"https:\/\/lucacastelli.com\/de\/wp-json\/wp\/v2\/media\/436447"}],"wp:attachment":[{"href":"https:\/\/lucacastelli.com\/de\/wp-json\/wp\/v2\/media?parent=480652"}],"wp:term":[{"taxonomy":"product_brand","embeddable":true,"href":"https:\/\/lucacastelli.com\/de\/wp-json\/wp\/v2\/product_brand?post=480652"},{"taxonomy":"product_cat","embeddable":true,"href":"https:\/\/lucacastelli.com\/de\/wp-json\/wp\/v2\/product_cat?post=480652"},{"taxonomy":"product_tag","embeddable":true,"href":"https:\/\/lucacastelli.com\/de\/wp-json\/wp\/v2\/product_tag?post=480652"}],"curies":[{"name":"wp","href":"https:\/\/api.w.org\/{rel}","templated":true}]}}