{"id":480648,"date":"2025-05-31T22:01:08","date_gmt":"2025-05-31T20:01:08","guid":{"rendered":"https:\/\/lucacastelli.com\/prodotto\/stihl-sha-140-ohne-ac-und-ladegeraet\/"},"modified":"2026-03-18T14:06:29","modified_gmt":"2026-03-18T13:06:29","slug":"stihl-sha-140-ohne-ac-und-ladegeraet","status":"publish","type":"product","link":"https:\/\/lucacastelli.com\/de\/produkt\/stihl-sha-140-ohne-ac-und-ladegeraet\/","title":{"rendered":"STIHL SHA 140, ohne AC und Ladeger\u00e4t"},"content":{"rendered":"<p>Er ist ideal f\u00fcr Landschaftsg\u00e4rtner, kommunale Betriebe und Reinigungsdienste. Er erm\u00f6glicht es beispielsweise, abgestorbenes Laub, M\u00e4h- oder Heckenschnittabf\u00e4lle effizient aufzusaugen und dann direkt in der Maschine zu zerkleinern. Au\u00dferdem ist er extrem leise, so dass Sie Ihre Reinigungsarbeiten ohne Geh\u00f6rschutz erledigen k\u00f6nnen. Dank des variablen Steuerausl\u00f6sers k\u00f6nnen Sie die Saugleistung je nach Aufgabenstellung stufenlos anpassen. Boost-Funktion, die Sie ganz einfach \u00fcber den Steuerausl\u00f6ser aktivieren k\u00f6nnen und die Ihnen maximale potenza.br \/br \/Das zerkleinerte Material wird direkt im 55 l Volumenauffangsack aufbewahrt. Die Tasche kann dann sehr einfach entnommen werden, ohne dass Werkzeuge geleert werden m\u00fcssen. Robuste und langlebige Metallschnallen erleichtern das \u00d6ffnen und chiusura.br \/br \/ STIHL Air Flow Management System bietet eine hohe und gleichm\u00e4\u00dfige Saugleistung, egal wie voll und schmutzig der Auffangsack ist.\/p<br \/>\n886661672844<\/p>\n<p>Nennspannung 36<br \/>\nBatteriesystem Batteriesystem<\/p>\n<p>Empfohlener Akku Empfohlener<br \/>\nAkku Ger\u00e4tegewicht 5,1<br \/>\nZerkleinerungsverh\u00e4ltnis 1:14<\/p>\n","protected":false},"excerpt":{"rendered":"<p>Er ist ideal f\u00fcr Landschaftsg\u00e4rtner, kommunale Betriebe und Reinigungsdienste. Er erm\u00f6glicht es beispielsweise, abgestorbenes Laub, M\u00e4h- oder Heckenschnittabf\u00e4lle effizient aufzusaugen<\/p>\n","protected":false},"featured_media":436411,"template":"","meta":{"_seopress_robots_primary_cat":"","_seopress_titles_title":"","_seopress_titles_desc":"","_seopress_robots_index":""},"product_brand":[3554],"product_cat":[1454,1641,169,1475],"product_tag":[3266],"class_list":{"0":"post-480648","1":"product","2":"type-product","3":"status-publish","4":"has-post-thumbnail","6":"product_brand-stihl-de","7":"product_cat-andere-gerate","8":"product_cat-geblase-und-staubsauger","9":"product_cat-maschinen","10":"product_cat-staubsauger","11":"product_tag-import-stihl-de","12":"sws-gruppo-macchinari-de","13":"sws-conto-ricavi-merci-rivendita-macchinari-de","14":"sws-gruppo-iva-iva81-de","16":"first","17":"onbackorder","18":"purchasable","19":"product-type-simple"},"_links":{"self":[{"href":"https:\/\/lucacastelli.com\/de\/wp-json\/wp\/v2\/product\/480648","targetHints":{"allow":["GET"]}}],"collection":[{"href":"https:\/\/lucacastelli.com\/de\/wp-json\/wp\/v2\/product"}],"about":[{"href":"https:\/\/lucacastelli.com\/de\/wp-json\/wp\/v2\/types\/product"}],"wp:featuredmedia":[{"embeddable":true,"href":"https:\/\/lucacastelli.com\/de\/wp-json\/wp\/v2\/media\/436411"}],"wp:attachment":[{"href":"https:\/\/lucacastelli.com\/de\/wp-json\/wp\/v2\/media?parent=480648"}],"wp:term":[{"taxonomy":"product_brand","embeddable":true,"href":"https:\/\/lucacastelli.com\/de\/wp-json\/wp\/v2\/product_brand?post=480648"},{"taxonomy":"product_cat","embeddable":true,"href":"https:\/\/lucacastelli.com\/de\/wp-json\/wp\/v2\/product_cat?post=480648"},{"taxonomy":"product_tag","embeddable":true,"href":"https:\/\/lucacastelli.com\/de\/wp-json\/wp\/v2\/product_tag?post=480648"}],"curies":[{"name":"wp","href":"https:\/\/api.w.org\/{rel}","templated":true}]}}