{"id":480635,"date":"2025-05-31T21:59:57","date_gmt":"2025-05-31T19:59:57","guid":{"rendered":"https:\/\/lucacastelli.com\/prodotto\/stihl-rea-100-plus-ohne-akku-oder-ladegeraet\/"},"modified":"2026-04-14T21:42:49","modified_gmt":"2026-04-14T19:42:49","slug":"stihl-rea-100-plus-ohne-akku-oder-ladegeraet","status":"publish","type":"product","link":"https:\/\/lucacastelli.com\/de\/produkt\/stihl-rea-100-plus-ohne-akku-oder-ladegeraet\/","title":{"rendered":"STIHL REA 100 PLUS, ohne Akku oder Ladeger\u00e4t"},"content":{"rendered":"<p>Der Akku-Hochdruckreiniger STIHL REA 100 PLUS ist ein leichtes und tragbares Ger\u00e4t, das sich ideal f\u00fcr Reinigungsarbeiten in Bereichen ohne Strom- oder Wasseranschluss sowie f\u00fcr den Einsatz in Haus und Garten eignet. Ob im Garten mit Pergola, beim Camping oder zu Hause, mit diesem kabellosen Hochdruckreiniger k\u00f6nnen Sie eine Vielzahl von Reinigungsarbeiten effizient ausf\u00fchren. Er eignet sich perfekt, um Terrassen, Treppen und Gartenm\u00f6bel mit Leichtigkeit zu reinigen. Der STIHL REA 100 PLUS bietet ein H\u00f6chstma\u00df an Mobilit\u00e4t und Flexibilit\u00e4t.   <\/p>\n<p>Angetrieben von einem leistungsstarken Akku aus dem STIHL AP System kann dieser Hochdruckreiniger auch ohne Wasseranschluss betrieben werden. Sie k\u00f6nnen den Saugmodus nutzen und dank des optionalen Saugschlauchs Wasser aus z. B. einer Regentonne entnehmen. Alternativ ist als Zubeh\u00f6r ein praktischer Wagen mit 20-Liter-Wassertank erh\u00e4ltlich, der als eigenst\u00e4ndige Wasserreserve dient.  <\/p>\n<p>Durch den leisen und leistungsstarken EC-Motor der STIHL REA 100 PLUS l\u00e4sst sich in Kombination mit einer robusten Hochdruckpumpe und einem Aluminium-Pumpenkopf ein maximaler Druck von 150 bar erreichen, was einen schnellen Arbeitsfortschritt erm\u00f6glicht. F\u00fcr eine effektive Reinigung auf unterschiedlichen Oberfl\u00e4chen bietet der STIHL REA 100 PLUS eine stufenlose Druckregulierung und verf\u00fcgt \u00fcber eine 3-in-1-D\u00fcse an der Lanze. Drehen Sie sie einfach, um zwischen einer Rotord\u00fcse, einer Flachstrahld\u00fcse oder einer Reinigungsd\u00fcse zu w\u00e4hlen, ohne dass zus\u00e4tzliche Komponenten montiert oder demontiert werden m\u00fcssen.  <\/p>\n<p>Die Anti-Bohr-Schnellkupplung der Hochdruckpistole verhindert, dass der Hochdruckschlauch w\u00e4hrend des Gebrauchs abknickt. Dar\u00fcber hinaus ist der STIHL REA 100 PLUS mit einer integrierten Schlauchtrommel mit Schlauchf\u00fchrung ausgestattet, die das platzsparende Handling und die Lagerung des 6 Meter langen Hochdruckschlauchs erleichtert. Integrierte Halterungen f\u00fcr die Hochdruckpistole und die Strahllanze machen den Transport und die Lagerung noch komfortabler.  <\/p>\n<p>Technische Daten<\/p>\n<p>Betriebsdruck: 125 bar<br \/>\nMaximaler Druck: 150 bar<br \/>\nMin. Wasserdurchfluss: 270 l\/h<br \/>\nMaximaler Wasserdurchfluss: 300 l\/h<br \/>\nL\u00e4nge des Hochdruckschlauchs: 6 m<br \/>\nGewicht des Ger\u00e4ts: 6,7 kg<br \/>\nSchalldruckpegel: 75 dB(A)<br \/>\nSchallleistungspegel: 87 dB(A)<br \/>\nVibrationswert links: 1,7 m\/s\u00b2<br \/>\nRechter Vibrationswert: 2 m\/s\u00b2<br \/>\nNennspannung: 36 V<br \/>\nEmpfohlener Akku: AP 300 S<br \/>\nAkkulaufzeit mit AP 100: 0-15 min<br \/>\nAkkulaufzeit mit AP 200 S: 30 min<br \/>\nAkkulaufzeit mit AP 300: 0-50 min<br \/>\nAkkulaufzeit mit AP 300 S: 0-45 min<br \/>\nAkkulaufzeit mit AP 500 S: 50 min<\/p>\n","protected":false},"excerpt":{"rendered":"<p>Der Akku-Hochdruckreiniger STIHL REA 100 PLUS ist ein leichtes und tragbares Ger\u00e4t, das sich ideal f\u00fcr Reinigungsarbeiten in Bereichen ohne<\/p>\n","protected":false},"featured_media":436337,"template":"","meta":{"_seopress_robots_primary_cat":"none","_seopress_titles_title":"","_seopress_titles_desc":"","_seopress_robots_index":""},"product_brand":[3554],"product_cat":[1454,1512,169],"product_tag":[3266],"class_list":{"0":"post-480635","1":"product","2":"type-product","3":"status-publish","4":"has-post-thumbnail","6":"product_brand-stihl-de","7":"product_cat-andere-gerate","8":"product_cat-hochdruckreiniger","9":"product_cat-maschinen","10":"product_tag-import-stihl-de","11":"sws-gruppo-macchinari-de","12":"sws-conto-ricavi-merci-rivendita-macchinari-de","13":"sws-gruppo-iva-iva81-de","15":"first","16":"onbackorder","17":"purchasable","18":"product-type-simple"},"_links":{"self":[{"href":"https:\/\/lucacastelli.com\/de\/wp-json\/wp\/v2\/product\/480635","targetHints":{"allow":["GET"]}}],"collection":[{"href":"https:\/\/lucacastelli.com\/de\/wp-json\/wp\/v2\/product"}],"about":[{"href":"https:\/\/lucacastelli.com\/de\/wp-json\/wp\/v2\/types\/product"}],"wp:featuredmedia":[{"embeddable":true,"href":"https:\/\/lucacastelli.com\/de\/wp-json\/wp\/v2\/media\/436337"}],"wp:attachment":[{"href":"https:\/\/lucacastelli.com\/de\/wp-json\/wp\/v2\/media?parent=480635"}],"wp:term":[{"taxonomy":"product_brand","embeddable":true,"href":"https:\/\/lucacastelli.com\/de\/wp-json\/wp\/v2\/product_brand?post=480635"},{"taxonomy":"product_cat","embeddable":true,"href":"https:\/\/lucacastelli.com\/de\/wp-json\/wp\/v2\/product_cat?post=480635"},{"taxonomy":"product_tag","embeddable":true,"href":"https:\/\/lucacastelli.com\/de\/wp-json\/wp\/v2\/product_tag?post=480635"}],"curies":[{"name":"wp","href":"https:\/\/api.w.org\/{rel}","templated":true}]}}