{"id":480622,"date":"2025-05-31T21:59:31","date_gmt":"2025-05-31T19:59:31","guid":{"rendered":"https:\/\/lucacastelli.com\/prodotto\/stihl-kg-770\/"},"modified":"2025-05-31T21:59:31","modified_gmt":"2025-05-31T19:59:31","slug":"stihl-kg-770","status":"publish","type":"product","link":"https:\/\/lucacastelli.com\/de\/produkt\/stihl-kg-770\/","title":{"rendered":"STIHL KG 770"},"content":{"rendered":"<p>Die kompakte Kehrmaschine f\u00fcr Fl\u00e4chen bis ca. 1.500 Quadratmeter. Ausgestattet mit dem STIHL MultiClean PLUS sammelt er die unterschiedlichsten Verschmutzungen. Schmutzbeh\u00e4lter mit einem Fassungsverm\u00f6gen von 50 Litern, leicht zu entleeren. B\u00fcrstengarantie bis zu 4 Jahre.\/p<br \/>\n795711975135<\/p>\n<p>Gewicht des Ger\u00e4tes 13,0<br \/>\nKehrleistung Kehrleistung<\/p>\n<p>F\u00fcr Fl\u00e4chen bis ca. F\u00fcr Fl\u00e4chen bis ca.<\/p>\n","protected":false},"excerpt":{"rendered":"<p>Die kompakte Kehrmaschine f\u00fcr Fl\u00e4chen bis ca. 1.500 Quadratmeter. Ausgestattet mit dem STIHL MultiClean PLUS sammelt er die unterschiedlichsten Verschmutzungen.<\/p>\n","protected":false},"featured_media":424878,"template":"","meta":{"_seopress_robots_primary_cat":"","_seopress_titles_title":"","_seopress_titles_desc":"","_seopress_robots_index":""},"product_brand":[3554],"product_cat":[1454,1547,169],"product_tag":[3266],"class_list":{"0":"post-480622","1":"product","2":"type-product","3":"status-publish","4":"has-post-thumbnail","6":"product_brand-stihl-de","7":"product_cat-andere-gerate","8":"product_cat-kehrmaschinen","9":"product_cat-maschinen","10":"product_tag-import-stihl-de","11":"sws-gruppo-macchinari","12":"sws-conto-ricavi-merci-rivendita-macchinari","13":"sws-gruppo-iva-iva81","15":"first","16":"onbackorder","17":"purchasable","18":"product-type-simple"},"_links":{"self":[{"href":"https:\/\/lucacastelli.com\/de\/wp-json\/wp\/v2\/product\/480622","targetHints":{"allow":["GET"]}}],"collection":[{"href":"https:\/\/lucacastelli.com\/de\/wp-json\/wp\/v2\/product"}],"about":[{"href":"https:\/\/lucacastelli.com\/de\/wp-json\/wp\/v2\/types\/product"}],"wp:featuredmedia":[{"embeddable":true,"href":"https:\/\/lucacastelli.com\/de\/wp-json\/wp\/v2\/media\/424878"}],"wp:attachment":[{"href":"https:\/\/lucacastelli.com\/de\/wp-json\/wp\/v2\/media?parent=480622"}],"wp:term":[{"taxonomy":"product_brand","embeddable":true,"href":"https:\/\/lucacastelli.com\/de\/wp-json\/wp\/v2\/product_brand?post=480622"},{"taxonomy":"product_cat","embeddable":true,"href":"https:\/\/lucacastelli.com\/de\/wp-json\/wp\/v2\/product_cat?post=480622"},{"taxonomy":"product_tag","embeddable":true,"href":"https:\/\/lucacastelli.com\/de\/wp-json\/wp\/v2\/product_tag?post=480622"}],"curies":[{"name":"wp","href":"https:\/\/api.w.org\/{rel}","templated":true}]}}