{"id":480617,"date":"2025-05-31T21:59:30","date_gmt":"2025-05-31T19:59:30","guid":{"rendered":"https:\/\/lucacastelli.com\/prodotto\/stihl-kga-770-ohne-akku-und-ladegeraet\/"},"modified":"2026-04-16T15:26:17","modified_gmt":"2026-04-16T13:26:17","slug":"stihl-kga-770-ohne-akku-und-ladegeraet","status":"publish","type":"product","link":"https:\/\/lucacastelli.com\/de\/produkt\/stihl-kga-770-ohne-akku-und-ladegeraet\/","title":{"rendered":"STIHL KGA 770, ohne Akku und Ladeger\u00e4t"},"content":{"rendered":"<p>Hochwertige Akkukehrmaschine f\u00fcr Fl\u00e4chen bis ca. 2000 Quadratmeter. Dank des Akkubetriebes von Besen und Walzen ist dieses Ger\u00e4t am leichtesten zu man\u00f6vrieren. Der Besen und die Walze drehen sich st\u00e4ndig mit optimaler Geschwindigkeit. Erhebliche Reinigungsleistung auch in Ecken und in der N\u00e4he von Hindernissen, da sich Besen und Walze auch bei stehendem Bediener drehen. Ausgestattet mit dem Reinigungssystem MultiClean PLUS und einem gro\u00dfen Schmutzbeh\u00e4lter (50 l).<br \/>\n886661337149    <\/p>\n<p>Nennspannung 36<br \/>\nBatteriesystem Batteriesystem<\/p>\n<p>Empfohlene Batterie Empfohlene<br \/>\nBatterie Ger\u00e4tegewicht 16,9<br \/>\nBeh\u00e4lterkapazit\u00e4t 40<\/p>\n","protected":false},"excerpt":{"rendered":"<p>Hochwertige Akkukehrmaschine f\u00fcr Fl\u00e4chen bis ca. 2000 Quadratmeter. Dank des Akkubetriebes von Besen und Walzen ist dieses Ger\u00e4t am leichtesten<\/p>\n","protected":false},"featured_media":424865,"template":"","meta":{"_seopress_robots_primary_cat":"","_seopress_titles_title":"","_seopress_titles_desc":"","_seopress_robots_index":""},"product_brand":[3366],"product_cat":[29,514,522],"product_tag":[3265],"class_list":{"0":"post-480617","1":"product","2":"type-product","3":"status-publish","4":"has-post-thumbnail","6":"product_brand-stihl","7":"product_cat-macchinari","8":"product_cat-altri-dispositivi","9":"product_cat-spazzatrici","10":"product_tag-import-stihl","11":"sws-gruppo-macchinari-de","12":"sws-conto-ricavi-merci-rivendita-macchinari-de","13":"sws-gruppo-iva-iva81-de","15":"first","16":"onbackorder","17":"purchasable","18":"product-type-simple"},"_links":{"self":[{"href":"https:\/\/lucacastelli.com\/de\/wp-json\/wp\/v2\/product\/480617","targetHints":{"allow":["GET"]}}],"collection":[{"href":"https:\/\/lucacastelli.com\/de\/wp-json\/wp\/v2\/product"}],"about":[{"href":"https:\/\/lucacastelli.com\/de\/wp-json\/wp\/v2\/types\/product"}],"wp:featuredmedia":[{"embeddable":true,"href":"https:\/\/lucacastelli.com\/de\/wp-json\/wp\/v2\/media\/424865"}],"wp:attachment":[{"href":"https:\/\/lucacastelli.com\/de\/wp-json\/wp\/v2\/media?parent=480617"}],"wp:term":[{"taxonomy":"product_brand","embeddable":true,"href":"https:\/\/lucacastelli.com\/de\/wp-json\/wp\/v2\/product_brand?post=480617"},{"taxonomy":"product_cat","embeddable":true,"href":"https:\/\/lucacastelli.com\/de\/wp-json\/wp\/v2\/product_cat?post=480617"},{"taxonomy":"product_tag","embeddable":true,"href":"https:\/\/lucacastelli.com\/de\/wp-json\/wp\/v2\/product_tag?post=480617"}],"curies":[{"name":"wp","href":"https:\/\/api.w.org\/{rel}","templated":true}]}}