{"id":480462,"date":"2025-04-07T16:53:00","date_gmt":"2025-04-07T16:53:00","guid":{"rendered":"https:\/\/lucacastelli.com\/prodotto\/crazy-luftzug-2\/"},"modified":"2026-04-17T23:18:26","modified_gmt":"2026-04-17T21:18:26","slug":"crazy-luftzug-2","status":"publish","type":"product","link":"https:\/\/lucacastelli.com\/de\/produkt\/crazy-luftzug-2\/","title":{"rendered":"CRAZY LUFTZUG"},"content":{"rendered":"<p>Bequem, warm und weich wie ein Teddyb\u00e4r! Der brandneue Pull Aria ist ein Must-have f\u00fcr au\u00dfergew\u00f6hnlichen Komfort in dieser Wintersaison!<br \/>\nSeine unglaubliche Weichheit im Griff wird durch das Fluffy Warm Small Gewebe garantiert, das Top-Gewebe gegen extreme K\u00e4lte, das Leichtigkeit mit einem unglaublich weichen und flauschigen Gef\u00fchl vereint. Das Ganze in einem eleganten und schlichten Design, perfekt f\u00fcr die Freizeit. <\/p>\n<p>\u2022 Fleece mit durchgehendem Frontrei\u00dfverschluss<br \/>\n\u2022 Kapuze<br \/>\n\u2022 2 Handtaschen<\/p>\n<p>GEWICHT: 520 gr<\/p>\n","protected":false},"excerpt":{"rendered":"<p>Bequem, warm und weich wie ein Teddyb\u00e4r! Der brandneue Pull Aria ist ein Must-have f\u00fcr au\u00dfergew\u00f6hnlichen Komfort in dieser Wintersaison!<\/p>\n","protected":false},"featured_media":404706,"template":"","meta":{"_seopress_robots_primary_cat":"none","_seopress_titles_title":"","_seopress_titles_desc":"","_seopress_robots_index":""},"product_brand":[3614],"product_cat":[1388,974,82],"product_tag":[],"class_list":{"0":"post-480462","1":"product","2":"type-product","3":"status-publish","4":"has-post-thumbnail","6":"product_brand-crazy-de","7":"product_cat-damenbekleidung","8":"product_cat-freizeitkleidung","9":"product_cat-kleidung","10":"sws-gruppo-abb-libero-de","11":"sws-conto-ricavi-merci-rivendita-abbigliamento-de","12":"sws-gruppo-iva-iva81-de","14":"first","15":"instock","16":"sale","17":"shipping-taxable","18":"purchasable","19":"product-type-variable"},"_links":{"self":[{"href":"https:\/\/lucacastelli.com\/de\/wp-json\/wp\/v2\/product\/480462","targetHints":{"allow":["GET"]}}],"collection":[{"href":"https:\/\/lucacastelli.com\/de\/wp-json\/wp\/v2\/product"}],"about":[{"href":"https:\/\/lucacastelli.com\/de\/wp-json\/wp\/v2\/types\/product"}],"wp:featuredmedia":[{"embeddable":true,"href":"https:\/\/lucacastelli.com\/de\/wp-json\/wp\/v2\/media\/404706"}],"wp:attachment":[{"href":"https:\/\/lucacastelli.com\/de\/wp-json\/wp\/v2\/media?parent=480462"}],"wp:term":[{"taxonomy":"product_brand","embeddable":true,"href":"https:\/\/lucacastelli.com\/de\/wp-json\/wp\/v2\/product_brand?post=480462"},{"taxonomy":"product_cat","embeddable":true,"href":"https:\/\/lucacastelli.com\/de\/wp-json\/wp\/v2\/product_cat?post=480462"},{"taxonomy":"product_tag","embeddable":true,"href":"https:\/\/lucacastelli.com\/de\/wp-json\/wp\/v2\/product_tag?post=480462"}],"curies":[{"name":"wp","href":"https:\/\/api.w.org\/{rel}","templated":true}]}}