{"id":480443,"date":"2025-04-07T16:53:00","date_gmt":"2025-04-07T16:53:00","guid":{"rendered":"https:\/\/lucacastelli.com\/prodotto\/crazy-pant-super\/"},"modified":"2026-04-17T23:18:46","modified_gmt":"2026-04-17T21:18:46","slug":"crazy-pant-super","status":"publish","type":"product","link":"https:\/\/lucacastelli.com\/de\/produkt\/crazy-pant-super\/","title":{"rendered":"CRAZY PANT SUPER"},"content":{"rendered":"<p>Modeideen in die Outdoor-Welt zu bringen, war schon immer die Mission von Crazy, und die Super Pants sind der Ausdruck dieses Ansatzes: die originale technische Jeanshose mit Print, perfekt f\u00fcr Bergaktivit\u00e4ten und um t\u00e4glich den Komfort eines technischen Kleidungsst\u00fccks zu genie\u00dfen.<br \/>\nAbsoluter Komfort und ein knitterfreier Stoff\u2026 Immer perfekt!<br \/>\nSie besteht aus dem bedruckten technischen Endurance-Gewebe, das in den meisten Berghosen der Kollektion verwendet wird. Es handelt sich um ein weiches und atmungsaktives Material mit windabweisenden Eigenschaften und DWR-Behandlung (wasserabweisend). <\/p>\n<p>\u2022 Elastischer Bund<br \/>\n\u2022 Seitentaschen mit Sicherheitsrei\u00dfverschluss<br \/>\n\u2022 Beinabschluss mit verstellbarem elastischem Einsatz am Kn\u00f6chel und Rei\u00dfverschluss<\/p>\n<p>GEWICHT: 396 g<\/p>\n","protected":false},"excerpt":{"rendered":"<p>Modeideen in die Outdoor-Welt zu bringen, war schon immer die Mission von Crazy, und die Super Pants sind der Ausdruck<\/p>\n","protected":false},"featured_media":404688,"template":"","meta":{"_seopress_robots_primary_cat":"none","_seopress_titles_title":"","_seopress_titles_desc":"","_seopress_robots_index":""},"product_brand":[3614],"product_cat":[974,975,82],"product_tag":[],"class_list":{"0":"post-480443","1":"product","2":"type-product","3":"status-publish","4":"has-post-thumbnail","6":"product_brand-crazy-de","7":"product_cat-freizeitkleidung","8":"product_cat-herrenbekleidung","9":"product_cat-kleidung","10":"sws-gruppo-abb-libero-de","11":"sws-conto-ricavi-merci-rivendita-abbigliamento-de","12":"sws-gruppo-iva-iva81-de","14":"first","15":"instock","16":"sale","17":"shipping-taxable","18":"purchasable","19":"product-type-variable"},"_links":{"self":[{"href":"https:\/\/lucacastelli.com\/de\/wp-json\/wp\/v2\/product\/480443","targetHints":{"allow":["GET"]}}],"collection":[{"href":"https:\/\/lucacastelli.com\/de\/wp-json\/wp\/v2\/product"}],"about":[{"href":"https:\/\/lucacastelli.com\/de\/wp-json\/wp\/v2\/types\/product"}],"wp:featuredmedia":[{"embeddable":true,"href":"https:\/\/lucacastelli.com\/de\/wp-json\/wp\/v2\/media\/404688"}],"wp:attachment":[{"href":"https:\/\/lucacastelli.com\/de\/wp-json\/wp\/v2\/media?parent=480443"}],"wp:term":[{"taxonomy":"product_brand","embeddable":true,"href":"https:\/\/lucacastelli.com\/de\/wp-json\/wp\/v2\/product_brand?post=480443"},{"taxonomy":"product_cat","embeddable":true,"href":"https:\/\/lucacastelli.com\/de\/wp-json\/wp\/v2\/product_cat?post=480443"},{"taxonomy":"product_tag","embeddable":true,"href":"https:\/\/lucacastelli.com\/de\/wp-json\/wp\/v2\/product_tag?post=480443"}],"curies":[{"name":"wp","href":"https:\/\/api.w.org\/{rel}","templated":true}]}}