{"id":480430,"date":"2025-04-07T16:53:00","date_gmt":"2025-04-07T16:53:00","guid":{"rendered":"https:\/\/lucacastelli.com\/prodotto\/crazy-pant-viper\/"},"modified":"2026-04-17T23:19:35","modified_gmt":"2026-04-17T21:19:35","slug":"crazy-pant-viper","status":"publish","type":"product","link":"https:\/\/lucacastelli.com\/de\/produkt\/crazy-pant-viper\/","title":{"rendered":"CRAZY PANT VIPER"},"content":{"rendered":"<p>Ideal f\u00fcr Winterwanderungen und<br \/>\nSchneeschuhtouren.<br \/>\nHergestellt aus atmungsaktivem, winddichtem, antipilling- und abriebfestem Soft-Shell-Gewebe mit DWR-Impr\u00e4gnierung. Der untere Beinbereich ist \u00fcber einen Druckknopf in zwei verschiedenen Weiten verstellbar, um Bergschuhe perfekt aufzunehmen und Schnee fernzuhalten.<br \/>\nSch\u00fctzende Kniepaneele aus robustem, aber leichtem und atmungsaktivem Material, praktische Handtaschen und Patte, alle mit Rei\u00dfverschluss, sowie ein komfortabler und breiter verstellbarer G\u00fcrtel mit elastischer Kordel runden dieses Kleidungsst\u00fcck ab. <\/p>\n<p>Verstellbarer elastischer G\u00fcrtel mit Kordel<br \/>\n\u2022 Taschen mit verschwei\u00dften Rei\u00dfverschl\u00fcssen<br \/>\n\u2022 Ges\u00e4\u00dftasche mit verdecktem Rei\u00dfverschluss<br \/>\n\u2022 Leichte Verst\u00e4rkungen an den Knien<br \/>\n\u2022 Verstellbare Beinabschl\u00fcsse mit Kn\u00f6pfen<br \/>\n\u2022 Reflektierende Logos<\/p>\n<p>GEWICHT: 399 g<\/p>\n","protected":false},"excerpt":{"rendered":"<p>Ideal f\u00fcr Winterwanderungen und Schneeschuhtouren. Hergestellt aus atmungsaktivem, winddichtem, antipilling- und abriebfestem Soft-Shell-Gewebe mit DWR-Impr\u00e4gnierung. Der untere Beinbereich ist \u00fcber<\/p>\n","protected":false},"featured_media":404679,"template":"","meta":{"_seopress_robots_primary_cat":"","_seopress_titles_title":"","_seopress_titles_desc":"","_seopress_robots_index":""},"product_brand":[3614],"product_cat":[82,974,975],"product_tag":[],"class_list":{"0":"post-480430","1":"product","2":"type-product","3":"status-publish","4":"has-post-thumbnail","6":"product_brand-crazy-de","7":"product_cat-kleidung","8":"product_cat-freizeitkleidung","9":"product_cat-herrenbekleidung","10":"sws-gruppo-abb-libero-de","11":"sws-conto-ricavi-merci-rivendita-abbigliamento-de","12":"sws-gruppo-iva-iva81-de","14":"first","15":"instock","16":"sale","17":"shipping-taxable","18":"purchasable","19":"product-type-variable"},"_links":{"self":[{"href":"https:\/\/lucacastelli.com\/de\/wp-json\/wp\/v2\/product\/480430","targetHints":{"allow":["GET"]}}],"collection":[{"href":"https:\/\/lucacastelli.com\/de\/wp-json\/wp\/v2\/product"}],"about":[{"href":"https:\/\/lucacastelli.com\/de\/wp-json\/wp\/v2\/types\/product"}],"wp:featuredmedia":[{"embeddable":true,"href":"https:\/\/lucacastelli.com\/de\/wp-json\/wp\/v2\/media\/404679"}],"wp:attachment":[{"href":"https:\/\/lucacastelli.com\/de\/wp-json\/wp\/v2\/media?parent=480430"}],"wp:term":[{"taxonomy":"product_brand","embeddable":true,"href":"https:\/\/lucacastelli.com\/de\/wp-json\/wp\/v2\/product_brand?post=480430"},{"taxonomy":"product_cat","embeddable":true,"href":"https:\/\/lucacastelli.com\/de\/wp-json\/wp\/v2\/product_cat?post=480430"},{"taxonomy":"product_tag","embeddable":true,"href":"https:\/\/lucacastelli.com\/de\/wp-json\/wp\/v2\/product_tag?post=480430"}],"curies":[{"name":"wp","href":"https:\/\/api.w.org\/{rel}","templated":true}]}}