{"id":480400,"date":"2025-04-07T16:53:00","date_gmt":"2025-04-07T14:53:00","guid":{"rendered":"https:\/\/lucacastelli.com\/prodotto\/crazy-pant-9\/"},"modified":"2026-03-01T00:25:39","modified_gmt":"2026-02-28T23:25:39","slug":"crazy-pant-9","status":"publish","type":"product","link":"https:\/\/lucacastelli.com\/de\/produkt\/crazy-pant-9\/","title":{"rendered":"CRAZY PANT"},"content":{"rendered":"<p>Die Acceleration-Linie wurde f\u00fcr das Training entwickelt und repr\u00e4sentiert die Essenz von Geschwindigkeit und Leichtigkeit in den Bergen, indem sie hochtechnische Stoffe und fortschrittliche Konstruktionen mit einer athletischen Passform und einem einzigartigen Stil kombiniert. 100% verr\u00fcckt! Die Hose besteht aus Vuelta-Gewebe &#8220;Made in Italy&#8221;, das aufgrund seines Komforts, seiner hohen Atmungsaktivit\u00e4t und seiner W\u00e4rmeregulierung ausgew\u00e4hlt wurde. Die Eins\u00e4tze an den Knien bestehen aus Softshell mit einer winddichten Membran f\u00fcr zus\u00e4tzlichen Schutz, w\u00e4hrend die B\u00fcndchen an den Kn\u00f6cheln aus laminiertem Gewebe mit Schnittschutzverst\u00e4rkung bestehen.<br \/>\nDieses Kleidungsst\u00fcck hat eine athletische Passform und verf\u00fcgt \u00fcber technische Details wie wasserdichte Gamaschen mit vollgriffigem Gummizug, die sich an Skitourenschuhe anpassen.   <\/p>\n<p>\u2022 H\u00fcftgurt mit verstellbarem<br \/>\n Kordelzug\u2022 Hitzeversiegelte Rei\u00dfverschlusstaschen<br \/>\n\u2022 Flachn\u00e4hte in Kontrastfarbe<br \/>\n\u2022 Unterschenkel mit elastischem Saum, Kn\u00f6chelzwickel und Rei\u00dfverschluss<br \/>\n\u2022 Wasserdichte elastische Gamaschen, die den meisten Rennskitourenschuhen passen<\/p>\n<p>GEWICHT: 398 gr<\/p>\n","protected":false},"excerpt":{"rendered":"<p>Die Acceleration-Linie wurde f\u00fcr das Training entwickelt und repr\u00e4sentiert die Essenz von Geschwindigkeit und Leichtigkeit in den Bergen, indem sie<\/p>\n","protected":false},"featured_media":404659,"template":"","meta":{"_seopress_robots_primary_cat":"","_seopress_titles_title":"","_seopress_titles_desc":"","_seopress_robots_index":""},"product_brand":[3413],"product_cat":[21,189,190],"product_tag":[],"class_list":{"0":"post-480400","1":"product","2":"type-product","3":"status-publish","4":"has-post-thumbnail","6":"product_brand-crazy","7":"product_cat-abbigliamento","8":"product_cat-abbigliamento-per-il-tempo-libero","9":"product_cat-abbigliamento-da-uomo","10":"sws-gruppo-abb-libero-de","11":"sws-conto-ricavi-merci-rivendita-abbigliamento-de","12":"sws-gruppo-iva-iva81-de","14":"first","15":"instock","16":"shipping-taxable","17":"purchasable","18":"product-type-variable"},"_links":{"self":[{"href":"https:\/\/lucacastelli.com\/de\/wp-json\/wp\/v2\/product\/480400","targetHints":{"allow":["GET"]}}],"collection":[{"href":"https:\/\/lucacastelli.com\/de\/wp-json\/wp\/v2\/product"}],"about":[{"href":"https:\/\/lucacastelli.com\/de\/wp-json\/wp\/v2\/types\/product"}],"wp:featuredmedia":[{"embeddable":true,"href":"https:\/\/lucacastelli.com\/de\/wp-json\/wp\/v2\/media\/404659"}],"wp:attachment":[{"href":"https:\/\/lucacastelli.com\/de\/wp-json\/wp\/v2\/media?parent=480400"}],"wp:term":[{"taxonomy":"product_brand","embeddable":true,"href":"https:\/\/lucacastelli.com\/de\/wp-json\/wp\/v2\/product_brand?post=480400"},{"taxonomy":"product_cat","embeddable":true,"href":"https:\/\/lucacastelli.com\/de\/wp-json\/wp\/v2\/product_cat?post=480400"},{"taxonomy":"product_tag","embeddable":true,"href":"https:\/\/lucacastelli.com\/de\/wp-json\/wp\/v2\/product_tag?post=480400"}],"curies":[{"name":"wp","href":"https:\/\/api.w.org\/{rel}","templated":true}]}}