{"id":480375,"date":"2025-04-07T16:53:00","date_gmt":"2025-04-07T14:53:00","guid":{"rendered":"https:\/\/lucacastelli.com\/prodotto\/crazy-weste-channel-man\/"},"modified":"2026-04-15T00:01:31","modified_gmt":"2026-04-14T22:01:31","slug":"crazy-weste-channel-man","status":"publish","type":"product","link":"https:\/\/lucacastelli.com\/de\/produkt\/crazy-weste-channel-man\/","title":{"rendered":"CRAZY VEST CHANNEL MAN"},"content":{"rendered":"<p>Die neue hybride Funktionsweste der CRAZY-Kollektion: die Vest Channel Man! Sie kombiniert wattierte Eins\u00e4tze mit Fleece-Eins\u00e4tzen, um Schutz, W\u00e4rme und Atmungsaktivit\u00e4t zu optimieren. Damit ist sie die perfekte Au\u00dfenschicht f\u00fcr Skitouren und Aktivit\u00e4ten bei kaltem Wetter. Die Vorderseite besteht aus nahtlosem I-Tube-Schlauchgewebe und ist mit<br \/>\nMicrorollo gef\u00fcllt, einer italienischen Synthetik-Isolierung, die eine \u00e4hnliche W\u00e4rmeleistung wie nat\u00fcrliche Daunen bietet und schnell trocknet.<br \/>\nDie Seitenbahnen und der Saum sind aus Two-Face-Gewebe gefertigt \u2013 weich, atmungsaktiv und wasserabweisend. Schultern und R\u00fccken bestehen aus<br \/>\nAirtastic, einem leichten, elastischen und wasserabweisenden Material. Diese Partien sind zudem mit Polartec Alpha<br \/>\nDirect gef\u00fcttert, einer atmungsaktiven und weichen Isolierung mit direktem Hautkontakt.<br \/>\nDiese aufwendige und hochtechnische Konstruktion bietet perfekte Performance f\u00fcr jede K\u00f6rperzone.     <\/p>\n<p>\u2022 2-Wege-Frontrei\u00dfverschluss<br \/>\n\u2022 Seitliche Rei\u00dfverschlusstaschen<br \/>\n\u2022 Elastischer Saum<br \/>\n\u2022 Geklebte Brusttasche mit Rei\u00dfverschluss<br \/>\n\u2022 Reflektierende Logos<br \/>\n\u2022 Microrollo-Isolierung<br \/>\n\u2022 Flachn\u00e4hte in Kontrastfarbe<\/p>\n<p>GEWICHT: 255 gr<\/p>\n","protected":false},"excerpt":{"rendered":"<p>Die neue hybride Funktionsweste der CRAZY-Kollektion: die Vest Channel Man! Sie kombiniert wattierte Eins\u00e4tze mit Fleece-Eins\u00e4tzen, um Schutz, W\u00e4rme und<\/p>\n","protected":false},"featured_media":649580,"template":"","meta":{"_seopress_robots_primary_cat":"none","_seopress_titles_title":"","_seopress_titles_desc":"","_seopress_robots_index":""},"product_brand":[3614],"product_cat":[974,975,82],"product_tag":[],"class_list":{"0":"post-480375","1":"product","2":"type-product","3":"status-publish","4":"has-post-thumbnail","6":"product_brand-crazy-de","7":"product_cat-freizeitkleidung","8":"product_cat-herrenbekleidung","9":"product_cat-kleidung","10":"sws-gruppo-abb-libero-de","11":"sws-conto-ricavi-merci-rivendita-abbigliamento-de","12":"sws-gruppo-iva-iva81-de","14":"first","15":"instock","16":"sale","17":"shipping-taxable","18":"purchasable","19":"product-type-variable"},"_links":{"self":[{"href":"https:\/\/lucacastelli.com\/de\/wp-json\/wp\/v2\/product\/480375","targetHints":{"allow":["GET"]}}],"collection":[{"href":"https:\/\/lucacastelli.com\/de\/wp-json\/wp\/v2\/product"}],"about":[{"href":"https:\/\/lucacastelli.com\/de\/wp-json\/wp\/v2\/types\/product"}],"wp:featuredmedia":[{"embeddable":true,"href":"https:\/\/lucacastelli.com\/de\/wp-json\/wp\/v2\/media\/649580"}],"wp:attachment":[{"href":"https:\/\/lucacastelli.com\/de\/wp-json\/wp\/v2\/media?parent=480375"}],"wp:term":[{"taxonomy":"product_brand","embeddable":true,"href":"https:\/\/lucacastelli.com\/de\/wp-json\/wp\/v2\/product_brand?post=480375"},{"taxonomy":"product_cat","embeddable":true,"href":"https:\/\/lucacastelli.com\/de\/wp-json\/wp\/v2\/product_cat?post=480375"},{"taxonomy":"product_tag","embeddable":true,"href":"https:\/\/lucacastelli.com\/de\/wp-json\/wp\/v2\/product_tag?post=480375"}],"curies":[{"name":"wp","href":"https:\/\/api.w.org\/{rel}","templated":true}]}}