{"id":480371,"date":"2025-11-24T16:53:00","date_gmt":"2025-11-24T15:53:00","guid":{"rendered":"https:\/\/lucacastelli.com\/prodotto\/crazy-jkt-kanal-man\/"},"modified":"2026-04-01T01:51:32","modified_gmt":"2026-03-31T23:51:32","slug":"crazy-jkt-kanal-man","status":"publish","type":"product","link":"https:\/\/lucacastelli.com\/de\/produkt\/crazy-jkt-kanal-man\/","title":{"rendered":"CRAZY JKT KANAL MAN"},"content":{"rendered":"<p>Die neue, technische Hybridjacke aus der Crazy-Kollektion, die Jkt Channel Man! Sie kombiniert gepolsterte Eins\u00e4tze mit Fleece-Eins\u00e4tzen, um Schutz, W\u00e4rme und Atmungsaktivit\u00e4t zu optimieren. Dies macht sie zu einer perfekten Au\u00dfenschicht f\u00fcr Skitouren und Aktivit\u00e4ten bei kaltem Wetter.<br \/>\nDie Vorderseite ist aus nahtlosem I-Tube-Schlauchgewebe gefertigt und mit Microrollo isoliert, einem italienischen Synthetik-Isolator, der eine \u00e4hnliche W\u00e4rmeleistung wie nat\u00fcrliche Daunen und eine schnelle Trocknung bietet.  <\/p>\n<p>Die Seitenteile und der Saum sind aus Two-Face-Gewebe gefertigt, das weich, atmungsaktiv und wasserabweisend ist.<br \/>\nDie Schultern, \u00c4rmel und der R\u00fccken sind aus Airtastic gefertigt, einem leichten, elastischen und wasserabweisenden Gewebe. Diese Eins\u00e4tze sind schlie\u00dflich mit Polartec Alpha Direct gef\u00fcttert, einem atmungsaktiven und weichen Isolator mit direktem Hautkontakt.<br \/>\nDiese aufwendige und extrem technische Konstruktion zielt darauf ab, f\u00fcr jeden K\u00f6rperbereich die perfekte Leistung zu erbringen. <\/p>\n<p>\u2022 Ergonomische Kapuze mit elastischem Rand und Visier<br \/>\n\u2022 Front\u00f6ffnung mit Rei\u00dfverschluss<br \/>\n\u2022 Handtaschen mit Rei\u00dfverschluss<br \/>\n\u2022 Brusttasche mit geklebtem Rei\u00dfverschluss<br \/>\n\u2022 Daumenloch<br \/>\n\u2022 Microrollo-Isolierung<br \/>\n\u2022 Reflektierende Logos<br \/>\n\u2022 Flache N\u00e4hte mit Kontrastfarbe<br \/>\n\u2022 Elastischer Saum<\/p>\n<p>GEWICHT: 355 gr<\/p>\n","protected":false},"excerpt":{"rendered":"<p>Die neue, technische Hybridjacke aus der Crazy-Kollektion, die Jkt Channel Man! Sie kombiniert gepolsterte Eins\u00e4tze mit Fleece-Eins\u00e4tzen, um Schutz, W\u00e4rme<\/p>\n","protected":false},"featured_media":649606,"template":"","meta":{"_seopress_robots_primary_cat":"none","_seopress_titles_title":"","_seopress_titles_desc":"","_seopress_robots_index":""},"product_brand":[3614],"product_cat":[82,974,975],"product_tag":[],"class_list":{"0":"post-480371","1":"product","2":"type-product","3":"status-publish","4":"has-post-thumbnail","6":"product_brand-crazy-de","7":"product_cat-kleidung","8":"product_cat-freizeitkleidung","9":"product_cat-herrenbekleidung","10":"sws-gruppo-abb-libero-de","11":"sws-conto-ricavi-merci-rivendita-abbigliamento-de","12":"sws-gruppo-iva-iva81-de","14":"first","15":"instock","16":"shipping-taxable","17":"purchasable","18":"product-type-variable"},"_links":{"self":[{"href":"https:\/\/lucacastelli.com\/de\/wp-json\/wp\/v2\/product\/480371","targetHints":{"allow":["GET"]}}],"collection":[{"href":"https:\/\/lucacastelli.com\/de\/wp-json\/wp\/v2\/product"}],"about":[{"href":"https:\/\/lucacastelli.com\/de\/wp-json\/wp\/v2\/types\/product"}],"wp:featuredmedia":[{"embeddable":true,"href":"https:\/\/lucacastelli.com\/de\/wp-json\/wp\/v2\/media\/649606"}],"wp:attachment":[{"href":"https:\/\/lucacastelli.com\/de\/wp-json\/wp\/v2\/media?parent=480371"}],"wp:term":[{"taxonomy":"product_brand","embeddable":true,"href":"https:\/\/lucacastelli.com\/de\/wp-json\/wp\/v2\/product_brand?post=480371"},{"taxonomy":"product_cat","embeddable":true,"href":"https:\/\/lucacastelli.com\/de\/wp-json\/wp\/v2\/product_cat?post=480371"},{"taxonomy":"product_tag","embeddable":true,"href":"https:\/\/lucacastelli.com\/de\/wp-json\/wp\/v2\/product_tag?post=480371"}],"curies":[{"name":"wp","href":"https:\/\/api.w.org\/{rel}","templated":true}]}}