{"id":480346,"date":"2025-04-07T16:53:00","date_gmt":"2025-04-07T16:53:00","guid":{"rendered":"https:\/\/lucacastelli.com\/prodotto\/crazy-jkt-beschleunigung\/"},"modified":"2026-04-17T23:15:55","modified_gmt":"2026-04-17T21:15:55","slug":"crazy-jkt-beschleunigung","status":"publish","type":"product","link":"https:\/\/lucacastelli.com\/de\/produkt\/crazy-jkt-beschleunigung\/","title":{"rendered":"CRAZY JKT ACCELERATION"},"content":{"rendered":"<p>Die leistungsst\u00e4rkste Midlayer-Jacke auf dem Markt.<br \/>\nSie ist die Weiterentwicklung der ersten von Crazy entworfenen Isolationsjacke f\u00fcr die wichtigsten klassischen Skitourenrennen im Jahr 2013, als das Reglement erstmals eine Isolationsjacke als Teil der Pflichtausr\u00fcstung vorschrieb.<br \/>\nCrazy entwickelte sofort eine extrem leichte und komprimierbare Jacke, die W\u00e4rme bei minimalem Packma\u00df bietet und vor allem voll elastisch ist. Sie war ein sofortiger Erfolg, und heute bleibt die Jkt Acceleration die perfekte Jacke auch f\u00fcr intensivste Aktivit\u00e4ten, w\u00e4hrend ihr elegantes Design sie auch alltagstauglich macht.<br \/>\nSie besteht vollst\u00e4ndig aus dem leichten, wasserabweisenden, winddichten und rei\u00dffesten Air-tastic-Au\u00dfenmaterial von Toray.<br \/>\nDie Jacke ist mit einer hochmodernen 4-Wege-Stretch-Isolierung gef\u00fcttert, die eine hohe W\u00e4rmespeicherung, Komprimierbarkeit und schnelle Trocknung bietet.<br \/>\nZus\u00e4tzlich zu den zwei Seitentaschen haben wir eine Innentasche f\u00fcr das schnelle Verstauen von Zubeh\u00f6r wie Handschuhen und M\u00fctzen integriert. <\/p>\n<p>\u2022 4-Wege-Stretch-Isolationsjacke mit Kapuze<br \/>\n\u2022 1 Brusttasche mit Rei\u00dfverschluss<br \/>\n\u2022 1 gro\u00dfe Brusttasche aus Stoff mit elastischem Rand<br \/>\n\u2022 Kapuze mit Futter und festem Schirm zum Schutz vor Regen<br \/>\n\u2022 Elastischer Bund<\/p>\n<p>GEWICHT: 304 g<\/p>\n","protected":false},"excerpt":{"rendered":"<p>Die leistungsst\u00e4rkste Midlayer-Jacke auf dem Markt. Sie ist die Weiterentwicklung der ersten von Crazy entworfenen Isolationsjacke f\u00fcr die wichtigsten klassischen<\/p>\n","protected":false},"featured_media":404583,"template":"","meta":{"_seopress_robots_primary_cat":"none","_seopress_titles_title":"","_seopress_titles_desc":"","_seopress_robots_index":""},"product_brand":[3614],"product_cat":[974,975,82],"product_tag":[],"class_list":{"0":"post-480346","1":"product","2":"type-product","3":"status-publish","4":"has-post-thumbnail","6":"product_brand-crazy-de","7":"product_cat-freizeitkleidung","8":"product_cat-herrenbekleidung","9":"product_cat-kleidung","10":"sws-gruppo-abb-libero-de","11":"sws-conto-ricavi-merci-rivendita-abbigliamento-de","12":"sws-gruppo-iva-iva81-de","14":"first","15":"instock","16":"sale","17":"shipping-taxable","18":"purchasable","19":"product-type-variable"},"_links":{"self":[{"href":"https:\/\/lucacastelli.com\/de\/wp-json\/wp\/v2\/product\/480346","targetHints":{"allow":["GET"]}}],"collection":[{"href":"https:\/\/lucacastelli.com\/de\/wp-json\/wp\/v2\/product"}],"about":[{"href":"https:\/\/lucacastelli.com\/de\/wp-json\/wp\/v2\/types\/product"}],"wp:featuredmedia":[{"embeddable":true,"href":"https:\/\/lucacastelli.com\/de\/wp-json\/wp\/v2\/media\/404583"}],"wp:attachment":[{"href":"https:\/\/lucacastelli.com\/de\/wp-json\/wp\/v2\/media?parent=480346"}],"wp:term":[{"taxonomy":"product_brand","embeddable":true,"href":"https:\/\/lucacastelli.com\/de\/wp-json\/wp\/v2\/product_brand?post=480346"},{"taxonomy":"product_cat","embeddable":true,"href":"https:\/\/lucacastelli.com\/de\/wp-json\/wp\/v2\/product_cat?post=480346"},{"taxonomy":"product_tag","embeddable":true,"href":"https:\/\/lucacastelli.com\/de\/wp-json\/wp\/v2\/product_tag?post=480346"}],"curies":[{"name":"wp","href":"https:\/\/api.w.org\/{rel}","templated":true}]}}