{"id":480336,"date":"2025-04-07T16:53:00","date_gmt":"2025-04-07T16:53:00","guid":{"rendered":"https:\/\/lucacastelli.com\/prodotto\/crazy-nach-oben-ziehen-2\/"},"modified":"2026-04-17T23:15:42","modified_gmt":"2026-04-17T21:15:42","slug":"crazy-nach-oben-ziehen-2","status":"publish","type":"product","link":"https:\/\/lucacastelli.com\/de\/produkt\/crazy-nach-oben-ziehen-2\/","title":{"rendered":"CRAZY PULL ASCENT"},"content":{"rendered":"<p>Meistern Sie Ihre Outdoor-Abenteuer mit unserer neuen Midlayer-Jacke mit halbem Rei\u00dfverschluss, die sich durch einen unglaublichen Stil auszeichnet, der perfekt zu den verschiedenen Familien der Kollektion passt. Sie stellt die perfekte technische zweite Schicht f\u00fcr k\u00e4ltere Tage dar.<br \/>\nDer Pull Ascent ist vollst\u00e4ndig aus High Performance-Gewebe gefertigt, unserem Spitzengewebe, um Atmungsaktivit\u00e4t und W\u00e4rmespeicherung in Midlayern zu kombinieren.<br \/>\nDas moderne und farbenfrohe Design wird durch kontrastierende Flachn\u00e4hte und eine praktische Innentasche f\u00fcr LVS-Ger\u00e4t bereichert. <\/p>\n<p>\u2022 Pullover mit halbem Rei\u00dfverschluss und enganliegendem hohem Kragen<br \/>\n\u2022 Brusttasche mit verklebtem Rei\u00dfverschluss<br \/>\n\u2022 Reflektierende Logos<br \/>\n\u2022 Flachn\u00e4hte in Kontrastfarbe<br \/>\n\u2022 Innentasche f\u00fcr Lawinenversch\u00fcttetensuchger\u00e4t (LVS)<\/p>\n<p>GEWICHT: 305 g<\/p>\n","protected":false},"excerpt":{"rendered":"<p>Meistern Sie Ihre Outdoor-Abenteuer mit unserer neuen Midlayer-Jacke mit halbem Rei\u00dfverschluss, die sich durch einen unglaublichen Stil auszeichnet, der perfekt<\/p>\n","protected":false},"featured_media":404536,"template":"","meta":{"_seopress_robots_primary_cat":"none","_seopress_titles_title":"","_seopress_titles_desc":"","_seopress_robots_index":""},"product_brand":[3614],"product_cat":[974,975,82],"product_tag":[],"class_list":{"0":"post-480336","1":"product","2":"type-product","3":"status-publish","4":"has-post-thumbnail","6":"product_brand-crazy-de","7":"product_cat-freizeitkleidung","8":"product_cat-herrenbekleidung","9":"product_cat-kleidung","10":"sws-gruppo-abb-libero-de","11":"sws-conto-ricavi-merci-rivendita-abbigliamento-de","12":"sws-gruppo-iva-iva81-de","14":"first","15":"instock","16":"sale","17":"shipping-taxable","18":"purchasable","19":"product-type-variable","20":"has-default-attributes"},"_links":{"self":[{"href":"https:\/\/lucacastelli.com\/de\/wp-json\/wp\/v2\/product\/480336","targetHints":{"allow":["GET"]}}],"collection":[{"href":"https:\/\/lucacastelli.com\/de\/wp-json\/wp\/v2\/product"}],"about":[{"href":"https:\/\/lucacastelli.com\/de\/wp-json\/wp\/v2\/types\/product"}],"wp:featuredmedia":[{"embeddable":true,"href":"https:\/\/lucacastelli.com\/de\/wp-json\/wp\/v2\/media\/404536"}],"wp:attachment":[{"href":"https:\/\/lucacastelli.com\/de\/wp-json\/wp\/v2\/media?parent=480336"}],"wp:term":[{"taxonomy":"product_brand","embeddable":true,"href":"https:\/\/lucacastelli.com\/de\/wp-json\/wp\/v2\/product_brand?post=480336"},{"taxonomy":"product_cat","embeddable":true,"href":"https:\/\/lucacastelli.com\/de\/wp-json\/wp\/v2\/product_cat?post=480336"},{"taxonomy":"product_tag","embeddable":true,"href":"https:\/\/lucacastelli.com\/de\/wp-json\/wp\/v2\/product_tag?post=480336"}],"curies":[{"name":"wp","href":"https:\/\/api.w.org\/{rel}","templated":true}]}}