{"id":480309,"date":"2025-04-07T16:53:00","date_gmt":"2025-04-07T14:53:00","guid":{"rendered":"https:\/\/lucacastelli.com\/prodotto\/crazy-pull-aufloesung-5\/"},"modified":"2026-03-01T00:25:42","modified_gmt":"2026-02-28T23:25:42","slug":"crazy-pull-aufloesung-5","status":"publish","type":"product","link":"https:\/\/lucacastelli.com\/de\/produkt\/crazy-pull-aufloesung-5\/","title":{"rendered":"CRAZY PULL-AUFL\u00d6SUNG"},"content":{"rendered":"<p>Die Resolution-Familie repr\u00e4sentiert mit ihrem modernen und eleganten Design die Evolution des Bergstils. Unser Pull Resolution ist der beliebteste Artikel in der Crazy-Kollektion.<br \/>\nEs handelt sich um eine Zwischenschicht, die f\u00fcr Skitouren und Sportarten mit mittlerer Intensit\u00e4t geeignet ist. Es kann als Zwischenschicht an besonders kalten Tagen oder als Au\u00dfenschicht in der \u00dcbergangszeit verwendet werden.<br \/>\nHergestellt aus High-Performance-Gewebe, ist es extrem weich und leistungsstark. Dieses Kleidungsst\u00fcck verwendet die 3D-Version des Stoffes, die sich durch eine dreidimensionale Zellstruktur auszeichnet, die die Atmungsaktivit\u00e4t verbessert.  <\/p>\n<p>\u2022 Einschubtaschen mit Rei\u00dfverschl\u00fcssen\u2022 Transceiver-Tasche<br \/>\n mit EASY LOCK-System<br \/>\n\u2022 Gummizug an der Unterseite und an den \u00c4rmelb\u00fcndchen<br \/>\n\u2022 Reflektierende Logos<br \/>\n\u2022 Flachn\u00e4hte in Kontrastfarbe<\/p>\n<p>GEWICHT: 334 gr<\/p>\n","protected":false},"excerpt":{"rendered":"<p>Die Resolution-Familie repr\u00e4sentiert mit ihrem modernen und eleganten Design die Evolution des Bergstils. Unser Pull Resolution ist der beliebteste Artikel<\/p>\n","protected":false},"featured_media":404494,"template":"","meta":{"_seopress_robots_primary_cat":"","_seopress_titles_title":"","_seopress_titles_desc":"","_seopress_robots_index":""},"product_brand":[3413],"product_cat":[21,189,190],"product_tag":[],"class_list":{"0":"post-480309","1":"product","2":"type-product","3":"status-publish","4":"has-post-thumbnail","6":"product_brand-crazy","7":"product_cat-abbigliamento","8":"product_cat-abbigliamento-per-il-tempo-libero","9":"product_cat-abbigliamento-da-uomo","10":"sws-gruppo-abb-libero-de","11":"sws-conto-ricavi-merci-rivendita-abbigliamento-de","12":"sws-gruppo-iva-iva81-de","14":"first","15":"instock","16":"shipping-taxable","17":"purchasable","18":"product-type-variable"},"_links":{"self":[{"href":"https:\/\/lucacastelli.com\/de\/wp-json\/wp\/v2\/product\/480309","targetHints":{"allow":["GET"]}}],"collection":[{"href":"https:\/\/lucacastelli.com\/de\/wp-json\/wp\/v2\/product"}],"about":[{"href":"https:\/\/lucacastelli.com\/de\/wp-json\/wp\/v2\/types\/product"}],"wp:featuredmedia":[{"embeddable":true,"href":"https:\/\/lucacastelli.com\/de\/wp-json\/wp\/v2\/media\/404494"}],"wp:attachment":[{"href":"https:\/\/lucacastelli.com\/de\/wp-json\/wp\/v2\/media?parent=480309"}],"wp:term":[{"taxonomy":"product_brand","embeddable":true,"href":"https:\/\/lucacastelli.com\/de\/wp-json\/wp\/v2\/product_brand?post=480309"},{"taxonomy":"product_cat","embeddable":true,"href":"https:\/\/lucacastelli.com\/de\/wp-json\/wp\/v2\/product_cat?post=480309"},{"taxonomy":"product_tag","embeddable":true,"href":"https:\/\/lucacastelli.com\/de\/wp-json\/wp\/v2\/product_tag?post=480309"}],"curies":[{"name":"wp","href":"https:\/\/api.w.org\/{rel}","templated":true}]}}