{"id":480266,"date":"2025-04-07T16:53:00","date_gmt":"2025-04-07T14:53:00","guid":{"rendered":"https:\/\/lucacastelli.com\/prodotto\/crazy-gulliver-pullover\/"},"modified":"2026-04-15T00:01:33","modified_gmt":"2026-04-14T22:01:33","slug":"crazy-gulliver-pullover","status":"publish","type":"product","link":"https:\/\/lucacastelli.com\/de\/produkt\/crazy-gulliver-pullover\/","title":{"rendered":"CRAZY PULL GULLIVER"},"content":{"rendered":"<p>L\u00e4ssiger Pullover mit v\u00f6llig neuem Stil und Farbmix.<br \/>\nHergestellt aus dem technischen HP-Gewebe, das in Bergbekleidung verwendet wird, aber dieser Pullover eignet sich auch f\u00fcr Outdoor-Aktivit\u00e4ten, die nicht unbedingt in gro\u00dfer H\u00f6he stattfinden.<br \/>\nZudem verf\u00fcgt dieses Kleidungsst\u00fcck \u00fcber die 3D-Version des Gewebes mit dreidimensionaler Struktur, die die Atmungsaktivit\u00e4t verbessert.<\/p>\n<p>\u2022 Hergestellt aus technischem HP 3D-Gewebe<br \/>\n\u2022 Durchgehender Frontrei\u00dfverschluss<br \/>\n\u2022 Handtaschen mit Sicherheitsrei\u00dfverschluss<br \/>\n\u2022 Kapuze mit elastischem Rand<\/p>\n<p>GEWICHT: 351 g<\/p>\n","protected":false},"excerpt":{"rendered":"<p>L\u00e4ssiger Pullover mit v\u00f6llig neuem Stil und Farbmix. Hergestellt aus dem technischen HP-Gewebe, das in Bergbekleidung verwendet wird, aber dieser<\/p>\n","protected":false},"featured_media":404321,"template":"","meta":{"_seopress_robots_primary_cat":"none","_seopress_titles_title":"","_seopress_titles_desc":"","_seopress_robots_index":""},"product_brand":[3413],"product_cat":[21,189,190],"product_tag":[],"class_list":{"0":"post-480266","1":"product","2":"type-product","3":"status-publish","4":"has-post-thumbnail","6":"product_brand-crazy","7":"product_cat-abbigliamento","8":"product_cat-abbigliamento-per-il-tempo-libero","9":"product_cat-abbigliamento-da-uomo","10":"sws-gruppo-abb-libero-de","11":"sws-conto-ricavi-merci-rivendita-abbigliamento-de","12":"sws-gruppo-iva-iva81-de","14":"first","15":"instock","16":"sale","17":"shipping-taxable","18":"purchasable","19":"product-type-variable","20":"has-default-attributes"},"_links":{"self":[{"href":"https:\/\/lucacastelli.com\/de\/wp-json\/wp\/v2\/product\/480266","targetHints":{"allow":["GET"]}}],"collection":[{"href":"https:\/\/lucacastelli.com\/de\/wp-json\/wp\/v2\/product"}],"about":[{"href":"https:\/\/lucacastelli.com\/de\/wp-json\/wp\/v2\/types\/product"}],"wp:featuredmedia":[{"embeddable":true,"href":"https:\/\/lucacastelli.com\/de\/wp-json\/wp\/v2\/media\/404321"}],"wp:attachment":[{"href":"https:\/\/lucacastelli.com\/de\/wp-json\/wp\/v2\/media?parent=480266"}],"wp:term":[{"taxonomy":"product_brand","embeddable":true,"href":"https:\/\/lucacastelli.com\/de\/wp-json\/wp\/v2\/product_brand?post=480266"},{"taxonomy":"product_cat","embeddable":true,"href":"https:\/\/lucacastelli.com\/de\/wp-json\/wp\/v2\/product_cat?post=480266"},{"taxonomy":"product_tag","embeddable":true,"href":"https:\/\/lucacastelli.com\/de\/wp-json\/wp\/v2\/product_tag?post=480266"}],"curies":[{"name":"wp","href":"https:\/\/api.w.org\/{rel}","templated":true}]}}