{"id":480251,"date":"2025-04-07T16:53:00","date_gmt":"2025-04-07T16:53:00","guid":{"rendered":"https:\/\/lucacastelli.com\/prodotto\/crazy-pegasus\/"},"modified":"2026-04-17T23:15:06","modified_gmt":"2026-04-17T21:15:06","slug":"crazy-pegasus","status":"publish","type":"product","link":"https:\/\/lucacastelli.com\/de\/produkt\/crazy-pegasus\/","title":{"rendered":"CRAZY PULL PEGASUS"},"content":{"rendered":"<p>Eine neue Erg\u00e4nzung unserer Winterkollektion, der Pull Pegasus ist eine unverzichtbare Zwischenschicht mit Activewear-Charakter und aggressivem, minimalistischem Look, perfekt sowohl f\u00fcr Bergaktivit\u00e4ten als auch f\u00fcr den t\u00e4glichen Gebrauch.<br \/>\nSein modernes, klares Erscheinungsbild wird durch das Endurance-Gewebe in Kombination mit Vuelta und der revolution\u00e4ren Acrofuse-Technologie vervollst\u00e4ndigt: eine innovative Verklebungstechnik, bei der N\u00e4hte durch Mikro-Verbindungen ersetzt werden, die die Stoffe ohne B\u00e4nder verbinden.<br \/>\nDank der Acrofuse-Technologie ist das Kleidungsst\u00fcck leicht und weist ein au\u00dfergew\u00f6hnlich klares und technisches Erscheinungsbild auf.<\/p>\n<p>\u2022 Acrofuse-Technologie<br \/>\n\u2022 Kapuze mit elastischem Rand<br \/>\n\u2022 Durchgehend teilbarer Frontrei\u00dfverschluss<br \/>\n\u2022 Elastischer Saum<br \/>\n\u2022 Lasergeschnittene Seitentaschen mit verklebtem Rei\u00dfverschluss mit Doppelschieber<br \/>\n\u2022 Verklebtes Daumenloch<br \/>\n\u2022 Reflektierende Logos<br \/>\n\u2022 Kontrastn\u00e4hte<br \/>\n\u2022 Lasergeschnittene \u00d6ffnungen unter dem Arm und in der R\u00fcckenmitte<\/p>\n<p>GEWICHT: 390 g<\/p>\n","protected":false},"excerpt":{"rendered":"<p>Eine neue Erg\u00e4nzung unserer Winterkollektion, der Pull Pegasus ist eine unverzichtbare Zwischenschicht mit Activewear-Charakter und aggressivem, minimalistischem Look, perfekt sowohl<\/p>\n","protected":false},"featured_media":404315,"template":"","meta":{"_seopress_robots_primary_cat":"none","_seopress_titles_title":"","_seopress_titles_desc":"","_seopress_robots_index":""},"product_brand":[3614],"product_cat":[974,975,82],"product_tag":[],"class_list":{"0":"post-480251","1":"product","2":"type-product","3":"status-publish","4":"has-post-thumbnail","6":"product_brand-crazy-de","7":"product_cat-freizeitkleidung","8":"product_cat-herrenbekleidung","9":"product_cat-kleidung","10":"sws-gruppo-abb-libero-de","11":"sws-conto-ricavi-merci-rivendita-abbigliamento-de","12":"sws-gruppo-iva-iva81-de","14":"first","15":"instock","16":"sale","17":"shipping-taxable","18":"purchasable","19":"product-type-variable"},"_links":{"self":[{"href":"https:\/\/lucacastelli.com\/de\/wp-json\/wp\/v2\/product\/480251","targetHints":{"allow":["GET"]}}],"collection":[{"href":"https:\/\/lucacastelli.com\/de\/wp-json\/wp\/v2\/product"}],"about":[{"href":"https:\/\/lucacastelli.com\/de\/wp-json\/wp\/v2\/types\/product"}],"wp:featuredmedia":[{"embeddable":true,"href":"https:\/\/lucacastelli.com\/de\/wp-json\/wp\/v2\/media\/404315"}],"wp:attachment":[{"href":"https:\/\/lucacastelli.com\/de\/wp-json\/wp\/v2\/media?parent=480251"}],"wp:term":[{"taxonomy":"product_brand","embeddable":true,"href":"https:\/\/lucacastelli.com\/de\/wp-json\/wp\/v2\/product_brand?post=480251"},{"taxonomy":"product_cat","embeddable":true,"href":"https:\/\/lucacastelli.com\/de\/wp-json\/wp\/v2\/product_cat?post=480251"},{"taxonomy":"product_tag","embeddable":true,"href":"https:\/\/lucacastelli.com\/de\/wp-json\/wp\/v2\/product_tag?post=480251"}],"curies":[{"name":"wp","href":"https:\/\/api.w.org\/{rel}","templated":true}]}}