{"id":480247,"date":"2025-09-24T16:25:00","date_gmt":"2025-09-24T14:25:00","guid":{"rendered":"https:\/\/lucacastelli.com\/prodotto\/crazy-zenith-ziehen\/"},"modified":"2026-04-15T00:01:32","modified_gmt":"2026-04-14T22:01:32","slug":"crazy-zenith-ziehen","status":"publish","type":"product","link":"https:\/\/lucacastelli.com\/de\/produkt\/crazy-zenith-ziehen\/","title":{"rendered":"CRAZY ZENITH ZIEHEN"},"content":{"rendered":"<p>Neues Design f\u00fcr den Pull Zenith, unser Hybrid-Kleidungsst\u00fcck aus weichem und warmem Fleece, ideal f\u00fcr k\u00e4ltere Tage und Aktivit\u00e4ten mit geringer Intensit\u00e4t, aber auch perfekt geeignet, um W\u00e4rme und maximalen Komfort in der Freizeit zu bieten.<br \/>\nDas verwendete Fleece ist das Fluffy Warm, das von Crazy perfektionierte Gewebe, um die maximale Weichheit auf dem Markt zu bieten!<\/p>\n<p>Der technische Charakter des Pulls wird durch die Eins\u00e4tze an den Seiten und \u00c4rmeln unterstrichen, die aus High-Performance-Gewebe gefertigt sind, das atmungsaktiver und elastischer ist.<\/p>\n<p>\u2022 Frontaler Trennrei\u00dfverschluss<br \/>\n\u2022 Eingrifftaschen mit Rei\u00dfverschluss<br \/>\n\u2022 Brusttasche mit geklebtem Rei\u00dfverschluss<br \/>\n\u2022 Daumenloch<br \/>\n\u2022 Flache Kontrastn\u00e4hte<\/p>\n<p>GEWICHT: 458 gr<\/p>\n","protected":false},"excerpt":{"rendered":"<p>Neues Design f\u00fcr den Pull Zenith, unser Hybrid-Kleidungsst\u00fcck aus weichem und warmem Fleece, ideal f\u00fcr k\u00e4ltere Tage und Aktivit\u00e4ten mit<\/p>\n","protected":false},"featured_media":632462,"template":"","meta":{"_seopress_robots_primary_cat":"none","_seopress_titles_title":"","_seopress_titles_desc":"","_seopress_robots_index":""},"product_brand":[3413],"product_cat":[21,189,190],"product_tag":[],"class_list":{"0":"post-480247","1":"product","2":"type-product","3":"status-publish","4":"has-post-thumbnail","6":"product_brand-crazy","7":"product_cat-abbigliamento","8":"product_cat-abbigliamento-per-il-tempo-libero","9":"product_cat-abbigliamento-da-uomo","10":"sws-gruppo-abb-libero-de","11":"sws-conto-ricavi-merci-rivendita-abbigliamento-de","12":"sws-gruppo-iva-iva81-de","14":"first","15":"instock","16":"sale","17":"shipping-taxable","18":"purchasable","19":"product-type-variable","20":"has-default-attributes"},"_links":{"self":[{"href":"https:\/\/lucacastelli.com\/de\/wp-json\/wp\/v2\/product\/480247","targetHints":{"allow":["GET"]}}],"collection":[{"href":"https:\/\/lucacastelli.com\/de\/wp-json\/wp\/v2\/product"}],"about":[{"href":"https:\/\/lucacastelli.com\/de\/wp-json\/wp\/v2\/types\/product"}],"wp:featuredmedia":[{"embeddable":true,"href":"https:\/\/lucacastelli.com\/de\/wp-json\/wp\/v2\/media\/632462"}],"wp:attachment":[{"href":"https:\/\/lucacastelli.com\/de\/wp-json\/wp\/v2\/media?parent=480247"}],"wp:term":[{"taxonomy":"product_brand","embeddable":true,"href":"https:\/\/lucacastelli.com\/de\/wp-json\/wp\/v2\/product_brand?post=480247"},{"taxonomy":"product_cat","embeddable":true,"href":"https:\/\/lucacastelli.com\/de\/wp-json\/wp\/v2\/product_cat?post=480247"},{"taxonomy":"product_tag","embeddable":true,"href":"https:\/\/lucacastelli.com\/de\/wp-json\/wp\/v2\/product_tag?post=480247"}],"curies":[{"name":"wp","href":"https:\/\/api.w.org\/{rel}","templated":true}]}}