{"id":480232,"date":"2025-04-07T16:53:00","date_gmt":"2025-04-07T14:53:00","guid":{"rendered":"https:\/\/lucacastelli.com\/prodotto\/crazy-zug-beschleunigung\/"},"modified":"2026-04-15T00:01:37","modified_gmt":"2026-04-14T22:01:37","slug":"crazy-zug-beschleunigung","status":"publish","type":"product","link":"https:\/\/lucacastelli.com\/de\/produkt\/crazy-zug-beschleunigung\/","title":{"rendered":"CRAZY ZUG-BESCHLEUNIGUNG"},"content":{"rendered":"<p>Unser Acceleration Top ist ein Schl\u00fcsselst\u00fcck der gleichnamigen Produktfamilie, einer leistungsorientierten Linie, die die pure Essenz unseres &#8220;Fast &amp; Light&#8221;-Mantras darstellt und direkt aus der Welt des Rennsports stammt.<br \/>\nDieser Midlayer besteht aus<br \/>\nVuelta, dem weichen und atmungsaktiven Fleece made in Italy, und ist perfekt f\u00fcr Skitouren ausgestattet, mit Funktionen wie zwei gro\u00dfen Brusttaschen mit Rei\u00dfverschluss und Hauttaschen, zwei innen und eine au\u00dfen.<\/p>\n<p>\u2022 Gro\u00dfe Brusttaschen mit<br \/>\n Rei\u00dfverschluss\u2022 Eine Au\u00dfen- und zwei Innentaschen<br \/>\n aus Leder\u2022 EASY LOCK-Transceiver-Tasche<br \/>\n\u2022 Elastische<br \/>\n \u00c4rmelb\u00fcndchen\u2022 Elastisches Band an der Unterseite<br \/>\n\u2022 Reflektierende Logos<br \/>\n\u2022 Flachn\u00e4hte in Kontrastfarbe<\/p>\n<p>GEWICHT: 392 gr<\/p>\n","protected":false},"excerpt":{"rendered":"<p>Unser Acceleration Top ist ein Schl\u00fcsselst\u00fcck der gleichnamigen Produktfamilie, einer leistungsorientierten Linie, die die pure Essenz unseres &#8220;Fast &amp; Light&#8221;-Mantras<\/p>\n","protected":false},"featured_media":404238,"template":"","meta":{"_seopress_robots_primary_cat":"","_seopress_titles_title":"","_seopress_titles_desc":"","_seopress_robots_index":""},"product_brand":[3614],"product_cat":[82,974,975],"product_tag":[],"class_list":{"0":"post-480232","1":"product","2":"type-product","3":"status-publish","4":"has-post-thumbnail","6":"product_brand-crazy-de","7":"product_cat-kleidung","8":"product_cat-freizeitkleidung","9":"product_cat-herrenbekleidung","10":"sws-gruppo-abb-libero-de","11":"sws-conto-ricavi-merci-rivendita-abbigliamento-de","12":"sws-gruppo-iva-iva81-de","14":"first","15":"instock","16":"sale","17":"shipping-taxable","18":"purchasable","19":"product-type-variable"},"_links":{"self":[{"href":"https:\/\/lucacastelli.com\/de\/wp-json\/wp\/v2\/product\/480232","targetHints":{"allow":["GET"]}}],"collection":[{"href":"https:\/\/lucacastelli.com\/de\/wp-json\/wp\/v2\/product"}],"about":[{"href":"https:\/\/lucacastelli.com\/de\/wp-json\/wp\/v2\/types\/product"}],"wp:featuredmedia":[{"embeddable":true,"href":"https:\/\/lucacastelli.com\/de\/wp-json\/wp\/v2\/media\/404238"}],"wp:attachment":[{"href":"https:\/\/lucacastelli.com\/de\/wp-json\/wp\/v2\/media?parent=480232"}],"wp:term":[{"taxonomy":"product_brand","embeddable":true,"href":"https:\/\/lucacastelli.com\/de\/wp-json\/wp\/v2\/product_brand?post=480232"},{"taxonomy":"product_cat","embeddable":true,"href":"https:\/\/lucacastelli.com\/de\/wp-json\/wp\/v2\/product_cat?post=480232"},{"taxonomy":"product_tag","embeddable":true,"href":"https:\/\/lucacastelli.com\/de\/wp-json\/wp\/v2\/product_tag?post=480232"}],"curies":[{"name":"wp","href":"https:\/\/api.w.org\/{rel}","templated":true}]}}