{"id":480217,"date":"2025-04-07T16:53:00","date_gmt":"2025-04-07T16:53:00","guid":{"rendered":"https:\/\/lucacastelli.com\/prodotto\/crazy-top-sirio-2\/"},"modified":"2026-04-16T01:02:13","modified_gmt":"2026-04-15T23:02:13","slug":"crazy-top-sirio-2","status":"publish","type":"product","link":"https:\/\/lucacastelli.com\/de\/produkt\/crazy-top-sirio-2\/","title":{"rendered":"CRAZY TOP SIRIO"},"content":{"rendered":"<p>Unser technischstes Top, dieses Jahr komplett neu gestaltet in einem j\u00fcngeren und modischeren Stil.<br \/>\nMehr als ein Tank-Top ist das Top Sirio ein technisches \u00e4rmelloses T-Shirt: Die breiten<br \/>\nTr\u00e4ger erm\u00f6glichen das Tragen eines Rucksacks, der flache Ausschnitt ist typisch f\u00fcr technischere Kleidungsst\u00fccke.<br \/>\nFrisch und elastisch, wird es durch die Kombination zweier extrem leichter Stoffe hergestellt: Think 44 Mesh in den bedruckten Paneelen und Coolwave in den Seitenpaneelen.<\/p>\n<p>\u2022 Breiter Tr\u00e4ger<br \/>\n\u2022 Allover-Prints<br \/>\n\u2022 Sch\u00fctzende Halseinfassung<br \/>\n\u2022 Reflektierende Logos<\/p>\n","protected":false},"excerpt":{"rendered":"<p>Unser technischstes Top, dieses Jahr komplett neu gestaltet in einem j\u00fcngeren und modischeren Stil. Mehr als ein Tank-Top ist das<\/p>\n","protected":false},"featured_media":644720,"template":"","meta":{"_seopress_robots_primary_cat":"none","_seopress_titles_title":"","_seopress_titles_desc":"","_seopress_robots_index":""},"product_brand":[3614],"product_cat":[1388,974,82],"product_tag":[],"class_list":{"0":"post-480217","1":"product","2":"type-product","3":"status-publish","4":"has-post-thumbnail","6":"product_brand-crazy-de","7":"product_cat-damenbekleidung","8":"product_cat-freizeitkleidung","9":"product_cat-kleidung","10":"sws-gruppo-abb-libero-de","11":"sws-conto-ricavi-merci-rivendita-abbigliamento-de","12":"sws-gruppo-iva-iva81-de","14":"first","15":"instock","16":"sale","17":"shipping-taxable","18":"purchasable","19":"product-type-variable"},"_links":{"self":[{"href":"https:\/\/lucacastelli.com\/de\/wp-json\/wp\/v2\/product\/480217","targetHints":{"allow":["GET"]}}],"collection":[{"href":"https:\/\/lucacastelli.com\/de\/wp-json\/wp\/v2\/product"}],"about":[{"href":"https:\/\/lucacastelli.com\/de\/wp-json\/wp\/v2\/types\/product"}],"wp:featuredmedia":[{"embeddable":true,"href":"https:\/\/lucacastelli.com\/de\/wp-json\/wp\/v2\/media\/644720"}],"wp:attachment":[{"href":"https:\/\/lucacastelli.com\/de\/wp-json\/wp\/v2\/media?parent=480217"}],"wp:term":[{"taxonomy":"product_brand","embeddable":true,"href":"https:\/\/lucacastelli.com\/de\/wp-json\/wp\/v2\/product_brand?post=480217"},{"taxonomy":"product_cat","embeddable":true,"href":"https:\/\/lucacastelli.com\/de\/wp-json\/wp\/v2\/product_cat?post=480217"},{"taxonomy":"product_tag","embeddable":true,"href":"https:\/\/lucacastelli.com\/de\/wp-json\/wp\/v2\/product_tag?post=480217"}],"curies":[{"name":"wp","href":"https:\/\/api.w.org\/{rel}","templated":true}]}}