{"id":480200,"date":"2025-04-07T17:06:00","date_gmt":"2025-04-07T15:06:00","guid":{"rendered":"https:\/\/lucacastelli.com\/prodotto\/crazy-kleid-kimera\/"},"modified":"2026-03-01T00:26:03","modified_gmt":"2026-02-28T23:26:03","slug":"crazy-kleid-kimera","status":"publish","type":"product","link":"https:\/\/lucacastelli.com\/de\/produkt\/crazy-kleid-kimera\/","title":{"rendered":"CRAZY KLEID KIMERA"},"content":{"rendered":"<p>Unser Kimera Kleid ist das Sinnbild f\u00fcr Weiblichkeit und Vielseitigkeit: Ob am Strand oder im Gr\u00fcnen, es ist Ihr Verb\u00fcndeter an hei\u00dfen Tagen!<br \/>\nDer Rock besteht aus frischer, leichter und atmungsaktiver Mikrofaser, die mit Rapiddry behandelt wurde. \u2022 D\u00fcnne und elastische Tr\u00e4ger <\/p>\n<p>\u2022 Integrierter BH mit herausnehmbaren<br \/>\n K\u00f6rbchen<br \/>\n\u2022 Exklusive Schulterprints, extrem leicht und elastisch, unterst\u00fctzen einen integrierten BH mit herausnehmbaren K\u00f6rbchen.<\/p>\n<p>&nbsp;<\/p>\n<p>Gewicht: 121 gr.<\/p>\n","protected":false},"excerpt":{"rendered":"<p>Unser Kimera Kleid ist das Sinnbild f\u00fcr Weiblichkeit und Vielseitigkeit: Ob am Strand oder im Gr\u00fcnen, es ist Ihr Verb\u00fcndeter<\/p>\n","protected":false},"featured_media":403665,"template":"","meta":{"_seopress_robots_primary_cat":"","_seopress_titles_title":"","_seopress_titles_desc":"","_seopress_robots_index":""},"product_brand":[3413],"product_cat":[21,189,200],"product_tag":[],"class_list":{"0":"post-480200","1":"product","2":"type-product","3":"status-publish","4":"has-post-thumbnail","6":"product_brand-crazy","7":"product_cat-abbigliamento","8":"product_cat-abbigliamento-per-il-tempo-libero","9":"product_cat-abbigliamento-da-donna","10":"sws-gruppo-abb-libero-de","11":"sws-conto-ricavi-merci-rivendita-abbigliamento-de","12":"sws-gruppo-iva-iva81-de","14":"first","15":"instock","16":"shipping-taxable","17":"purchasable","18":"product-type-variable"},"_links":{"self":[{"href":"https:\/\/lucacastelli.com\/de\/wp-json\/wp\/v2\/product\/480200","targetHints":{"allow":["GET"]}}],"collection":[{"href":"https:\/\/lucacastelli.com\/de\/wp-json\/wp\/v2\/product"}],"about":[{"href":"https:\/\/lucacastelli.com\/de\/wp-json\/wp\/v2\/types\/product"}],"wp:featuredmedia":[{"embeddable":true,"href":"https:\/\/lucacastelli.com\/de\/wp-json\/wp\/v2\/media\/403665"}],"wp:attachment":[{"href":"https:\/\/lucacastelli.com\/de\/wp-json\/wp\/v2\/media?parent=480200"}],"wp:term":[{"taxonomy":"product_brand","embeddable":true,"href":"https:\/\/lucacastelli.com\/de\/wp-json\/wp\/v2\/product_brand?post=480200"},{"taxonomy":"product_cat","embeddable":true,"href":"https:\/\/lucacastelli.com\/de\/wp-json\/wp\/v2\/product_cat?post=480200"},{"taxonomy":"product_tag","embeddable":true,"href":"https:\/\/lucacastelli.com\/de\/wp-json\/wp\/v2\/product_tag?post=480200"}],"curies":[{"name":"wp","href":"https:\/\/api.w.org\/{rel}","templated":true}]}}