{"id":480156,"date":"2025-04-07T17:06:00","date_gmt":"2025-04-07T17:06:00","guid":{"rendered":"https:\/\/lucacastelli.com\/prodotto\/crazy-longsleeve-shot-dame\/"},"modified":"2026-04-16T01:23:54","modified_gmt":"2026-04-15T23:23:54","slug":"crazy-longsleeve-shot-dame","status":"publish","type":"product","link":"https:\/\/lucacastelli.com\/de\/produkt\/crazy-longsleeve-shot-dame\/","title":{"rendered":"CRAZY LONGSLEEVE SHOT DAME"},"content":{"rendered":"<p>Das erste Langarm-T-Shirt unserer Kollektion ist dank der Kombination aus der Frische des Stretch Series Gewebes und dem erh\u00f6hten Schutz durch den langen \u00c4rmel ein perfektes Produkt f\u00fcr Trekking.<br \/>\nDas Stretch Series Gewebe, unglaublich leicht und elastisch, erh\u00f6ht die Bewegungsfreiheit und den Komfort.<\/p>\n<p>\u2022 Kontrastn\u00e4hte<br \/>\n\u2022 Reflektierende Logos<br \/>\n\u2022 Rundhalsausschnitt<\/p>\n","protected":false},"excerpt":{"rendered":"<p>Das erste Langarm-T-Shirt unserer Kollektion ist dank der Kombination aus der Frische des Stretch Series Gewebes und dem erh\u00f6hten Schutz<\/p>\n","protected":false},"featured_media":403618,"template":"","meta":{"_seopress_robots_primary_cat":"none","_seopress_titles_title":"","_seopress_titles_desc":"","_seopress_robots_index":""},"product_brand":[3614],"product_cat":[1388,974,82],"product_tag":[],"class_list":{"0":"post-480156","1":"product","2":"type-product","3":"status-publish","4":"has-post-thumbnail","6":"product_brand-crazy-de","7":"product_cat-damenbekleidung","8":"product_cat-freizeitkleidung","9":"product_cat-kleidung","10":"sws-gruppo-abb-libero-de","11":"sws-conto-ricavi-merci-rivendita-abbigliamento-de","12":"sws-gruppo-iva-iva81-de","14":"first","15":"instock","16":"sale","17":"shipping-taxable","18":"purchasable","19":"product-type-variable"},"_links":{"self":[{"href":"https:\/\/lucacastelli.com\/de\/wp-json\/wp\/v2\/product\/480156","targetHints":{"allow":["GET"]}}],"collection":[{"href":"https:\/\/lucacastelli.com\/de\/wp-json\/wp\/v2\/product"}],"about":[{"href":"https:\/\/lucacastelli.com\/de\/wp-json\/wp\/v2\/types\/product"}],"wp:featuredmedia":[{"embeddable":true,"href":"https:\/\/lucacastelli.com\/de\/wp-json\/wp\/v2\/media\/403618"}],"wp:attachment":[{"href":"https:\/\/lucacastelli.com\/de\/wp-json\/wp\/v2\/media?parent=480156"}],"wp:term":[{"taxonomy":"product_brand","embeddable":true,"href":"https:\/\/lucacastelli.com\/de\/wp-json\/wp\/v2\/product_brand?post=480156"},{"taxonomy":"product_cat","embeddable":true,"href":"https:\/\/lucacastelli.com\/de\/wp-json\/wp\/v2\/product_cat?post=480156"},{"taxonomy":"product_tag","embeddable":true,"href":"https:\/\/lucacastelli.com\/de\/wp-json\/wp\/v2\/product_tag?post=480156"}],"curies":[{"name":"wp","href":"https:\/\/api.w.org\/{rel}","templated":true}]}}