{"id":480142,"date":"2025-04-07T17:06:00","date_gmt":"2025-04-07T17:06:00","guid":{"rendered":"https:\/\/lucacastelli.com\/prodotto\/crazy-sauerstofflicht-ziehen\/"},"modified":"2026-04-16T01:24:14","modified_gmt":"2026-04-15T23:24:14","slug":"crazy-sauerstofflicht-ziehen","status":"publish","type":"product","link":"https:\/\/lucacastelli.com\/de\/produkt\/crazy-sauerstofflicht-ziehen\/","title":{"rendered":"CRAZY PULL OXYGEN LIGHT"},"content":{"rendered":"<p>Das technische Pullover schlechthin, entwickelt f\u00fcr hochintensive Aktivit\u00e4ten. Geh\u00f6rt zur Oxygen-Familie, der leichtesten und schnellsten unserer Damen-Sommerkollektion!<br \/>\nTechnische Eigenschaften vereinen sich mit farbenfrohem und modischem Stil.<br \/>\nIdeal f\u00fcr intensive Aktivit\u00e4ten macht es das Stretch Series Gewebe, das an den Seiten und im unteren Bereich in Kombination mit Mikrofaser verwendet wird.<br \/>\nDieses Hochleistungsgewebe verbessert die Thermoregulationseigenschaften des Produkts deutlich.<br \/>\nDa es sich um ein technisches Kleidungsst\u00fcck f\u00fcr den Alpinismus handelt, wurde auch in der Sommerversion eine LVS-Tasche integriert. <\/p>\n<p>&nbsp;<\/p>\n<p>Lasergeschnittene Handtaschen mit geklebtem Rei\u00dfverschluss<br \/>\n\u2022 Innenliegende LVS-Tasche<br \/>\n\u2022 Exklusive Prints<br \/>\n\u2022 Daumenschlaufe<br \/>\n\u2022 Reflektierender Au\u00dfenprint<br \/>\n\u2022 Reflektierende Logos<br \/>\n\u2022 Flachn\u00e4hte in Kontrastfarbe<br \/>\n\u2022 Ergonomische Kapuze mit Zopfausgang<\/p>\n<p>&nbsp;<\/p>\n<p>&nbsp;<\/p>\n<p>Gewicht: 288 g<\/p>\n","protected":false},"excerpt":{"rendered":"<p>Das technische Pullover schlechthin, entwickelt f\u00fcr hochintensive Aktivit\u00e4ten. Geh\u00f6rt zur Oxygen-Familie, der leichtesten und schnellsten unserer Damen-Sommerkollektion! Technische Eigenschaften vereinen<\/p>\n","protected":false},"featured_media":403630,"template":"","meta":{"_seopress_robots_primary_cat":"none","_seopress_titles_title":"","_seopress_titles_desc":"","_seopress_robots_index":""},"product_brand":[3614],"product_cat":[1388,974,82],"product_tag":[],"class_list":{"0":"post-480142","1":"product","2":"type-product","3":"status-publish","4":"has-post-thumbnail","6":"product_brand-crazy-de","7":"product_cat-damenbekleidung","8":"product_cat-freizeitkleidung","9":"product_cat-kleidung","10":"sws-gruppo-abb-libero-de","11":"sws-conto-ricavi-merci-rivendita-abbigliamento-de","12":"sws-gruppo-iva-iva81-de","14":"first","15":"instock","16":"sale","17":"shipping-taxable","18":"purchasable","19":"product-type-variable"},"_links":{"self":[{"href":"https:\/\/lucacastelli.com\/de\/wp-json\/wp\/v2\/product\/480142","targetHints":{"allow":["GET"]}}],"collection":[{"href":"https:\/\/lucacastelli.com\/de\/wp-json\/wp\/v2\/product"}],"about":[{"href":"https:\/\/lucacastelli.com\/de\/wp-json\/wp\/v2\/types\/product"}],"wp:featuredmedia":[{"embeddable":true,"href":"https:\/\/lucacastelli.com\/de\/wp-json\/wp\/v2\/media\/403630"}],"wp:attachment":[{"href":"https:\/\/lucacastelli.com\/de\/wp-json\/wp\/v2\/media?parent=480142"}],"wp:term":[{"taxonomy":"product_brand","embeddable":true,"href":"https:\/\/lucacastelli.com\/de\/wp-json\/wp\/v2\/product_brand?post=480142"},{"taxonomy":"product_cat","embeddable":true,"href":"https:\/\/lucacastelli.com\/de\/wp-json\/wp\/v2\/product_cat?post=480142"},{"taxonomy":"product_tag","embeddable":true,"href":"https:\/\/lucacastelli.com\/de\/wp-json\/wp\/v2\/product_tag?post=480142"}],"curies":[{"name":"wp","href":"https:\/\/api.w.org\/{rel}","templated":true}]}}