{"id":480128,"date":"2025-04-07T17:06:00","date_gmt":"2025-04-07T17:06:00","guid":{"rendered":"https:\/\/lucacastelli.com\/prodotto\/crazy-skirt-hidrogen\/"},"modified":"2026-04-16T01:23:56","modified_gmt":"2026-04-15T23:23:56","slug":"crazy-skirt-hidrogen","status":"publish","type":"product","link":"https:\/\/lucacastelli.com\/de\/produkt\/crazy-skirt-hidrogen\/","title":{"rendered":"CRAZY SKiRT HIDROGEN"},"content":{"rendered":"<p>Der Skirt Hidrogen ist der perfekte Skirt f\u00fcr Aktivit\u00e4ten in den Bergen und zeigt, wie ein scheinbar modisches Kleidungsst\u00fcck eine technische Seele verbergen kann. Die integrierte Innenhose besteht aus italienischem Revolutional Slim-Gewebe, extrem weich und elastisch, bekannt f\u00fcr seine Mikromassage-Eigenschaften, die die Blutzirkulation verbessern. Das Au\u00dfengewebe ist frisch, bielastisch und garantiert maximale Performance bei intensiven Aktivit\u00e4ten.  <\/p>\n<p>&nbsp;<\/p>\n<p>Integrierte R\u00fcckentasche im Bund<br \/>\n\u2022 Exklusive Prints<br \/>\n\u2022 Elastischer Bund<\/p>\n","protected":false},"excerpt":{"rendered":"<p>Der Skirt Hidrogen ist der perfekte Skirt f\u00fcr Aktivit\u00e4ten in den Bergen und zeigt, wie ein scheinbar modisches Kleidungsst\u00fcck eine<\/p>\n","protected":false},"featured_media":403578,"template":"","meta":{"_seopress_robots_primary_cat":"","_seopress_titles_title":"","_seopress_titles_desc":"","_seopress_robots_index":""},"product_brand":[3614],"product_cat":[82,974,1388],"product_tag":[],"class_list":{"0":"post-480128","1":"product","2":"type-product","3":"status-publish","4":"has-post-thumbnail","6":"product_brand-crazy-de","7":"product_cat-kleidung","8":"product_cat-freizeitkleidung","9":"product_cat-damenbekleidung","10":"sws-gruppo-abb-libero-de","11":"sws-conto-ricavi-merci-rivendita-abbigliamento-de","12":"sws-gruppo-iva-iva81-de","14":"first","15":"instock","16":"sale","17":"shipping-taxable","18":"purchasable","19":"product-type-variable"},"_links":{"self":[{"href":"https:\/\/lucacastelli.com\/de\/wp-json\/wp\/v2\/product\/480128","targetHints":{"allow":["GET"]}}],"collection":[{"href":"https:\/\/lucacastelli.com\/de\/wp-json\/wp\/v2\/product"}],"about":[{"href":"https:\/\/lucacastelli.com\/de\/wp-json\/wp\/v2\/types\/product"}],"wp:featuredmedia":[{"embeddable":true,"href":"https:\/\/lucacastelli.com\/de\/wp-json\/wp\/v2\/media\/403578"}],"wp:attachment":[{"href":"https:\/\/lucacastelli.com\/de\/wp-json\/wp\/v2\/media?parent=480128"}],"wp:term":[{"taxonomy":"product_brand","embeddable":true,"href":"https:\/\/lucacastelli.com\/de\/wp-json\/wp\/v2\/product_brand?post=480128"},{"taxonomy":"product_cat","embeddable":true,"href":"https:\/\/lucacastelli.com\/de\/wp-json\/wp\/v2\/product_cat?post=480128"},{"taxonomy":"product_tag","embeddable":true,"href":"https:\/\/lucacastelli.com\/de\/wp-json\/wp\/v2\/product_tag?post=480128"}],"curies":[{"name":"wp","href":"https:\/\/api.w.org\/{rel}","templated":true}]}}